{"id":2087,"date":"2017-03-10T09:16:26","date_gmt":"2017-03-10T08:16:26","guid":{"rendered":"https:\/\/test.twoeco.sk\/zachovane-ziviny-stopove-prvky-a-mineraly\/"},"modified":"2017-08-11T11:03:33","modified_gmt":"2017-08-11T09:03:33","slug":"zachovane-ziviny-stopove-prvky-a-mineraly","status":"publish","type":"page","link":"https:\/\/test.twoeco.sk\/tr\/zachovane-ziviny-stopove-prvky-a-mineraly\/","title":{"rendered":"Zachovan\u00e9 \u017eiviny, stopov\u00e9 prvky a miner\u00e1ly"},"content":{"rendered":"<div class=\"wpb-content-wrapper\"><p>[vc_row css=&#8221;.vc_custom_1489102263611{padding-top: 50px !important;}&#8221;][vc_column][vc_row_inner][vc_column_inner][lab_heading title=&#8221; Muhafaza edilen besinler, iz elementler ve mineraller&#8221; el_class=&#8221;title centered&#8221;]Sadece v\u00fccudunuz i\u00e7in en \u00f6nemli unsurlar\u0131 i\u00e7eren lezzetli suyu i\u00e7iniz[\/lab_heading][\/vc_column_inner][\/vc_row_inner][vc_row_inner][vc_column_inner width=&#8221;1\/2&#8243;][lab_heading title=&#8221; Muhafaza edilen besinler, iz elementler ve mineraller&#8221;][\/lab_heading][vc_column_text]<\/p>\n<ul>\n<li><strong>Su borular\u0131n\u0131zdaki suyun kalitesi ve i\u00e7eri\u011fini merak ediyormusunuz?\u00a0<\/strong><\/li>\n<li><strong>\u0130\u00e7me suyunuzun uygun olmayan veya gereksiz filtrelemesini istemiyormusunuz?\u00a0<\/strong><\/li>\n<li><strong>Kendiniz, hayvanlar ve bitkiler i\u00e7in kaliteli hidrasyon sorununuz mu var?<\/strong><\/li>\n<\/ul>\n<p style=\"display: inline !important;\">Hi\u00e7 birimizin dam\u0131t\u0131lm\u0131\u015f su i\u00e7memesi gerekti\u011fi konusunda hemfikir oldu\u011fumuzu d\u00fc\u015f\u00fcn\u00fcyoruz.<\/p>\n<p><strong>Su kalitesi bizde nas\u0131l?<\/strong> Ger\u00e7ekten ara s\u0131ra denildi\u011fi gibi toksik ve kirli mi? Biliyoruz ki ya\u015fam ortam\u0131 de\u011fi\u015fiyor ve baz\u0131 co\u011frafyalarda d\u00fc\u015f suyu bile toksik olabiliyor. Yani onu filtrelemek ka\u00e7\u0131n\u0131lmaz m\u0131?\u00a0Slovakya Cumhuriyetindeki su \u00e7o\u011funlukla yeralt\u0131 kaynaklar\u0131ndan (% 80 den fazla), % 20 den az i\u00e7me suyu ise yer \u00fcst\u00fc kaynaklar\u0131ndan. Onlar\u0131n parametreleri ve kalite talepleri \u00f6nceden belirlenmi\u015ftir, onlar izlenir ve sonu\u00e7lar\u0131 kamuya a\u00e7\u0131klan\u0131r. Yetersizlikler ve belirlenmi\u015f norm limitlerinin a\u015f\u0131lmas\u0131 minimum orandad\u0131r. Kirlenme durumunun bizde \u015fimdilik kabul edilebilir limitlerde oldu\u011fu s\u00f6ylenebilir.<\/p>\n<p>Ulusal temelde kaliteli i\u00e7me suyu talepleri Slovakya Cumhuriyeti h\u00fck\u00fcmetinin 354\/2006 numaral\u0131 kararnamesiyle kamu sa\u011fl\u0131\u011f\u0131n\u0131n korunmas\u0131, geli\u015fimi ve desteklenmesi ile alakal\u0131 355\/2007 numaral\u0131 kanun ve yine Slovakya Cumhuriyeti h\u00fck\u00fcmetinin 496\/2010 numaral\u0131 kararnamesiyle su kalitesinin ve kontrol\u00fcn\u00fcn gerekleri h\u00fck\u00fcmlerine g\u00f6re d\u00fczenlenmi\u015ftir. E\u011fer sizin bulundu\u011funuz co\u011frafyada ba\u015fka bir \u015fekilde belirtilmi\u015fse su iyonizat\u00f6r\u00fc \u0130onimax\u2019\u0131n filtrelerle kombine edilmesini tavsiye ederiz. \u0130onimax ve filtrelerin kurulumunu ambalaj\u0131n \u00fczerindeki metinde bulabilirsiniz.[\/vc_column_text][lab_heading title=&#8221;Suda eritilen mineral maddelerin i\u00e7eri\u011fi a\u00e7\u0131s\u0131ndan:&#8221;][\/lab_heading][vc_column_text]<\/p>\n<ul>\n<li><strong>Dam\u0131t\u0131lm\u0131\u015f<\/strong> \u2013 mineral maddelerden ar\u0131nd\u0131r\u0131lm\u0131\u015ft\u0131r<\/li>\n<li><strong>Yumu\u015fak<\/strong> \u2013 az mineral madde i\u00e7erir<\/li>\n<li><strong>Sert<\/strong> \u2013 yeralt\u0131 kaynaklar\u0131ndand\u0131r, daha fazla mineral madde i\u00e7erir<\/li>\n<\/ul>\n<p>[\/vc_column_text][\/vc_column_inner][vc_column_inner width=&#8221;1\/2&#8243; css=&#8221;.vc_custom_1489133636520{margin-top: 24px !important;}&#8221;][vc_column_text]<strong>Mineral maddeler do\u011fal olarak t\u00fcm organizmalar\u0131n ya\u015famas\u0131 i\u00e7in \u00f6nemlidir.<\/strong> \u0130nsanlarda sadece v\u00fccudun olu\u015fumunda ve onun de\u011fi\u015fik h\u00fccrelerinde pay\u0131 yoktur \u2013 ayn\u0131 zamanda organizmada \u00f6nemli metabolik s\u00fcre\u00e7lere de kat\u0131l\u0131rlar. T\u00fcm h\u00fccrelerin ve v\u00fccut s\u0131v\u0131lar\u0131n\u0131n s\u00fcrekli ve ayr\u0131lmaz bir par\u00e7as\u0131d\u0131rlar. Farkl\u0131 enzim sistemleri, hormon, vitamin ve de\u011fi\u015fik molek\u00fcl i\u00e7erikleri vard\u0131r.<\/p>\n<p><strong>Bitkisel mineral beslemeden<\/strong> anla\u015f\u0131lan mineral (anorganik) madde al\u0131m\u0131d\u0131r. Bitkisel mineral besleme kayna\u011f\u0131 toprakt\u0131r \u00a0(besleyici eriyik), su olan yerde ise sudur. Al\u0131m organ\u0131 k\u00f6kt\u00fcr. Bitkilerde \u015fimdiye kadar hemen hemen hepsini tan\u0131ml\u0131d\u0131r, ancak hepsi bitkiler i\u00e7in olmazsa olmaz de\u011fildir. Ya\u015famsal \u00f6neme sahip olanlar <strong>biyojenik unsurlar <\/strong>olarak adland\u0131r\u0131lm\u0131\u015ft\u0131rlar. Biyojenik unsurlar olmadan bitkiler normal olarak ya\u015fayamazlar ve ba\u015fka hi\u00e7 bir \u015fey bu unsurlar\u0131n yerini tutamaz.[\/vc_column_text][vc_single_image image=&#8221;893&#8243; img_size=&#8221;full&#8221; alignment=&#8221;center&#8221;][\/vc_column_inner][\/vc_row_inner][vc_row_inner][vc_column_inner][lab_heading title=&#8221;Evde su kullan\u0131m\u0131 i\u00e7in birbirine z\u0131t istekler? Sert ve yumu\u015fak?&#8221;][\/lab_heading][vc_column_text]\u0130nsan<strong> sa\u011fl\u0131\u011f\u0131 i\u00e7in<\/strong> do\u011fal olarak daha <strong>fazla mineral i\u00e7eren, yani sert<\/strong> su i\u00e7mek \u00f6nemlidir<strong>.<\/strong> Ancak ev i\u015flerinde kullan\u0131lan <strong>y\u0131kama ve temizleme vb. <\/strong>i\u00e7in olan suyun tam tersine <strong>daha yumu\u015fak olmas\u0131 talep edilir<\/strong>. Bu iki farkl\u0131 talep nas\u0131l ayn\u0131 anda kar\u015f\u0131lanabilir?<\/p>\n<p><strong>En iyi \u00e7\u00f6z\u00fcm borularda suyun kimyasal i\u00e7eri\u011fini de\u011fi\u015ftirmeyen, ancak fiziksel yap\u0131s\u0131n\u0131 de\u011fi\u015ftiren su iyonizat\u00f6r\u00fc olan ionimax kullanmakt\u0131r. Yani bu \u015fekilde yumu\u015fak su \u00f6zellikleri olan sert elde edebilirsiniz. <\/strong>Mineraller ve besleyici unsurlar suda muhafazal\u0131 kal\u0131r, hatta daha iyi sindirilmesi i\u00e7in iyonize olurlar, ayn\u0131 zamanda da <strong>borular\u0131n\u0131zda, cihazlar\u0131n\u0131zda, \u00e7ama\u015f\u0131rlarda ve daha \u00f6nce sorun yaratt\u0131klar\u0131 hi\u00e7 bir yerde kat\u0131la\u015f\u0131p, kristalize olam\u0131yorlar. <\/strong>Ayn\u0131 zamanda evinizde engel yaratmaz, esteti\u011fini bozmaz.[\/vc_column_text][\/vc_column_inner][\/vc_row_inner][\/vc_column][\/vc_row]<\/p>\n<\/div>","protected":false},"excerpt":{"rendered":"<p>[vc_row css=&#8221;.vc_custom_1489102263611{padding-top: 50px !important;}&#8221;][vc_column][vc_row_inner][vc_column_inner][lab_heading title=&#8221; Muhafaza edilen besinler, iz elementler ve mineraller&#8221; el_class=&#8221;title centered&#8221;]Sadece v\u00fccudunuz i\u00e7in en \u00f6nemli unsurlar\u0131 i\u00e7eren lezzetli suyu i\u00e7iniz[\/lab_heading][\/vc_column_inner][\/vc_row_inner][vc_row_inner][vc_column_inner width=&#8221;1\/2&#8243;][lab_heading title=&#8221; Muhafaza edilen besinler, iz elementler ve mineraller&#8221;][\/lab_heading][vc_column_text] Su borular\u0131n\u0131zdaki suyun kalitesi ve i\u00e7eri\u011fini merak ediyormusunuz?\u00a0 \u0130\u00e7me suyunuzun uygun olmayan veya gereksiz filtrelemesini istemiyormusunuz?\u00a0 Kendiniz, hayvanlar ve bitkiler i\u00e7in kaliteli hidrasyon&hellip;<\/p>\n","protected":false},"author":3,"featured_media":0,"parent":0,"menu_order":0,"comment_status":"closed","ping_status":"closed","template":"","meta":{"_acf_changed":false,"footnotes":""},"class_list":["post-2087","page","type-page","status-publish","hentry"],"acf":[],"yoast_head":"<!-- This site is optimized with the Yoast SEO plugin v23.6 - https:\/\/yoast.com\/wordpress\/plugins\/seo\/ -->\n<title>Zachovan\u00e9 \u017eiviny, stopov\u00e9 prvky a miner\u00e1ly - Two Eco<\/title>\n<meta name=\"robots\" content=\"index, follow, max-snippet:-1, max-image-preview:large, max-video-preview:-1\" \/>\n<link rel=\"canonical\" href=\"https:\/\/test.twoeco.sk\/tr\/zachovane-ziviny-stopove-prvky-a-mineraly\/\" \/>\n<meta property=\"og:locale\" content=\"tr_TR\" \/>\n<meta property=\"og:type\" content=\"article\" \/>\n<meta property=\"og:title\" content=\"Zachovan\u00e9 \u017eiviny, stopov\u00e9 prvky a miner\u00e1ly - Two Eco\" \/>\n<meta property=\"og:description\" content=\"[vc_row css=&#8221;.vc_custom_1489102263611{padding-top: 50px !important;}&#8221;][vc_column][vc_row_inner][vc_column_inner][lab_heading title=&#8221; Muhafaza edilen besinler, iz elementler ve mineraller&#8221; el_class=&#8221;title centered&#8221;]Sadece v\u00fccudunuz i\u00e7in en \u00f6nemli unsurlar\u0131 i\u00e7eren lezzetli suyu i\u00e7iniz[\/lab_heading][\/vc_column_inner][\/vc_row_inner][vc_row_inner][vc_column_inner width=&#8221;1\/2&#8243;][lab_heading title=&#8221; Muhafaza edilen besinler, iz elementler ve mineraller&#8221;][\/lab_heading][vc_column_text] Su borular\u0131n\u0131zdaki suyun kalitesi ve i\u00e7eri\u011fini merak ediyormusunuz?\u00a0 \u0130\u00e7me suyunuzun uygun olmayan veya gereksiz filtrelemesini istemiyormusunuz?\u00a0 Kendiniz, hayvanlar ve bitkiler i\u00e7in kaliteli hidrasyon&hellip;\" \/>\n<meta property=\"og:url\" content=\"https:\/\/test.twoeco.sk\/tr\/zachovane-ziviny-stopove-prvky-a-mineraly\/\" \/>\n<meta property=\"og:site_name\" content=\"Two Eco\" \/>\n<meta property=\"article:publisher\" content=\"https:\/\/www.facebook.com\/Ionimax-1357153714295887\/\" \/>\n<meta property=\"article:modified_time\" content=\"2017-08-11T09:03:33+00:00\" \/>\n<meta name=\"twitter:card\" content=\"summary_large_image\" \/>\n<meta name=\"twitter:label1\" content=\"Tahmini okuma s\u00fcresi\" \/>\n\t<meta name=\"twitter:data1\" content=\"4 dakika\" \/>\n<script type=\"application\/ld+json\" class=\"yoast-schema-graph\">{\"@context\":\"https:\/\/schema.org\",\"@graph\":[{\"@type\":\"WebPage\",\"@id\":\"https:\/\/test.twoeco.sk\/tr\/zachovane-ziviny-stopove-prvky-a-mineraly\/\",\"url\":\"https:\/\/test.twoeco.sk\/tr\/zachovane-ziviny-stopove-prvky-a-mineraly\/\",\"name\":\"Zachovan\u00e9 \u017eiviny, stopov\u00e9 prvky a miner\u00e1ly - Two Eco\",\"isPartOf\":{\"@id\":\"https:\/\/test.twoeco.sk\/#website\"},\"datePublished\":\"2017-03-10T08:16:26+00:00\",\"dateModified\":\"2017-08-11T09:03:33+00:00\",\"breadcrumb\":{\"@id\":\"https:\/\/test.twoeco.sk\/tr\/zachovane-ziviny-stopove-prvky-a-mineraly\/#breadcrumb\"},\"inLanguage\":\"tr\",\"potentialAction\":[{\"@type\":\"ReadAction\",\"target\":[\"https:\/\/test.twoeco.sk\/tr\/zachovane-ziviny-stopove-prvky-a-mineraly\/\"]}]},{\"@type\":\"BreadcrumbList\",\"@id\":\"https:\/\/test.twoeco.sk\/tr\/zachovane-ziviny-stopove-prvky-a-mineraly\/#breadcrumb\",\"itemListElement\":[{\"@type\":\"ListItem\",\"position\":1,\"name\":\"Home\",\"item\":\"https:\/\/test.twoeco.sk\/tr\/\"},{\"@type\":\"ListItem\",\"position\":2,\"name\":\"Zachovan\u00e9 \u017eiviny, stopov\u00e9 prvky a miner\u00e1ly\"}]},{\"@type\":\"WebSite\",\"@id\":\"https:\/\/test.twoeco.sk\/#website\",\"url\":\"https:\/\/test.twoeco.sk\/\",\"name\":\"Two Eco\",\"description\":\"Viac ako \u010dist\u00e1 voda\",\"publisher\":{\"@id\":\"https:\/\/test.twoeco.sk\/#organization\"},\"potentialAction\":[{\"@type\":\"SearchAction\",\"target\":{\"@type\":\"EntryPoint\",\"urlTemplate\":\"https:\/\/test.twoeco.sk\/?s={search_term_string}\"},\"query-input\":{\"@type\":\"PropertyValueSpecification\",\"valueRequired\":true,\"valueName\":\"search_term_string\"}}],\"inLanguage\":\"tr\"},{\"@type\":\"Organization\",\"@id\":\"https:\/\/test.twoeco.sk\/#organization\",\"name\":\"Two ECO, s.r.o.\",\"url\":\"https:\/\/test.twoeco.sk\/\",\"logo\":{\"@type\":\"ImageObject\",\"inLanguage\":\"tr\",\"@id\":\"https:\/\/test.twoeco.sk\/#\/schema\/logo\/image\/\",\"url\":\"https:\/\/test.twoeco.sk\/wp-content\/uploads\/2016\/05\/logo-two-eco-farba.png\",\"contentUrl\":\"https:\/\/test.twoeco.sk\/wp-content\/uploads\/2016\/05\/logo-two-eco-farba.png\",\"width\":318,\"height\":74,\"caption\":\"Two ECO, s.r.o.\"},\"image\":{\"@id\":\"https:\/\/test.twoeco.sk\/#\/schema\/logo\/image\/\"},\"sameAs\":[\"https:\/\/www.facebook.com\/Ionimax-1357153714295887\/\"]}]}<\/script>\n<!-- \/ Yoast SEO plugin. -->","yoast_head_json":{"title":"Zachovan\u00e9 \u017eiviny, stopov\u00e9 prvky a miner\u00e1ly - Two Eco","robots":{"index":"index","follow":"follow","max-snippet":"max-snippet:-1","max-image-preview":"max-image-preview:large","max-video-preview":"max-video-preview:-1"},"canonical":"https:\/\/test.twoeco.sk\/tr\/zachovane-ziviny-stopove-prvky-a-mineraly\/","og_locale":"tr_TR","og_type":"article","og_title":"Zachovan\u00e9 \u017eiviny, stopov\u00e9 prvky a miner\u00e1ly - Two Eco","og_description":"[vc_row css=&#8221;.vc_custom_1489102263611{padding-top: 50px !important;}&#8221;][vc_column][vc_row_inner][vc_column_inner][lab_heading title=&#8221; Muhafaza edilen besinler, iz elementler ve mineraller&#8221; el_class=&#8221;title centered&#8221;]Sadece v\u00fccudunuz i\u00e7in en \u00f6nemli unsurlar\u0131 i\u00e7eren lezzetli suyu i\u00e7iniz[\/lab_heading][\/vc_column_inner][\/vc_row_inner][vc_row_inner][vc_column_inner width=&#8221;1\/2&#8243;][lab_heading title=&#8221; Muhafaza edilen besinler, iz elementler ve mineraller&#8221;][\/lab_heading][vc_column_text] Su borular\u0131n\u0131zdaki suyun kalitesi ve i\u00e7eri\u011fini merak ediyormusunuz?\u00a0 \u0130\u00e7me suyunuzun uygun olmayan veya gereksiz filtrelemesini istemiyormusunuz?\u00a0 Kendiniz, hayvanlar ve bitkiler i\u00e7in kaliteli hidrasyon&hellip;","og_url":"https:\/\/test.twoeco.sk\/tr\/zachovane-ziviny-stopove-prvky-a-mineraly\/","og_site_name":"Two Eco","article_publisher":"https:\/\/www.facebook.com\/Ionimax-1357153714295887\/","article_modified_time":"2017-08-11T09:03:33+00:00","twitter_card":"summary_large_image","twitter_misc":{"Tahmini okuma s\u00fcresi":"4 dakika"},"schema":{"@context":"https:\/\/schema.org","@graph":[{"@type":"WebPage","@id":"https:\/\/test.twoeco.sk\/tr\/zachovane-ziviny-stopove-prvky-a-mineraly\/","url":"https:\/\/test.twoeco.sk\/tr\/zachovane-ziviny-stopove-prvky-a-mineraly\/","name":"Zachovan\u00e9 \u017eiviny, stopov\u00e9 prvky a miner\u00e1ly - Two Eco","isPartOf":{"@id":"https:\/\/test.twoeco.sk\/#website"},"datePublished":"2017-03-10T08:16:26+00:00","dateModified":"2017-08-11T09:03:33+00:00","breadcrumb":{"@id":"https:\/\/test.twoeco.sk\/tr\/zachovane-ziviny-stopove-prvky-a-mineraly\/#breadcrumb"},"inLanguage":"tr","potentialAction":[{"@type":"ReadAction","target":["https:\/\/test.twoeco.sk\/tr\/zachovane-ziviny-stopove-prvky-a-mineraly\/"]}]},{"@type":"BreadcrumbList","@id":"https:\/\/test.twoeco.sk\/tr\/zachovane-ziviny-stopove-prvky-a-mineraly\/#breadcrumb","itemListElement":[{"@type":"ListItem","position":1,"name":"Home","item":"https:\/\/test.twoeco.sk\/tr\/"},{"@type":"ListItem","position":2,"name":"Zachovan\u00e9 \u017eiviny, stopov\u00e9 prvky a miner\u00e1ly"}]},{"@type":"WebSite","@id":"https:\/\/test.twoeco.sk\/#website","url":"https:\/\/test.twoeco.sk\/","name":"Two Eco","description":"Viac ako \u010dist\u00e1 voda","publisher":{"@id":"https:\/\/test.twoeco.sk\/#organization"},"potentialAction":[{"@type":"SearchAction","target":{"@type":"EntryPoint","urlTemplate":"https:\/\/test.twoeco.sk\/?s={search_term_string}"},"query-input":{"@type":"PropertyValueSpecification","valueRequired":true,"valueName":"search_term_string"}}],"inLanguage":"tr"},{"@type":"Organization","@id":"https:\/\/test.twoeco.sk\/#organization","name":"Two ECO, s.r.o.","url":"https:\/\/test.twoeco.sk\/","logo":{"@type":"ImageObject","inLanguage":"tr","@id":"https:\/\/test.twoeco.sk\/#\/schema\/logo\/image\/","url":"https:\/\/test.twoeco.sk\/wp-content\/uploads\/2016\/05\/logo-two-eco-farba.png","contentUrl":"https:\/\/test.twoeco.sk\/wp-content\/uploads\/2016\/05\/logo-two-eco-farba.png","width":318,"height":74,"caption":"Two ECO, s.r.o."},"image":{"@id":"https:\/\/test.twoeco.sk\/#\/schema\/logo\/image\/"},"sameAs":["https:\/\/www.facebook.com\/Ionimax-1357153714295887\/"]}]}},"_links":{"self":[{"href":"https:\/\/test.twoeco.sk\/tr\/wp-json\/wp\/v2\/pages\/2087"}],"collection":[{"href":"https:\/\/test.twoeco.sk\/tr\/wp-json\/wp\/v2\/pages"}],"about":[{"href":"https:\/\/test.twoeco.sk\/tr\/wp-json\/wp\/v2\/types\/page"}],"author":[{"embeddable":true,"href":"https:\/\/test.twoeco.sk\/tr\/wp-json\/wp\/v2\/users\/3"}],"replies":[{"embeddable":true,"href":"https:\/\/test.twoeco.sk\/tr\/wp-json\/wp\/v2\/comments?post=2087"}],"version-history":[{"count":3,"href":"https:\/\/test.twoeco.sk\/tr\/wp-json\/wp\/v2\/pages\/2087\/revisions"}],"predecessor-version":[{"id":2200,"href":"https:\/\/test.twoeco.sk\/tr\/wp-json\/wp\/v2\/pages\/2087\/revisions\/2200"}],"wp:attachment":[{"href":"https:\/\/test.twoeco.sk\/tr\/wp-json\/wp\/v2\/media?parent=2087"}],"curies":[{"name":"wp","href":"https:\/\/api.w.org\/{rel}","templated":true}]}}