{"id":2080,"date":"2017-03-10T09:03:36","date_gmt":"2017-03-10T08:03:36","guid":{"rendered":"https:\/\/test.twoeco.sk\/chutna-voda\/"},"modified":"2017-08-08T14:26:08","modified_gmt":"2017-08-08T12:26:08","slug":"chutna-voda","status":"publish","type":"page","link":"https:\/\/test.twoeco.sk\/tr\/chutna-voda\/","title":{"rendered":"Chutn\u00e1 voda"},"content":{"rendered":"<div class=\"wpb-content-wrapper\"><p>[vc_row css=&#8221;.vc_custom_1489102263611{padding-top: 50px !important;}&#8221;][vc_column][vc_row_inner][vc_column_inner][lab_heading title=&#8221;Tat veren su&#8221; el_class=&#8221;title centered&#8221;]Direkt evinizin muslu\u011fundan hafif\u00e7e y\u00fckselmi\u015f alakaliniteli i\u00e7me suyu<br \/>\n[\/lab_heading][\/vc_column_inner][\/vc_row_inner][vc_row_inner][vc_column_inner width=&#8221;1\/2&#8243;][lab_heading title=&#8221;Tat veren su&#8221;][\/lab_heading][vc_column_text]<\/p>\n<ul>\n<li><strong>Kaynak suyu tad\u0131n\u0131 \u00f6zlediniz mi?\u00a0<\/strong><\/li>\n<li><strong>Su i\u00e7me rejiminize yaz aylar\u0131 olmasa da devam etmek istiyormusunuz?<\/strong><\/li>\n<li><strong>Plastik \u015fi\u015feleri kullanmamaya m\u0131 \u00e7al\u0131\u015f\u0131yorsunuz?<\/strong><\/li>\n<li><strong>Ailenizin sa\u011fl\u0131k bir ya\u015fam s\u00fcrmesini mi istiyorsunuz?<\/strong><\/li>\n<li><strong>Organizmalarda asitli\u011fi giderme ve alakalinite konusu ilginizi \u00e7ekiyor mu?<\/strong><\/li>\n<\/ul>\n<p>&nbsp;<\/p>\n<p><strong>\u0130onimax- ile ar\u0131t\u0131lm\u0131\u015f suyun tad\u0131 bir Winemaker&#8217;\u0131n kelimeleriyle \u00f6zetlenebilir: \u201cdilde yuvarlan\u0131yor\u201d ve \u201cyuvarlak bir tad\u0131 var\u201d\u2026<\/strong><\/p>\n<p>Bu ni\u00e7in b\u00f6yle? Ar\u0131t\u0131lm\u0131\u015f ve iyonize su yap\u0131s\u0131n\u0131 de\u011fi\u015ftirir.<\/p>\n<p>Do\u011fa ve fizik kanunlar\u0131 iyonize ile \u00e7ok d\u00fczensiz su H2O nin bir molek\u00fcl k\u00fcmesi yap\u0131s\u0131n\u0131 d\u00fczenli do\u011fal be\u015f-alt\u0131gen molek\u00fcle de\u011fi\u015ftirme olana\u011f\u0131 sunuyor. Onun bir kar tanesi gibi oldu\u011funu d\u00fc\u015f\u00fcn\u00fcn.<\/p>\n<p><strong>Normal suda molek\u00fcl grubu 14-16 d\u0131r, iyonize olanda ise 5-6 d\u0131r, \u00a0bu da daha iyi sindirilebilir demektir.<\/strong><\/p>\n<p>\u0130onimax s\u0131radan musluk suyunu kelimenin tam anlam\u0131yla ya\u015fam canland\u0131r\u0131c\u0131ya \u00e7eviriyor. Bu \u015fekilde ar\u0131t\u0131lm\u0131\u015f su <strong>daha iyi ve hafif bir \u015fekilde v\u00fccudunuzun h\u00fccrelerine giriyor, bu sebepten daha fazla enerji kazan\u0131yorsunuz.<\/strong> Onun i\u00e7ilmesiyle daha kaliteli hidrasyon ve su i\u00e7me rejimi olur, bu \u015fekilde ar\u0131t\u0131lm\u0131\u015f su insan sa\u011fl\u0131\u011f\u0131na \u00e7ok faydal\u0131d\u0131r. Ayn\u0131 \u015fekilde detoks ve zararl\u0131 organizmalar\u0131n v\u00fccuttan at\u0131lmas\u0131 dahi iyi ger\u00e7ekle\u015fir.<\/p>\n<p>\u0130onimax suyu iyonize eder ve bunula da onun pH s\u0131n\u0131 y\u00fckseltir. Somut su i\u00e7eri\u011fine g\u00f6re bu 0,2 ila 0,4 pH dereceleri aras\u0131ndad\u0131r.<\/p>\n<p>Bu insan organizmas\u0131 i\u00e7in \u00e7ok uygun, fakat bu ortamda do\u011fal olarak yok olan mikroorganizmalar i\u00e7in uygun de\u011fildir. \u00d6l\u00e7\u00fcm testleri bize onlar\u0131n azald\u0131\u011f\u0131n\u0131 g\u00f6stermi\u015ftir. Borulardan gelen s\u0131cak suda on kat\u0131 daha az oldu\u011fu g\u00f6zlenmi\u015ftir.[\/vc_column_text][\/vc_column_inner][vc_column_inner width=&#8221;1\/2&#8243;][vc_single_image image=&#8221;865&#8243; img_size=&#8221;full&#8221; alignment=&#8221;center&#8221; css=&#8221;.vc_custom_1489132990788{margin-top: 24px !important;}&#8221;][lab_heading title=&#8221;Direkt su musluklar\u0131n\u0131zdan akan ionimax- ile ar\u0131t\u0131lm\u0131\u015f su:&#8221;][\/lab_heading][vc_column_text]<\/p>\n<ul>\n<li><strong>deri ve romatizma problemlerini hafifletir<\/strong><\/li>\n<li><strong>mide ve ba\u011f\u0131rsak problemlerini hafifletir<\/strong><\/li>\n<li><strong>g\u0131dalar\u0131n enzimlenme s\u00fcrecini g\u00fc\u00e7lendirir<\/strong><\/li>\n<li><strong>fiziksel ve psikolojik dengeyi iyile\u015ftirir<\/strong><\/li>\n<li><strong>kan dola\u015f\u0131m\u0131n\u0131 stabilize eder<\/strong><\/li>\n<li><strong>yaralar\u0131n iyile\u015fmesini h\u0131zland\u0131r\u0131r <\/strong><\/li>\n<li><strong>ya\u015fam g\u00fcc\u00fcn\u00fc aktive eder<\/strong><\/li>\n<li><strong>hava de\u011fi\u015fimlerine ola hassasiyeti azalt\u0131r<\/strong><\/li>\n<li><strong>daha iyi tada sahiptir ve daha uzun s\u00fcre taze kal\u0131r\u00a0<\/strong><\/li>\n<li><strong>v\u00fccuda yerle\u015fmi\u015f olan zararl\u0131 maddeleri v\u00fccuttan atar <\/strong><\/li>\n<li><strong>organizmalar\u0131n asitlenmesini azalt\u0131r <\/strong><\/li>\n<li><strong>ba\u011f\u0131\u015f\u0131kl\u0131k sistemini g\u00fc\u00e7lendirir<\/strong><\/li>\n<\/ul>\n<p>[\/vc_column_text][\/vc_column_inner][\/vc_row_inner][\/vc_column][\/vc_row]<\/p>\n<\/div>","protected":false},"excerpt":{"rendered":"<p>[vc_row css=&#8221;.vc_custom_1489102263611{padding-top: 50px !important;}&#8221;][vc_column][vc_row_inner][vc_column_inner][lab_heading title=&#8221;Tat veren su&#8221; el_class=&#8221;title centered&#8221;]Direkt evinizin muslu\u011fundan hafif\u00e7e y\u00fckselmi\u015f alakaliniteli i\u00e7me suyu [\/lab_heading][\/vc_column_inner][\/vc_row_inner][vc_row_inner][vc_column_inner width=&#8221;1\/2&#8243;][lab_heading title=&#8221;Tat veren su&#8221;][\/lab_heading][vc_column_text] Kaynak suyu tad\u0131n\u0131 \u00f6zlediniz mi?\u00a0 Su i\u00e7me rejiminize yaz aylar\u0131 olmasa da devam etmek istiyormusunuz? Plastik \u015fi\u015feleri kullanmamaya m\u0131 \u00e7al\u0131\u015f\u0131yorsunuz? Ailenizin sa\u011fl\u0131k bir ya\u015fam s\u00fcrmesini mi istiyorsunuz? Organizmalarda asitli\u011fi giderme ve alakalinite konusu ilginizi&hellip;<\/p>\n","protected":false},"author":3,"featured_media":0,"parent":0,"menu_order":0,"comment_status":"closed","ping_status":"closed","template":"","meta":{"_acf_changed":false,"footnotes":""},"class_list":["post-2080","page","type-page","status-publish","hentry"],"acf":[],"yoast_head":"<!-- This site is optimized with the Yoast SEO plugin v23.6 - https:\/\/yoast.com\/wordpress\/plugins\/seo\/ -->\n<title>Chutn\u00e1 voda - Two Eco<\/title>\n<meta name=\"robots\" content=\"index, follow, max-snippet:-1, max-image-preview:large, max-video-preview:-1\" \/>\n<link rel=\"canonical\" href=\"https:\/\/test.twoeco.sk\/tr\/chutna-voda\/\" \/>\n<meta property=\"og:locale\" content=\"tr_TR\" \/>\n<meta property=\"og:type\" content=\"article\" \/>\n<meta property=\"og:title\" content=\"Chutn\u00e1 voda - Two Eco\" \/>\n<meta property=\"og:description\" content=\"[vc_row css=&#8221;.vc_custom_1489102263611{padding-top: 50px !important;}&#8221;][vc_column][vc_row_inner][vc_column_inner][lab_heading title=&#8221;Tat veren su&#8221; el_class=&#8221;title centered&#8221;]Direkt evinizin muslu\u011fundan hafif\u00e7e y\u00fckselmi\u015f alakaliniteli i\u00e7me suyu [\/lab_heading][\/vc_column_inner][\/vc_row_inner][vc_row_inner][vc_column_inner width=&#8221;1\/2&#8243;][lab_heading title=&#8221;Tat veren su&#8221;][\/lab_heading][vc_column_text] Kaynak suyu tad\u0131n\u0131 \u00f6zlediniz mi?\u00a0 Su i\u00e7me rejiminize yaz aylar\u0131 olmasa da devam etmek istiyormusunuz? Plastik \u015fi\u015feleri kullanmamaya m\u0131 \u00e7al\u0131\u015f\u0131yorsunuz? Ailenizin sa\u011fl\u0131k bir ya\u015fam s\u00fcrmesini mi istiyorsunuz? Organizmalarda asitli\u011fi giderme ve alakalinite konusu ilginizi&hellip;\" \/>\n<meta property=\"og:url\" content=\"https:\/\/test.twoeco.sk\/tr\/chutna-voda\/\" \/>\n<meta property=\"og:site_name\" content=\"Two Eco\" \/>\n<meta property=\"article:publisher\" content=\"https:\/\/www.facebook.com\/Ionimax-1357153714295887\/\" \/>\n<meta property=\"article:modified_time\" content=\"2017-08-08T12:26:08+00:00\" \/>\n<meta name=\"twitter:card\" content=\"summary_large_image\" \/>\n<meta name=\"twitter:label1\" content=\"Tahmini okuma s\u00fcresi\" \/>\n\t<meta name=\"twitter:data1\" content=\"3 dakika\" \/>\n<script type=\"application\/ld+json\" class=\"yoast-schema-graph\">{\"@context\":\"https:\/\/schema.org\",\"@graph\":[{\"@type\":\"WebPage\",\"@id\":\"https:\/\/test.twoeco.sk\/tr\/chutna-voda\/\",\"url\":\"https:\/\/test.twoeco.sk\/tr\/chutna-voda\/\",\"name\":\"Chutn\u00e1 voda - Two Eco\",\"isPartOf\":{\"@id\":\"https:\/\/test.twoeco.sk\/#website\"},\"datePublished\":\"2017-03-10T08:03:36+00:00\",\"dateModified\":\"2017-08-08T12:26:08+00:00\",\"breadcrumb\":{\"@id\":\"https:\/\/test.twoeco.sk\/tr\/chutna-voda\/#breadcrumb\"},\"inLanguage\":\"tr\",\"potentialAction\":[{\"@type\":\"ReadAction\",\"target\":[\"https:\/\/test.twoeco.sk\/tr\/chutna-voda\/\"]}]},{\"@type\":\"BreadcrumbList\",\"@id\":\"https:\/\/test.twoeco.sk\/tr\/chutna-voda\/#breadcrumb\",\"itemListElement\":[{\"@type\":\"ListItem\",\"position\":1,\"name\":\"Home\",\"item\":\"https:\/\/test.twoeco.sk\/tr\/\"},{\"@type\":\"ListItem\",\"position\":2,\"name\":\"Chutn\u00e1 voda\"}]},{\"@type\":\"WebSite\",\"@id\":\"https:\/\/test.twoeco.sk\/#website\",\"url\":\"https:\/\/test.twoeco.sk\/\",\"name\":\"Two Eco\",\"description\":\"Viac ako \u010dist\u00e1 voda\",\"publisher\":{\"@id\":\"https:\/\/test.twoeco.sk\/#organization\"},\"potentialAction\":[{\"@type\":\"SearchAction\",\"target\":{\"@type\":\"EntryPoint\",\"urlTemplate\":\"https:\/\/test.twoeco.sk\/?s={search_term_string}\"},\"query-input\":{\"@type\":\"PropertyValueSpecification\",\"valueRequired\":true,\"valueName\":\"search_term_string\"}}],\"inLanguage\":\"tr\"},{\"@type\":\"Organization\",\"@id\":\"https:\/\/test.twoeco.sk\/#organization\",\"name\":\"Two ECO, s.r.o.\",\"url\":\"https:\/\/test.twoeco.sk\/\",\"logo\":{\"@type\":\"ImageObject\",\"inLanguage\":\"tr\",\"@id\":\"https:\/\/test.twoeco.sk\/#\/schema\/logo\/image\/\",\"url\":\"https:\/\/test.twoeco.sk\/wp-content\/uploads\/2016\/05\/logo-two-eco-farba.png\",\"contentUrl\":\"https:\/\/test.twoeco.sk\/wp-content\/uploads\/2016\/05\/logo-two-eco-farba.png\",\"width\":318,\"height\":74,\"caption\":\"Two ECO, s.r.o.\"},\"image\":{\"@id\":\"https:\/\/test.twoeco.sk\/#\/schema\/logo\/image\/\"},\"sameAs\":[\"https:\/\/www.facebook.com\/Ionimax-1357153714295887\/\"]}]}<\/script>\n<!-- \/ Yoast SEO plugin. -->","yoast_head_json":{"title":"Chutn\u00e1 voda - Two Eco","robots":{"index":"index","follow":"follow","max-snippet":"max-snippet:-1","max-image-preview":"max-image-preview:large","max-video-preview":"max-video-preview:-1"},"canonical":"https:\/\/test.twoeco.sk\/tr\/chutna-voda\/","og_locale":"tr_TR","og_type":"article","og_title":"Chutn\u00e1 voda - Two Eco","og_description":"[vc_row css=&#8221;.vc_custom_1489102263611{padding-top: 50px !important;}&#8221;][vc_column][vc_row_inner][vc_column_inner][lab_heading title=&#8221;Tat veren su&#8221; el_class=&#8221;title centered&#8221;]Direkt evinizin muslu\u011fundan hafif\u00e7e y\u00fckselmi\u015f alakaliniteli i\u00e7me suyu [\/lab_heading][\/vc_column_inner][\/vc_row_inner][vc_row_inner][vc_column_inner width=&#8221;1\/2&#8243;][lab_heading title=&#8221;Tat veren su&#8221;][\/lab_heading][vc_column_text] Kaynak suyu tad\u0131n\u0131 \u00f6zlediniz mi?\u00a0 Su i\u00e7me rejiminize yaz aylar\u0131 olmasa da devam etmek istiyormusunuz? Plastik \u015fi\u015feleri kullanmamaya m\u0131 \u00e7al\u0131\u015f\u0131yorsunuz? Ailenizin sa\u011fl\u0131k bir ya\u015fam s\u00fcrmesini mi istiyorsunuz? Organizmalarda asitli\u011fi giderme ve alakalinite konusu ilginizi&hellip;","og_url":"https:\/\/test.twoeco.sk\/tr\/chutna-voda\/","og_site_name":"Two Eco","article_publisher":"https:\/\/www.facebook.com\/Ionimax-1357153714295887\/","article_modified_time":"2017-08-08T12:26:08+00:00","twitter_card":"summary_large_image","twitter_misc":{"Tahmini okuma s\u00fcresi":"3 dakika"},"schema":{"@context":"https:\/\/schema.org","@graph":[{"@type":"WebPage","@id":"https:\/\/test.twoeco.sk\/tr\/chutna-voda\/","url":"https:\/\/test.twoeco.sk\/tr\/chutna-voda\/","name":"Chutn\u00e1 voda - Two Eco","isPartOf":{"@id":"https:\/\/test.twoeco.sk\/#website"},"datePublished":"2017-03-10T08:03:36+00:00","dateModified":"2017-08-08T12:26:08+00:00","breadcrumb":{"@id":"https:\/\/test.twoeco.sk\/tr\/chutna-voda\/#breadcrumb"},"inLanguage":"tr","potentialAction":[{"@type":"ReadAction","target":["https:\/\/test.twoeco.sk\/tr\/chutna-voda\/"]}]},{"@type":"BreadcrumbList","@id":"https:\/\/test.twoeco.sk\/tr\/chutna-voda\/#breadcrumb","itemListElement":[{"@type":"ListItem","position":1,"name":"Home","item":"https:\/\/test.twoeco.sk\/tr\/"},{"@type":"ListItem","position":2,"name":"Chutn\u00e1 voda"}]},{"@type":"WebSite","@id":"https:\/\/test.twoeco.sk\/#website","url":"https:\/\/test.twoeco.sk\/","name":"Two Eco","description":"Viac ako \u010dist\u00e1 voda","publisher":{"@id":"https:\/\/test.twoeco.sk\/#organization"},"potentialAction":[{"@type":"SearchAction","target":{"@type":"EntryPoint","urlTemplate":"https:\/\/test.twoeco.sk\/?s={search_term_string}"},"query-input":{"@type":"PropertyValueSpecification","valueRequired":true,"valueName":"search_term_string"}}],"inLanguage":"tr"},{"@type":"Organization","@id":"https:\/\/test.twoeco.sk\/#organization","name":"Two ECO, s.r.o.","url":"https:\/\/test.twoeco.sk\/","logo":{"@type":"ImageObject","inLanguage":"tr","@id":"https:\/\/test.twoeco.sk\/#\/schema\/logo\/image\/","url":"https:\/\/test.twoeco.sk\/wp-content\/uploads\/2016\/05\/logo-two-eco-farba.png","contentUrl":"https:\/\/test.twoeco.sk\/wp-content\/uploads\/2016\/05\/logo-two-eco-farba.png","width":318,"height":74,"caption":"Two ECO, s.r.o."},"image":{"@id":"https:\/\/test.twoeco.sk\/#\/schema\/logo\/image\/"},"sameAs":["https:\/\/www.facebook.com\/Ionimax-1357153714295887\/"]}]}},"_links":{"self":[{"href":"https:\/\/test.twoeco.sk\/tr\/wp-json\/wp\/v2\/pages\/2080"}],"collection":[{"href":"https:\/\/test.twoeco.sk\/tr\/wp-json\/wp\/v2\/pages"}],"about":[{"href":"https:\/\/test.twoeco.sk\/tr\/wp-json\/wp\/v2\/types\/page"}],"author":[{"embeddable":true,"href":"https:\/\/test.twoeco.sk\/tr\/wp-json\/wp\/v2\/users\/3"}],"replies":[{"embeddable":true,"href":"https:\/\/test.twoeco.sk\/tr\/wp-json\/wp\/v2\/comments?post=2080"}],"version-history":[{"count":2,"href":"https:\/\/test.twoeco.sk\/tr\/wp-json\/wp\/v2\/pages\/2080\/revisions"}],"predecessor-version":[{"id":2082,"href":"https:\/\/test.twoeco.sk\/tr\/wp-json\/wp\/v2\/pages\/2080\/revisions\/2082"}],"wp:attachment":[{"href":"https:\/\/test.twoeco.sk\/tr\/wp-json\/wp\/v2\/media?parent=2080"}],"curies":[{"name":"wp","href":"https:\/\/api.w.org\/{rel}","templated":true}]}}