{"id":1647,"date":"2017-03-10T09:16:26","date_gmt":"2017-03-10T08:16:26","guid":{"rendered":"https:\/\/test.twoeco.sk\/zachovane-ziviny-stopove-prvky-a-mineraly\/"},"modified":"2017-08-11T10:43:15","modified_gmt":"2017-08-11T08:43:15","slug":"zachovane-ziviny-stopove-prvky-a-mineraly","status":"publish","type":"page","link":"https:\/\/test.twoeco.sk\/ro\/zachovane-ziviny-stopove-prvky-a-mineraly\/","title":{"rendered":"Zachovan\u00e9 \u017eiviny, stopov\u00e9 prvky a miner\u00e1ly"},"content":{"rendered":"<div class=\"wpb-content-wrapper\"><p>[vc_row css=&#8221;.vc_custom_1489102263611{padding-top: 50px !important;}&#8221;][vc_column][vc_row_inner][vc_column_inner][lab_heading title=&#8221;Conservarea substan\u021belor nutritive, microelementelor \u0219i mineralelor &#8221; el_class=&#8221;title centered&#8221;]Be\u021bi numai apa bun\u0103 la gust care con\u021bine ceea ce este mai important pentru corpul dvs.[\/lab_heading][\/vc_column_inner][\/vc_row_inner][vc_row_inner][vc_column_inner width=&#8221;1\/2&#8243;][lab_heading title=&#8221;Conservarea substan\u021belor nutritive, microelementelor \u0219i mineralelor &#8222;][\/lab_heading][vc_column_text]<\/p>\n<ul>\n<li><strong>V\u0103 intereseaz\u0103 calitatea \u0219i compozi\u021bia apei din conducta dvs. de alimentare cu ap\u0103?\u00a0<\/strong><\/li>\n<li><strong>Nu dori\u021bi ca \u00eentr-un mod neindicat sau inutil s\u0103 v\u0103 filtra\u021bi apa potabil\u0103?\u00a0<\/strong><\/li>\n<li><strong>V\u0103 preocup\u0103 o hidratare de calitate pentru dvs., animale, \u0219i plante?<\/strong><\/li>\n<\/ul>\n<p>Desigur c\u0103 ve\u021bi fi de acord c\u0103 nimeni nu ar trebui s\u0103 bea ap\u0103 distilat\u0103.<\/p>\n<p><strong>Dar care este situa\u021bia calit\u0103\u021bii apei la noi?<\/strong> Este \u00eentr-adev\u0103r at\u00e2t de poluat\u0103 \u0219i toxic\u0103 cum se sus\u021bine uneori? \u0218tim c\u0103 mediul de via\u021b\u0103 se schimb\u0103 \u00een unele \u021b\u0103ri unde chiar \u0219i du\u0219ul cu apa din conduct\u0103 poate fi toxic. Filtrarea apei este deci inevitabil\u0103?\u00a0Apa potabil\u0103 \u00een Republica Slovac\u0103 provine din surse subterane (peste 80%), mai pu\u021bin de 20% din apa potabil\u0103 provine din surse de suprafa\u021b\u0103. Parametrii \u0219i exigen\u021bele de calitate sunt date cu claritate, acestea sunt monitorizate iar rezultatele sunt prezentate public. Neajunsuri \u0219i dep\u0103\u0219irea normelor este minim\u0103. S-ar putea spune c\u0103 situa\u021bia privind poluarea apei la noi este deocamdat\u0103 favorabil\u0103.<\/p>\n<p>La nivel na\u021bional, exigen\u021bele privind calitatea apei sunt definite de Legea nr. 355\/2007 M.O., privind protec\u021bia, sprijinul \u0219i dezvoltarea s\u0103n\u0103t\u0103\u021bii publice \u0219i modific\u0103rile \u0219i complet\u0103rile unor legi \u00een versiunea reglement\u0103rilor ulterioare \u0219i de directiva guvernului RS nr. 354\/2006 M.O., prin care se stabilesc exigen\u021bele pentru apa destinat\u0103 consumului uman \u0219i controlul calit\u0103\u021bii apei destinate consumului uman \u00een versiunea Hot\u0103r\u00e2rii guvernului RS nr. 496\/2010 M.O. Dac\u0103 tocmai \u00een \u021bara dvs. situa\u021bia difer\u0103, recomand\u0103m s\u0103 combina\u021bi ionizatorul de ap\u0103 ionimax \u00a0cu filtrarea apei. Modul de amplasare a filtrului \u0219i ionimax-ului le ve\u021bi g\u0103si \u00een prospectul anexat.[\/vc_column_text][lab_heading title=&#8221;\u00cen func\u021bie de con\u021binutul substan\u021belor minerale dizolvate \u00een ap\u0103, aceasta poate fi:&#8221;][\/lab_heading][vc_column_text]<\/p>\n<ul>\n<li><strong>Distilat\u0103<\/strong> \u2013 lipsit\u0103 de substan\u021be minerale<\/li>\n<li><strong>Moale<\/strong> \u2013 con\u021bine pu\u021bine substan\u021be minerale<\/li>\n<li><strong>Dur\u0103<\/strong> \u2013 din izvoare subterane, con\u021bine mai multe substan\u021be minerale<\/li>\n<\/ul>\n<p>[\/vc_column_text][\/vc_column_inner][vc_column_inner width=&#8221;1\/2&#8243; css=&#8221;.vc_custom_1489133636520{margin-top: 24px !important;}&#8221;][vc_column_text]<strong>Substan\u021bele minerale sunt, desigur, importante pentru via\u021ba tuturor organismelor. <\/strong>\u00cen cazul omului, acestea nu particip\u0103 numai la construc\u021bia corpului \u0219i a diferitelor \u021besuturi &#8211; ele se implic\u0103 \u0219i \u00een procesele importante de metabolism care au loc \u00een organism. Sunt o parte component\u0103 permanent\u0103 \u0219i necesar\u0103 a tuturor celulelor \u0219i fluidelor corporale. Sunt componente ale diferitelor sisteme de enzime, hormoni vitamine, a diverselor molecule func\u021bionale.<\/p>\n<p><strong>Prin nutri\u021bie mineral\u0103 a plantelor <\/strong>se \u00een\u021belege \u00a0recep\u021bia de substan\u021be minerale (anorganice) Sursa nutri\u021biei minerale a plantelor este solul (solu\u021bie nutritiv\u0103), la plantele de ap\u0103 este apa. Organul de primire este r\u0103d\u0103cina. \u00cen plante s-au constatat aproape toate elementele cunoscute p\u00e2n\u0103 \u00een prezent, dar nu toate sunt necesare \u0219i importante. Elementele de importan\u021b\u0103 vital\u0103 se numesc <strong>elemente biogene<\/strong>. F\u0103r\u0103 elemente biogene planta nu poate tr\u0103i normal \u0219i nici unul din aceste elemente nu poate fi \u00eenlocuit cu un altul.[\/vc_column_text][vc_single_image image=&#8221;893&#8243; img_size=&#8221;full&#8221; alignment=&#8221;center&#8221;][\/vc_column_inner][\/vc_row_inner][vc_row_inner][vc_column_inner][lab_heading title=&#8221;Exigen\u021be divergente privind apa din cas\u0103? Dur\u0103 versus moale?&#8221;][\/lab_heading][vc_column_text]<strong>Pentru s\u0103n\u0103tatea <\/strong>omului este desigur important a se bea o ap\u0103 <strong>cu mai multe minerale, \u0219i deci dur\u0103.<\/strong> Apa care se <strong>folose\u0219te \u00een menaj la sp\u0103lat<\/strong>, <strong>cur\u0103\u021bat <\/strong>etc. avem nevoie ca aceasta <strong>s\u0103 fie dimpotriv\u0103, mai \u00a0moale<\/strong>. Cum pot fi reconciliate aceste dou\u0103 exigen\u021be diferite?<\/p>\n<p><strong>Solu\u021bia ideal\u0103 este utilizarea ionizatorului apei ionimax, care nu modific\u0103 compozi\u021bia chimic\u0103 a apei, modific\u0103 \u00eens\u0103 structura fizic\u0103 a acesteia. Ob\u021bine\u021bi deci o\u00a0ap\u0103 dur\u0103 cu calit\u0103\u021bile apei moi. <\/strong>Mineralele \u0219i substan\u021bele nutritive se p\u0103streaz\u0103 \u0219i sunt chiar ionizate pentru o mai bun\u0103 absorb\u021bie, \u00een acela\u0219i timp \u00eens\u0103 <strong>nu pot forma leg\u0103turi cristaline solide pe pere\u021bii conductelor, aparatelor electrice, a instala\u021biei de are condi\u021bionat, rufe \u0219i peste tot unde \u00eenainte v\u0103 f\u0103ceau probleme. <\/strong>\u00cen acela\u0219i timp ionimax \u2013ul nu deranjeaz\u0103 \u0219i nici nu\u00a0 afecteaz\u0103 estetica casei dvs.[\/vc_column_text][\/vc_column_inner][\/vc_row_inner][\/vc_column][\/vc_row]<\/p>\n<\/div>","protected":false},"excerpt":{"rendered":"<p>[vc_row css=&#8221;.vc_custom_1489102263611{padding-top: 50px !important;}&#8221;][vc_column][vc_row_inner][vc_column_inner][lab_heading title=&#8221;Conservarea substan\u021belor nutritive, microelementelor \u0219i mineralelor &#8221; el_class=&#8221;title centered&#8221;]Be\u021bi numai apa bun\u0103 la gust care con\u021bine ceea ce este mai important pentru corpul dvs.[\/lab_heading][\/vc_column_inner][\/vc_row_inner][vc_row_inner][vc_column_inner width=&#8221;1\/2&#8243;][lab_heading title=&#8221;Conservarea substan\u021belor nutritive, microelementelor \u0219i mineralelor &#8222;][\/lab_heading][vc_column_text] V\u0103 intereseaz\u0103 calitatea \u0219i compozi\u021bia apei din conducta dvs. de alimentare cu ap\u0103?\u00a0 Nu dori\u021bi ca \u00eentr-un mod neindicat&hellip;<\/p>\n","protected":false},"author":3,"featured_media":0,"parent":0,"menu_order":0,"comment_status":"closed","ping_status":"closed","template":"","meta":{"_acf_changed":false,"footnotes":""},"class_list":["post-1647","page","type-page","status-publish","hentry"],"acf":[],"yoast_head":"<!-- This site is optimized with the Yoast SEO plugin v23.6 - https:\/\/yoast.com\/wordpress\/plugins\/seo\/ -->\n<title>Zachovan\u00e9 \u017eiviny, stopov\u00e9 prvky a miner\u00e1ly - Two Eco<\/title>\n<meta name=\"robots\" content=\"index, follow, max-snippet:-1, max-image-preview:large, max-video-preview:-1\" \/>\n<link rel=\"canonical\" href=\"https:\/\/test.twoeco.sk\/ro\/zachovane-ziviny-stopove-prvky-a-mineraly\/\" \/>\n<meta property=\"og:locale\" content=\"ro_RO\" \/>\n<meta property=\"og:type\" content=\"article\" \/>\n<meta property=\"og:title\" content=\"Zachovan\u00e9 \u017eiviny, stopov\u00e9 prvky a miner\u00e1ly - Two Eco\" \/>\n<meta property=\"og:description\" content=\"[vc_row css=&#8221;.vc_custom_1489102263611{padding-top: 50px !important;}&#8221;][vc_column][vc_row_inner][vc_column_inner][lab_heading title=&#8221;Conservarea substan\u021belor nutritive, microelementelor \u0219i mineralelor &#8221; el_class=&#8221;title centered&#8221;]Be\u021bi numai apa bun\u0103 la gust care con\u021bine ceea ce este mai important pentru corpul dvs.[\/lab_heading][\/vc_column_inner][\/vc_row_inner][vc_row_inner][vc_column_inner width=&#8221;1\/2&#8243;][lab_heading title=&#8221;Conservarea substan\u021belor nutritive, microelementelor \u0219i mineralelor &#8222;][\/lab_heading][vc_column_text] V\u0103 intereseaz\u0103 calitatea \u0219i compozi\u021bia apei din conducta dvs. de alimentare cu ap\u0103?\u00a0 Nu dori\u021bi ca \u00eentr-un mod neindicat&hellip;\" \/>\n<meta property=\"og:url\" content=\"https:\/\/test.twoeco.sk\/ro\/zachovane-ziviny-stopove-prvky-a-mineraly\/\" \/>\n<meta property=\"og:site_name\" content=\"Two Eco\" \/>\n<meta property=\"article:publisher\" content=\"https:\/\/www.facebook.com\/Ionimax-1357153714295887\/\" \/>\n<meta property=\"article:modified_time\" content=\"2017-08-11T08:43:15+00:00\" \/>\n<meta name=\"twitter:card\" content=\"summary_large_image\" \/>\n<meta name=\"twitter:label1\" content=\"Timp estimat pentru citire\" \/>\n\t<meta name=\"twitter:data1\" content=\"4 minute\" \/>\n<script type=\"application\/ld+json\" class=\"yoast-schema-graph\">{\"@context\":\"https:\/\/schema.org\",\"@graph\":[{\"@type\":\"WebPage\",\"@id\":\"https:\/\/test.twoeco.sk\/ro\/zachovane-ziviny-stopove-prvky-a-mineraly\/\",\"url\":\"https:\/\/test.twoeco.sk\/ro\/zachovane-ziviny-stopove-prvky-a-mineraly\/\",\"name\":\"Zachovan\u00e9 \u017eiviny, stopov\u00e9 prvky a miner\u00e1ly - Two Eco\",\"isPartOf\":{\"@id\":\"https:\/\/test.twoeco.sk\/#website\"},\"datePublished\":\"2017-03-10T08:16:26+00:00\",\"dateModified\":\"2017-08-11T08:43:15+00:00\",\"breadcrumb\":{\"@id\":\"https:\/\/test.twoeco.sk\/ro\/zachovane-ziviny-stopove-prvky-a-mineraly\/#breadcrumb\"},\"inLanguage\":\"ro-RO\",\"potentialAction\":[{\"@type\":\"ReadAction\",\"target\":[\"https:\/\/test.twoeco.sk\/ro\/zachovane-ziviny-stopove-prvky-a-mineraly\/\"]}]},{\"@type\":\"BreadcrumbList\",\"@id\":\"https:\/\/test.twoeco.sk\/ro\/zachovane-ziviny-stopove-prvky-a-mineraly\/#breadcrumb\",\"itemListElement\":[{\"@type\":\"ListItem\",\"position\":1,\"name\":\"Home\",\"item\":\"https:\/\/test.twoeco.sk\/ro\/\"},{\"@type\":\"ListItem\",\"position\":2,\"name\":\"Zachovan\u00e9 \u017eiviny, stopov\u00e9 prvky a miner\u00e1ly\"}]},{\"@type\":\"WebSite\",\"@id\":\"https:\/\/test.twoeco.sk\/#website\",\"url\":\"https:\/\/test.twoeco.sk\/\",\"name\":\"Two Eco\",\"description\":\"Viac ako \u010dist\u00e1 voda\",\"publisher\":{\"@id\":\"https:\/\/test.twoeco.sk\/#organization\"},\"potentialAction\":[{\"@type\":\"SearchAction\",\"target\":{\"@type\":\"EntryPoint\",\"urlTemplate\":\"https:\/\/test.twoeco.sk\/?s={search_term_string}\"},\"query-input\":{\"@type\":\"PropertyValueSpecification\",\"valueRequired\":true,\"valueName\":\"search_term_string\"}}],\"inLanguage\":\"ro-RO\"},{\"@type\":\"Organization\",\"@id\":\"https:\/\/test.twoeco.sk\/#organization\",\"name\":\"Two ECO, s.r.o.\",\"url\":\"https:\/\/test.twoeco.sk\/\",\"logo\":{\"@type\":\"ImageObject\",\"inLanguage\":\"ro-RO\",\"@id\":\"https:\/\/test.twoeco.sk\/#\/schema\/logo\/image\/\",\"url\":\"https:\/\/test.twoeco.sk\/wp-content\/uploads\/2016\/05\/logo-two-eco-farba.png\",\"contentUrl\":\"https:\/\/test.twoeco.sk\/wp-content\/uploads\/2016\/05\/logo-two-eco-farba.png\",\"width\":318,\"height\":74,\"caption\":\"Two ECO, s.r.o.\"},\"image\":{\"@id\":\"https:\/\/test.twoeco.sk\/#\/schema\/logo\/image\/\"},\"sameAs\":[\"https:\/\/www.facebook.com\/Ionimax-1357153714295887\/\"]}]}<\/script>\n<!-- \/ Yoast SEO plugin. -->","yoast_head_json":{"title":"Zachovan\u00e9 \u017eiviny, stopov\u00e9 prvky a miner\u00e1ly - Two Eco","robots":{"index":"index","follow":"follow","max-snippet":"max-snippet:-1","max-image-preview":"max-image-preview:large","max-video-preview":"max-video-preview:-1"},"canonical":"https:\/\/test.twoeco.sk\/ro\/zachovane-ziviny-stopove-prvky-a-mineraly\/","og_locale":"ro_RO","og_type":"article","og_title":"Zachovan\u00e9 \u017eiviny, stopov\u00e9 prvky a miner\u00e1ly - Two Eco","og_description":"[vc_row css=&#8221;.vc_custom_1489102263611{padding-top: 50px !important;}&#8221;][vc_column][vc_row_inner][vc_column_inner][lab_heading title=&#8221;Conservarea substan\u021belor nutritive, microelementelor \u0219i mineralelor &#8221; el_class=&#8221;title centered&#8221;]Be\u021bi numai apa bun\u0103 la gust care con\u021bine ceea ce este mai important pentru corpul dvs.[\/lab_heading][\/vc_column_inner][\/vc_row_inner][vc_row_inner][vc_column_inner width=&#8221;1\/2&#8243;][lab_heading title=&#8221;Conservarea substan\u021belor nutritive, microelementelor \u0219i mineralelor &#8222;][\/lab_heading][vc_column_text] V\u0103 intereseaz\u0103 calitatea \u0219i compozi\u021bia apei din conducta dvs. de alimentare cu ap\u0103?\u00a0 Nu dori\u021bi ca \u00eentr-un mod neindicat&hellip;","og_url":"https:\/\/test.twoeco.sk\/ro\/zachovane-ziviny-stopove-prvky-a-mineraly\/","og_site_name":"Two Eco","article_publisher":"https:\/\/www.facebook.com\/Ionimax-1357153714295887\/","article_modified_time":"2017-08-11T08:43:15+00:00","twitter_card":"summary_large_image","twitter_misc":{"Timp estimat pentru citire":"4 minute"},"schema":{"@context":"https:\/\/schema.org","@graph":[{"@type":"WebPage","@id":"https:\/\/test.twoeco.sk\/ro\/zachovane-ziviny-stopove-prvky-a-mineraly\/","url":"https:\/\/test.twoeco.sk\/ro\/zachovane-ziviny-stopove-prvky-a-mineraly\/","name":"Zachovan\u00e9 \u017eiviny, stopov\u00e9 prvky a miner\u00e1ly - Two Eco","isPartOf":{"@id":"https:\/\/test.twoeco.sk\/#website"},"datePublished":"2017-03-10T08:16:26+00:00","dateModified":"2017-08-11T08:43:15+00:00","breadcrumb":{"@id":"https:\/\/test.twoeco.sk\/ro\/zachovane-ziviny-stopove-prvky-a-mineraly\/#breadcrumb"},"inLanguage":"ro-RO","potentialAction":[{"@type":"ReadAction","target":["https:\/\/test.twoeco.sk\/ro\/zachovane-ziviny-stopove-prvky-a-mineraly\/"]}]},{"@type":"BreadcrumbList","@id":"https:\/\/test.twoeco.sk\/ro\/zachovane-ziviny-stopove-prvky-a-mineraly\/#breadcrumb","itemListElement":[{"@type":"ListItem","position":1,"name":"Home","item":"https:\/\/test.twoeco.sk\/ro\/"},{"@type":"ListItem","position":2,"name":"Zachovan\u00e9 \u017eiviny, stopov\u00e9 prvky a miner\u00e1ly"}]},{"@type":"WebSite","@id":"https:\/\/test.twoeco.sk\/#website","url":"https:\/\/test.twoeco.sk\/","name":"Two Eco","description":"Viac ako \u010dist\u00e1 voda","publisher":{"@id":"https:\/\/test.twoeco.sk\/#organization"},"potentialAction":[{"@type":"SearchAction","target":{"@type":"EntryPoint","urlTemplate":"https:\/\/test.twoeco.sk\/?s={search_term_string}"},"query-input":{"@type":"PropertyValueSpecification","valueRequired":true,"valueName":"search_term_string"}}],"inLanguage":"ro-RO"},{"@type":"Organization","@id":"https:\/\/test.twoeco.sk\/#organization","name":"Two ECO, s.r.o.","url":"https:\/\/test.twoeco.sk\/","logo":{"@type":"ImageObject","inLanguage":"ro-RO","@id":"https:\/\/test.twoeco.sk\/#\/schema\/logo\/image\/","url":"https:\/\/test.twoeco.sk\/wp-content\/uploads\/2016\/05\/logo-two-eco-farba.png","contentUrl":"https:\/\/test.twoeco.sk\/wp-content\/uploads\/2016\/05\/logo-two-eco-farba.png","width":318,"height":74,"caption":"Two ECO, s.r.o."},"image":{"@id":"https:\/\/test.twoeco.sk\/#\/schema\/logo\/image\/"},"sameAs":["https:\/\/www.facebook.com\/Ionimax-1357153714295887\/"]}]}},"_links":{"self":[{"href":"https:\/\/test.twoeco.sk\/ro\/wp-json\/wp\/v2\/pages\/1647"}],"collection":[{"href":"https:\/\/test.twoeco.sk\/ro\/wp-json\/wp\/v2\/pages"}],"about":[{"href":"https:\/\/test.twoeco.sk\/ro\/wp-json\/wp\/v2\/types\/page"}],"author":[{"embeddable":true,"href":"https:\/\/test.twoeco.sk\/ro\/wp-json\/wp\/v2\/users\/3"}],"replies":[{"embeddable":true,"href":"https:\/\/test.twoeco.sk\/ro\/wp-json\/wp\/v2\/comments?post=1647"}],"version-history":[{"count":2,"href":"https:\/\/test.twoeco.sk\/ro\/wp-json\/wp\/v2\/pages\/1647\/revisions"}],"predecessor-version":[{"id":2189,"href":"https:\/\/test.twoeco.sk\/ro\/wp-json\/wp\/v2\/pages\/1647\/revisions\/2189"}],"wp:attachment":[{"href":"https:\/\/test.twoeco.sk\/ro\/wp-json\/wp\/v2\/media?parent=1647"}],"curies":[{"name":"wp","href":"https:\/\/api.w.org\/{rel}","templated":true}]}}