{"id":1579,"date":"2017-03-10T09:03:36","date_gmt":"2017-03-10T08:03:36","guid":{"rendered":"https:\/\/test.twoeco.sk\/chutna-voda\/"},"modified":"2017-08-10T12:24:23","modified_gmt":"2017-08-10T10:24:23","slug":"chutna-voda","status":"publish","type":"page","link":"https:\/\/test.twoeco.sk\/ro\/chutna-voda\/","title":{"rendered":"Chutn\u00e1 voda"},"content":{"rendered":"<div class=\"wpb-content-wrapper\"><p>[vc_row css=&#8221;.vc_custom_1489102263611{padding-top: 50px !important;}&#8221;][vc_column][vc_row_inner][vc_column_inner][lab_heading title=&#8221;Ap\u0103 bun\u0103 la gust &#8221; el_class=&#8221;title centered&#8221;]Direct din robinetul dvs., cu o alcalinitate u\u0219or crescut\u0103, pentru ca s\u0103 asigura\u021bi regimul de lichide<br \/>\n[\/lab_heading][\/vc_column_inner][\/vc_row_inner][vc_row_inner][vc_column_inner width=&#8221;1\/2&#8243;][lab_heading title=&#8221;Ap\u0103 bun\u0103 la gust &#8222;][\/lab_heading][vc_column_text]<\/p>\n<ul>\n<li><strong>Dori\u021bi gustul apei de izvor?\u00a0<\/strong><\/li>\n<li><strong>V\u0103 str\u0103dui\u021bi s\u0103 respecta\u021bi regimul de lichide \u0219i nu numai pe timp de var\u0103?\u00a0<\/strong><\/li>\n<li><strong>Limita\u021bi folosirea recipientelor din plastic?\u00a0<\/strong><\/li>\n<li><strong>Vre\u021bi s\u0103 oferi\u021bi familiei dvs. o alimenta\u021bie s\u0103n\u0103toas\u0103?\u00a0<\/strong><\/li>\n<li><strong>V\u0103 intereseaz\u0103 tema \u00eenl\u0103tur\u0103rii acidit\u0103\u021bii din organism \u0219i alcalinitatea?<\/strong><\/li>\n<\/ul>\n<p><strong>Despre gustul apei tratate cu ionimax s-ar putea spune, folosind cuvintele cultivatorului de vin, c\u0103: \u201cse rostogole\u0219te pe limb\u0103\u201d, are \u201cun gust rotund\u201d\u2026<\/strong><\/p>\n<p>De ce este a\u0219a? Apa tratat\u0103 \u0219i ionizat\u0103 \u00ee\u0219i schimb\u0103 structura.<\/p>\n<p>Legile naturii \u0219i ale fizicii ne permit ca prin ionizare s\u0103 schimb\u0103m structura neregulat\u0103 a apei format\u0103 din multiple grup\u0103ri de ap\u0103 H<sub>2<\/sub>O \u00eentr-o form\u0103 natural\u0103 regulat\u0103 a unei molecule \u00a0cu cinci-\u0219ase unghiuri (hexagonal\u0103). Imagina\u021bi-v\u0103 aceast\u0103 molecul\u0103 ca pe un fulg de z\u0103pad\u0103.<\/p>\n<p><strong>\u00cen apa obi\u0219nuit\u0103 aglomerarea de molecule este de 14-16, \u00een cea ionizat\u0103 g\u0103sim 5-6, \u00a0ceea ce \u00eenseamn\u0103 c\u0103 este mai u\u0219or de digerat. <\/strong><\/p>\n<p>Ionimax va transforma pur \u0219i simplu apa obi\u0219nuit\u0103 de la robinet \u00eentr-un stimulent al vie\u021bii. Apa astfel tratat\u0103 <strong>p\u0103trunde mai bine \u0219i mai u\u0219or \u00een celulele corpului dvs., de aceea ob\u021bine\u021bi mai mult\u0103 energie. <\/strong>Consum\u00e2nd o astfel de ap\u0103 are loc\u00a0 o hidratare de calitate iar organismul \u00ee\u0219i men\u021bine regimul consumului de lichide, apa astfel tratat\u0103 are un impact benefic asupra s\u0103n\u0103t\u0103\u021bii omului. Detoxifierea are loc \u00een condi\u021bii mai bune ca \u0219i eliminarea substan\u021belor nocive din organism.<\/p>\n<p>Ionimax-ul ionizeaz\u0103 apa, astfel \u00eei majoreaz\u0103 u\u0219or pH-ul. \u00cen func\u021bie de componen\u021ba concret\u0103 local\u0103, acesta poate fi mai mare cu de la 0,2 p\u00e2n\u0103 la 0,4 pe scara pH.<\/p>\n<p>Aceasta este foarte avantajos pentru organismul uman, dar dezavantajos pentru microorganismele care \u00eentr-un astfel de mediu, natural c\u0103 sunt distruse. M\u0103sur\u0103torile ne-au confirmat declinul lor. \u00cen apa cald\u0103 de la robinet acest declin este chiar mare, de peste zece ori.[\/vc_column_text][\/vc_column_inner][vc_column_inner width=&#8221;1\/2&#8243;][vc_single_image image=&#8221;865&#8243; img_size=&#8221;full&#8221; alignment=&#8221;center&#8221; css=&#8221;.vc_custom_1489132990788{margin-top: 24px !important;}&#8221;][lab_heading title=&#8221;Apa direct de la robinetul dvs. tratat\u0103 de ionimax:&#8221;][\/lab_heading][vc_column_text]<\/p>\n<ul>\n<li><strong>amelioreaz\u0103 problemele pielii \u0219i cele reumatice<\/strong><\/li>\n<li><strong>amelioreaz\u0103 problemele intestinale \u0219i de stomac<\/strong><\/li>\n<li><strong>intensific\u0103 metabolismul<\/strong><\/li>\n<li><strong>\u00eembun\u0103t\u0103\u021be\u0219te echilibrul psihic \u0219i fizic<\/strong><\/li>\n<li><strong>stabilizeaz\u0103 circula\u021bia s\u00e2ngelui<\/strong><\/li>\n<li><strong>accelereaz\u0103 vindecarea r\u0103nilor<\/strong><\/li>\n<li><strong>activeaz\u0103 for\u021ba de via\u021b\u0103 <\/strong><\/li>\n<li><strong>reduce sensibilitatea la schimb\u0103rile vremii <\/strong><\/li>\n<li><strong>are un gust mai bun \u0219i este proasp\u0103t\u0103 o perioad\u0103 mai lung\u0103<\/strong><\/li>\n<li><strong>elimin\u0103 substan\u021bele nocive depuse \u00een corp <\/strong><\/li>\n<li><strong>reducea aciditatea organismului<\/strong><\/li>\n<li><strong>\u00eembun\u0103t\u0103\u021be\u0219te imunitatea<\/strong><\/li>\n<\/ul>\n<p>[\/vc_column_text][\/vc_column_inner][\/vc_row_inner][\/vc_column][\/vc_row]<\/p>\n<\/div>","protected":false},"excerpt":{"rendered":"<p>[vc_row css=&#8221;.vc_custom_1489102263611{padding-top: 50px !important;}&#8221;][vc_column][vc_row_inner][vc_column_inner][lab_heading title=&#8221;Ap\u0103 bun\u0103 la gust &#8221; el_class=&#8221;title centered&#8221;]Direct din robinetul dvs., cu o alcalinitate u\u0219or crescut\u0103, pentru ca s\u0103 asigura\u021bi regimul de lichide [\/lab_heading][\/vc_column_inner][\/vc_row_inner][vc_row_inner][vc_column_inner width=&#8221;1\/2&#8243;][lab_heading title=&#8221;Ap\u0103 bun\u0103 la gust &#8222;][\/lab_heading][vc_column_text] Dori\u021bi gustul apei de izvor?\u00a0 V\u0103 str\u0103dui\u021bi s\u0103 respecta\u021bi regimul de lichide \u0219i nu numai pe timp de var\u0103?\u00a0 Limita\u021bi folosirea recipientelor&hellip;<\/p>\n","protected":false},"author":3,"featured_media":0,"parent":0,"menu_order":0,"comment_status":"closed","ping_status":"closed","template":"","meta":{"_acf_changed":false,"footnotes":""},"class_list":["post-1579","page","type-page","status-publish","hentry"],"acf":[],"yoast_head":"<!-- This site is optimized with the Yoast SEO plugin v23.6 - https:\/\/yoast.com\/wordpress\/plugins\/seo\/ -->\n<title>Chutn\u00e1 voda - Two Eco<\/title>\n<meta name=\"robots\" content=\"index, follow, max-snippet:-1, max-image-preview:large, max-video-preview:-1\" \/>\n<link rel=\"canonical\" href=\"https:\/\/test.twoeco.sk\/ro\/chutna-voda\/\" \/>\n<meta property=\"og:locale\" content=\"ro_RO\" \/>\n<meta property=\"og:type\" content=\"article\" \/>\n<meta property=\"og:title\" content=\"Chutn\u00e1 voda - Two Eco\" \/>\n<meta property=\"og:description\" content=\"[vc_row css=&#8221;.vc_custom_1489102263611{padding-top: 50px !important;}&#8221;][vc_column][vc_row_inner][vc_column_inner][lab_heading title=&#8221;Ap\u0103 bun\u0103 la gust &#8221; el_class=&#8221;title centered&#8221;]Direct din robinetul dvs., cu o alcalinitate u\u0219or crescut\u0103, pentru ca s\u0103 asigura\u021bi regimul de lichide [\/lab_heading][\/vc_column_inner][\/vc_row_inner][vc_row_inner][vc_column_inner width=&#8221;1\/2&#8243;][lab_heading title=&#8221;Ap\u0103 bun\u0103 la gust &#8222;][\/lab_heading][vc_column_text] Dori\u021bi gustul apei de izvor?\u00a0 V\u0103 str\u0103dui\u021bi s\u0103 respecta\u021bi regimul de lichide \u0219i nu numai pe timp de var\u0103?\u00a0 Limita\u021bi folosirea recipientelor&hellip;\" \/>\n<meta property=\"og:url\" content=\"https:\/\/test.twoeco.sk\/ro\/chutna-voda\/\" \/>\n<meta property=\"og:site_name\" content=\"Two Eco\" \/>\n<meta property=\"article:publisher\" content=\"https:\/\/www.facebook.com\/Ionimax-1357153714295887\/\" \/>\n<meta property=\"article:modified_time\" content=\"2017-08-10T10:24:23+00:00\" \/>\n<meta name=\"twitter:card\" content=\"summary_large_image\" \/>\n<meta name=\"twitter:label1\" content=\"Timp estimat pentru citire\" \/>\n\t<meta name=\"twitter:data1\" content=\"3 minute\" \/>\n<script type=\"application\/ld+json\" class=\"yoast-schema-graph\">{\"@context\":\"https:\/\/schema.org\",\"@graph\":[{\"@type\":\"WebPage\",\"@id\":\"https:\/\/test.twoeco.sk\/ro\/chutna-voda\/\",\"url\":\"https:\/\/test.twoeco.sk\/ro\/chutna-voda\/\",\"name\":\"Chutn\u00e1 voda - Two Eco\",\"isPartOf\":{\"@id\":\"https:\/\/test.twoeco.sk\/#website\"},\"datePublished\":\"2017-03-10T08:03:36+00:00\",\"dateModified\":\"2017-08-10T10:24:23+00:00\",\"breadcrumb\":{\"@id\":\"https:\/\/test.twoeco.sk\/ro\/chutna-voda\/#breadcrumb\"},\"inLanguage\":\"ro-RO\",\"potentialAction\":[{\"@type\":\"ReadAction\",\"target\":[\"https:\/\/test.twoeco.sk\/ro\/chutna-voda\/\"]}]},{\"@type\":\"BreadcrumbList\",\"@id\":\"https:\/\/test.twoeco.sk\/ro\/chutna-voda\/#breadcrumb\",\"itemListElement\":[{\"@type\":\"ListItem\",\"position\":1,\"name\":\"Home\",\"item\":\"https:\/\/test.twoeco.sk\/ro\/\"},{\"@type\":\"ListItem\",\"position\":2,\"name\":\"Chutn\u00e1 voda\"}]},{\"@type\":\"WebSite\",\"@id\":\"https:\/\/test.twoeco.sk\/#website\",\"url\":\"https:\/\/test.twoeco.sk\/\",\"name\":\"Two Eco\",\"description\":\"Viac ako \u010dist\u00e1 voda\",\"publisher\":{\"@id\":\"https:\/\/test.twoeco.sk\/#organization\"},\"potentialAction\":[{\"@type\":\"SearchAction\",\"target\":{\"@type\":\"EntryPoint\",\"urlTemplate\":\"https:\/\/test.twoeco.sk\/?s={search_term_string}\"},\"query-input\":{\"@type\":\"PropertyValueSpecification\",\"valueRequired\":true,\"valueName\":\"search_term_string\"}}],\"inLanguage\":\"ro-RO\"},{\"@type\":\"Organization\",\"@id\":\"https:\/\/test.twoeco.sk\/#organization\",\"name\":\"Two ECO, s.r.o.\",\"url\":\"https:\/\/test.twoeco.sk\/\",\"logo\":{\"@type\":\"ImageObject\",\"inLanguage\":\"ro-RO\",\"@id\":\"https:\/\/test.twoeco.sk\/#\/schema\/logo\/image\/\",\"url\":\"https:\/\/test.twoeco.sk\/wp-content\/uploads\/2016\/05\/logo-two-eco-farba.png\",\"contentUrl\":\"https:\/\/test.twoeco.sk\/wp-content\/uploads\/2016\/05\/logo-two-eco-farba.png\",\"width\":318,\"height\":74,\"caption\":\"Two ECO, s.r.o.\"},\"image\":{\"@id\":\"https:\/\/test.twoeco.sk\/#\/schema\/logo\/image\/\"},\"sameAs\":[\"https:\/\/www.facebook.com\/Ionimax-1357153714295887\/\"]}]}<\/script>\n<!-- \/ Yoast SEO plugin. -->","yoast_head_json":{"title":"Chutn\u00e1 voda - Two Eco","robots":{"index":"index","follow":"follow","max-snippet":"max-snippet:-1","max-image-preview":"max-image-preview:large","max-video-preview":"max-video-preview:-1"},"canonical":"https:\/\/test.twoeco.sk\/ro\/chutna-voda\/","og_locale":"ro_RO","og_type":"article","og_title":"Chutn\u00e1 voda - Two Eco","og_description":"[vc_row css=&#8221;.vc_custom_1489102263611{padding-top: 50px !important;}&#8221;][vc_column][vc_row_inner][vc_column_inner][lab_heading title=&#8221;Ap\u0103 bun\u0103 la gust &#8221; el_class=&#8221;title centered&#8221;]Direct din robinetul dvs., cu o alcalinitate u\u0219or crescut\u0103, pentru ca s\u0103 asigura\u021bi regimul de lichide [\/lab_heading][\/vc_column_inner][\/vc_row_inner][vc_row_inner][vc_column_inner width=&#8221;1\/2&#8243;][lab_heading title=&#8221;Ap\u0103 bun\u0103 la gust &#8222;][\/lab_heading][vc_column_text] Dori\u021bi gustul apei de izvor?\u00a0 V\u0103 str\u0103dui\u021bi s\u0103 respecta\u021bi regimul de lichide \u0219i nu numai pe timp de var\u0103?\u00a0 Limita\u021bi folosirea recipientelor&hellip;","og_url":"https:\/\/test.twoeco.sk\/ro\/chutna-voda\/","og_site_name":"Two Eco","article_publisher":"https:\/\/www.facebook.com\/Ionimax-1357153714295887\/","article_modified_time":"2017-08-10T10:24:23+00:00","twitter_card":"summary_large_image","twitter_misc":{"Timp estimat pentru citire":"3 minute"},"schema":{"@context":"https:\/\/schema.org","@graph":[{"@type":"WebPage","@id":"https:\/\/test.twoeco.sk\/ro\/chutna-voda\/","url":"https:\/\/test.twoeco.sk\/ro\/chutna-voda\/","name":"Chutn\u00e1 voda - Two Eco","isPartOf":{"@id":"https:\/\/test.twoeco.sk\/#website"},"datePublished":"2017-03-10T08:03:36+00:00","dateModified":"2017-08-10T10:24:23+00:00","breadcrumb":{"@id":"https:\/\/test.twoeco.sk\/ro\/chutna-voda\/#breadcrumb"},"inLanguage":"ro-RO","potentialAction":[{"@type":"ReadAction","target":["https:\/\/test.twoeco.sk\/ro\/chutna-voda\/"]}]},{"@type":"BreadcrumbList","@id":"https:\/\/test.twoeco.sk\/ro\/chutna-voda\/#breadcrumb","itemListElement":[{"@type":"ListItem","position":1,"name":"Home","item":"https:\/\/test.twoeco.sk\/ro\/"},{"@type":"ListItem","position":2,"name":"Chutn\u00e1 voda"}]},{"@type":"WebSite","@id":"https:\/\/test.twoeco.sk\/#website","url":"https:\/\/test.twoeco.sk\/","name":"Two Eco","description":"Viac ako \u010dist\u00e1 voda","publisher":{"@id":"https:\/\/test.twoeco.sk\/#organization"},"potentialAction":[{"@type":"SearchAction","target":{"@type":"EntryPoint","urlTemplate":"https:\/\/test.twoeco.sk\/?s={search_term_string}"},"query-input":{"@type":"PropertyValueSpecification","valueRequired":true,"valueName":"search_term_string"}}],"inLanguage":"ro-RO"},{"@type":"Organization","@id":"https:\/\/test.twoeco.sk\/#organization","name":"Two ECO, s.r.o.","url":"https:\/\/test.twoeco.sk\/","logo":{"@type":"ImageObject","inLanguage":"ro-RO","@id":"https:\/\/test.twoeco.sk\/#\/schema\/logo\/image\/","url":"https:\/\/test.twoeco.sk\/wp-content\/uploads\/2016\/05\/logo-two-eco-farba.png","contentUrl":"https:\/\/test.twoeco.sk\/wp-content\/uploads\/2016\/05\/logo-two-eco-farba.png","width":318,"height":74,"caption":"Two ECO, s.r.o."},"image":{"@id":"https:\/\/test.twoeco.sk\/#\/schema\/logo\/image\/"},"sameAs":["https:\/\/www.facebook.com\/Ionimax-1357153714295887\/"]}]}},"_links":{"self":[{"href":"https:\/\/test.twoeco.sk\/ro\/wp-json\/wp\/v2\/pages\/1579"}],"collection":[{"href":"https:\/\/test.twoeco.sk\/ro\/wp-json\/wp\/v2\/pages"}],"about":[{"href":"https:\/\/test.twoeco.sk\/ro\/wp-json\/wp\/v2\/types\/page"}],"author":[{"embeddable":true,"href":"https:\/\/test.twoeco.sk\/ro\/wp-json\/wp\/v2\/users\/3"}],"replies":[{"embeddable":true,"href":"https:\/\/test.twoeco.sk\/ro\/wp-json\/wp\/v2\/comments?post=1579"}],"version-history":[{"count":3,"href":"https:\/\/test.twoeco.sk\/ro\/wp-json\/wp\/v2\/pages\/1579\/revisions"}],"predecessor-version":[{"id":2137,"href":"https:\/\/test.twoeco.sk\/ro\/wp-json\/wp\/v2\/pages\/1579\/revisions\/2137"}],"wp:attachment":[{"href":"https:\/\/test.twoeco.sk\/ro\/wp-json\/wp\/v2\/media?parent=1579"}],"curies":[{"name":"wp","href":"https:\/\/api.w.org\/{rel}","templated":true}]}}