{"id":1646,"date":"2017-03-10T09:16:26","date_gmt":"2017-03-10T08:16:26","guid":{"rendered":"https:\/\/test.twoeco.sk\/zachovane-ziviny-stopove-prvky-a-mineraly\/"},"modified":"2017-08-11T10:51:26","modified_gmt":"2017-08-11T08:51:26","slug":"zachovane-ziviny-stopove-prvky-a-mineraly","status":"publish","type":"page","link":"https:\/\/test.twoeco.sk\/pl\/zachovane-ziviny-stopove-prvky-a-mineraly\/","title":{"rendered":"Zachovan\u00e9 \u017eiviny, stopov\u00e9 prvky a miner\u00e1ly"},"content":{"rendered":"<div class=\"wpb-content-wrapper\"><p>[vc_row css=&#8221;.vc_custom_1489102263611{padding-top: 50px !important;}&#8221;][vc_column][vc_row_inner][vc_column_inner][lab_heading title=&#8221;Zachowanie sk\u0142adnik\u00f3w od\u017cywczych, mikroelement\u00f3w i minera\u0142\u00f3w&#8221; el_class=&#8221;title centered&#8221;]Pij wy\u0142\u0105cznie wod\u0119, kt\u00f3ra zawiera to, co najwa\u017cniejsze dla organizmu<br \/>\n[\/lab_heading][\/vc_column_inner][\/vc_row_inner][vc_row_inner][vc_column_inner width=&#8221;1\/2&#8243;][lab_heading title=&#8221;Zachowanie sk\u0142adnik\u00f3w od\u017cywczych, mikroelement\u00f3w i minera\u0142\u00f3w&#8221;][\/lab_heading][vc_column_text]<\/p>\n<ul>\n<li><strong>Czy zastanawia Ci\u0119 jako\u015bci i sk\u0142ad wody w Twojej sieci wodoci\u0105gowej?\u00a0<\/strong><\/li>\n<li><strong>Nie chcesz nadmiernego lub niepotrzebnego filtrowania wody pitnej?\u00a0<\/strong><\/li>\n<li><strong>Potrzebujesz dla siebie, zwierz\u0105t i ro\u015blin nawodnienia wysokiej jako\u015bci?<\/strong><\/li>\n<\/ul>\n<p>Oczywi\u015bcie nikt z nas nie powinien pi\u0107 wody destylowanej.<\/p>\n<p><strong>Jaka jest jako\u015b\u0107 wody u nas?<\/strong> Czy faktycznie jest tak zanieczyszczona i toksyczna? Wiemy, \u017ce \u015brodowisko naturalne si\u0119 zmienia, w niekt\u00f3rych krajach nawet prysznic pod wod\u0105 z sieci wodoci\u0105gowych mo\u017ce by\u0107 toksyczny. Zatem czy filtrowanie staje si\u0119 konieczne?\u00a0Woda pitna na terenie Republiki S\u0142owackiej pochodzi g\u0142\u00f3wnie z podziemnych \u017ar\u00f3de\u0142 (ponad 80%), w poni\u017cej 20% wody pitnej pochodzi z powierzchniowych \u017ar\u00f3de\u0142. Jej parametry i wymagania jako\u015bciowe s\u0105 wyra\u017anie okre\u015blone, wyniki s\u0105 monitorowane i publikowane. Braki czy przekraczanie standard\u00f3w zdarzaj\u0105 si\u0119 bardzo rzadko. Mo\u017cna powiedzie\u0107, \u017ce sytuacja zanieczyszczenia w\u00f3d na S\u0142owacji jeszcze nie jest niekorzystna.<\/p>\n<p>Na poziomie krajowym, wymagania dotycz\u0105ce jako\u015bci wody pitnej s\u0105 okre\u015blane w ustawie nr 355\/2007 Z.z. o ochronie, promocji i rozwoju zdrowia publicznego oraz o zmianie niekt\u00f3rych ustaw, w brzmieniu p\u00f3\u017aniejszych zmian i w Rozporz\u0105dzeniu rz\u0105du RS nr 354\/2006 Z.z. ustanawiaj\u0105cego wymagania dla wody przeznaczonej do spo\u017cycia przez ludzi i kontroli jako\u015bci wody przeznaczonej do spo\u017cycia przez ludzi, zgodnie z brzmieniem Rozporz\u0105dzenia rz\u0105du RS nr 496\/2010 Z.z. W przypadku innej sytuacji w Twojej okolicy, zaleca si\u0119 stosowanie jonizatora wody ionimax w po\u0142\u0105czeniu z filtracj\u0105. Instrukcja dotycz\u0105ca umieszczania filtra oraz ionimaxu znajduje si\u0119 w za\u0142\u0105czonej do opakowania ulotce.[\/vc_column_text][lab_heading title=&#8221;W oparciu o zawarto\u015b\u0107 minera\u0142\u00f3w rozpuszczonych w wodzie, woda mo\u017ce by\u0107:&#8221;][\/lab_heading][vc_column_text]<\/p>\n<ul>\n<li><strong>Destylowana<\/strong> \u2013 jest pozbawiona minera\u0142\u00f3w<\/li>\n<li><strong>Mi\u0119kka<\/strong> \u2013 zawiera kilka sk\u0142adnik\u00f3w mineralnych<\/li>\n<li><strong>Twarda<\/strong> &#8211; z podziemnych \u017ar\u00f3de\u0142, zawiera wi\u0119cej sk\u0142adnik\u00f3w mineralnych<\/li>\n<\/ul>\n<p>[\/vc_column_text][\/vc_column_inner][vc_column_inner width=&#8221;1\/2&#8243; css=&#8221;.vc_custom_1489133636520{margin-top: 24px !important;}&#8221;][vc_column_text]<strong>Minera\u0142y s\u0105 oczywi\u015bcie wa\u017cne dla \u017cycia wszystkich organizm\u00f3w.<\/strong> U ludzi uczestnicz\u0105 nie tylko w budowie ludzkiego i jego r\u00f3\u017cnych tkanek \u2014 bior\u0105 tak\u017ce udzia\u0142 w wa\u017cnych procesach metabolicznych, kt\u00f3re zachodz\u0105 w organizmie. S\u0105 one sta\u0142\u0105 i istotn\u0105 cz\u0119\u015bci\u0105 wszystkich kom\u00f3rek i p\u0142yn\u00f3w ustrojowych. S\u0105 sk\u0142adnikami r\u00f3\u017cnych system\u00f3w enzym\u00f3w, hormon\u00f3w, witamin, r\u00f3\u017cnych funkcjonalnych cz\u0105steczek.<\/p>\n<p><strong>Mineralne od\u017cywianie ro\u015blin <\/strong>oznacza spo\u017cycie substancji mineralnych (nieorganicznych). \u0179r\u00f3d\u0142em mineralnego od\u017cywiania ro\u015blin jest gleba (p\u0142ynna po\u017cywka), za\u015b w przypadku ro\u015blin wodnych jest to woda. Organem absorbuj\u0105cym jest korze\u0144. Z dotychczas znanych nam pierwiastk\u00f3w, w ro\u015blinach mo\u017cna znale\u017a\u0107 prawie wszystkie, jednak nie wszystkie s\u0105 dla nich niezb\u0119dne czy wa\u017cne. Istotne dla \u017cycia elementy s\u0105 znane jako <strong>elementy biogeniczne<\/strong>. Bez biogenicznych element\u00f3w ro\u015blina nie mo\u017ce normalnie \u017cy\u0107 a \u017caden z tych element\u00f3w nie mo\u017ce by\u0107 zast\u0105piony innym.[\/vc_column_text][vc_single_image image=&#8221;893&#8243; img_size=&#8221;full&#8221; alignment=&#8221;center&#8221;][\/vc_column_inner][\/vc_row_inner][vc_row_inner][vc_column_inner][lab_heading title=&#8221;Sprzeczne wymagania dla wody w domu? Twarda kontra mi\u0119kka?&#8221;][\/lab_heading][vc_column_text]<strong>Dla zdrowia<\/strong> ludzi jest oczywi\u015bcie wa\u017cne, aby pi\u0107 wi\u0119cej wody mineralnej, czyli <strong>twardej.<\/strong> Przeciwnie do wody, kt\u00f3ra jest <strong>u\u017cywana do prania, czyszczenia i itp.<\/strong> w domu, a kt\u00f3ra mia\u0142a by by\u0107 <strong>bardziej mi\u0119kka.<\/strong> W jaki spos\u00f3b po\u0142\u0105czy\u0107 te dwie rozbie\u017cne cechy?<\/p>\n<p>Idealnym rozwi\u0105zaniem jest u\u017cycie<strong> jonizatora wody ionimax, kt\u00f3ry nie zmienia sk\u0142adu chemicznego wody w ruroci\u0105gach, ale zmienia jego struktur\u0119 fizyczn\u0105. W zwi\u0105zku z tym pozyskana woda jest twarda, ale o w\u0142a\u015bciwo\u015bciach wody mi\u0119kkiej.\u00a0 <\/strong>Minera\u0142y i sk\u0142adniki od\u017cywcze s\u0105 zachowane, mo\u017cna nawet powiedzie\u0107, \u017ce dejonizowane posiadaj\u0105 lepsze w\u0142a\u015bciwo\u015bci wch\u0142aniania, jednak <strong>nie potrafi\u0105 tworzy\u0107 sta\u0142ych, krystalicznych zwi\u0105zk\u00f3w w rurach wodoci\u0105gowych, w urz\u0105dzeniach u\u017cytku domowego, urz\u0105dzeniach klimatyzacyjnych, na bieli\u017anie i wsz\u0119dzie gdzie uprzednio powodowa\u0142y trudno\u015bci. <\/strong>Ionimax jednocze\u015bnie nie przeszkadza i nie narusza estetyki Twojego domu.[\/vc_column_text][\/vc_column_inner][\/vc_row_inner][\/vc_column][\/vc_row]<\/p>\n<\/div>","protected":false},"excerpt":{"rendered":"<p>[vc_row css=&#8221;.vc_custom_1489102263611{padding-top: 50px !important;}&#8221;][vc_column][vc_row_inner][vc_column_inner][lab_heading title=&#8221;Zachowanie sk\u0142adnik\u00f3w od\u017cywczych, mikroelement\u00f3w i minera\u0142\u00f3w&#8221; el_class=&#8221;title centered&#8221;]Pij wy\u0142\u0105cznie wod\u0119, kt\u00f3ra zawiera to, co najwa\u017cniejsze dla organizmu [\/lab_heading][\/vc_column_inner][\/vc_row_inner][vc_row_inner][vc_column_inner width=&#8221;1\/2&#8243;][lab_heading title=&#8221;Zachowanie sk\u0142adnik\u00f3w od\u017cywczych, mikroelement\u00f3w i minera\u0142\u00f3w&#8221;][\/lab_heading][vc_column_text] Czy zastanawia Ci\u0119 jako\u015bci i sk\u0142ad wody w Twojej sieci wodoci\u0105gowej?\u00a0 Nie chcesz nadmiernego lub niepotrzebnego filtrowania wody pitnej?\u00a0 Potrzebujesz dla siebie, zwierz\u0105t i ro\u015blin nawodnienia&hellip;<\/p>\n","protected":false},"author":3,"featured_media":0,"parent":0,"menu_order":0,"comment_status":"closed","ping_status":"closed","template":"","meta":{"_acf_changed":false,"footnotes":""},"class_list":["post-1646","page","type-page","status-publish","hentry"],"acf":[],"yoast_head":"<!-- This site is optimized with the Yoast SEO plugin v23.6 - https:\/\/yoast.com\/wordpress\/plugins\/seo\/ -->\n<title>Zachovan\u00e9 \u017eiviny, stopov\u00e9 prvky a miner\u00e1ly - Two Eco<\/title>\n<meta name=\"robots\" content=\"index, follow, max-snippet:-1, max-image-preview:large, max-video-preview:-1\" \/>\n<link rel=\"canonical\" href=\"https:\/\/test.twoeco.sk\/pl\/zachovane-ziviny-stopove-prvky-a-mineraly\/\" \/>\n<meta property=\"og:locale\" content=\"pl_PL\" \/>\n<meta property=\"og:type\" content=\"article\" \/>\n<meta property=\"og:title\" content=\"Zachovan\u00e9 \u017eiviny, stopov\u00e9 prvky a miner\u00e1ly - Two Eco\" \/>\n<meta property=\"og:description\" content=\"[vc_row css=&#8221;.vc_custom_1489102263611{padding-top: 50px !important;}&#8221;][vc_column][vc_row_inner][vc_column_inner][lab_heading title=&#8221;Zachowanie sk\u0142adnik\u00f3w od\u017cywczych, mikroelement\u00f3w i minera\u0142\u00f3w&#8221; el_class=&#8221;title centered&#8221;]Pij wy\u0142\u0105cznie wod\u0119, kt\u00f3ra zawiera to, co najwa\u017cniejsze dla organizmu [\/lab_heading][\/vc_column_inner][\/vc_row_inner][vc_row_inner][vc_column_inner width=&#8221;1\/2&#8243;][lab_heading title=&#8221;Zachowanie sk\u0142adnik\u00f3w od\u017cywczych, mikroelement\u00f3w i minera\u0142\u00f3w&#8221;][\/lab_heading][vc_column_text] Czy zastanawia Ci\u0119 jako\u015bci i sk\u0142ad wody w Twojej sieci wodoci\u0105gowej?\u00a0 Nie chcesz nadmiernego lub niepotrzebnego filtrowania wody pitnej?\u00a0 Potrzebujesz dla siebie, zwierz\u0105t i ro\u015blin nawodnienia&hellip;\" \/>\n<meta property=\"og:url\" content=\"https:\/\/test.twoeco.sk\/pl\/zachovane-ziviny-stopove-prvky-a-mineraly\/\" \/>\n<meta property=\"og:site_name\" content=\"Two Eco\" \/>\n<meta property=\"article:publisher\" content=\"https:\/\/www.facebook.com\/Ionimax-1357153714295887\/\" \/>\n<meta property=\"article:modified_time\" content=\"2017-08-11T08:51:26+00:00\" \/>\n<meta name=\"twitter:card\" content=\"summary_large_image\" \/>\n<meta name=\"twitter:label1\" content=\"Szacowany czas czytania\" \/>\n\t<meta name=\"twitter:data1\" content=\"4 minuty\" \/>\n<script type=\"application\/ld+json\" class=\"yoast-schema-graph\">{\"@context\":\"https:\/\/schema.org\",\"@graph\":[{\"@type\":\"WebPage\",\"@id\":\"https:\/\/test.twoeco.sk\/pl\/zachovane-ziviny-stopove-prvky-a-mineraly\/\",\"url\":\"https:\/\/test.twoeco.sk\/pl\/zachovane-ziviny-stopove-prvky-a-mineraly\/\",\"name\":\"Zachovan\u00e9 \u017eiviny, stopov\u00e9 prvky a miner\u00e1ly - Two Eco\",\"isPartOf\":{\"@id\":\"https:\/\/test.twoeco.sk\/#website\"},\"datePublished\":\"2017-03-10T08:16:26+00:00\",\"dateModified\":\"2017-08-11T08:51:26+00:00\",\"breadcrumb\":{\"@id\":\"https:\/\/test.twoeco.sk\/pl\/zachovane-ziviny-stopove-prvky-a-mineraly\/#breadcrumb\"},\"inLanguage\":\"pl-PL\",\"potentialAction\":[{\"@type\":\"ReadAction\",\"target\":[\"https:\/\/test.twoeco.sk\/pl\/zachovane-ziviny-stopove-prvky-a-mineraly\/\"]}]},{\"@type\":\"BreadcrumbList\",\"@id\":\"https:\/\/test.twoeco.sk\/pl\/zachovane-ziviny-stopove-prvky-a-mineraly\/#breadcrumb\",\"itemListElement\":[{\"@type\":\"ListItem\",\"position\":1,\"name\":\"Home\",\"item\":\"https:\/\/test.twoeco.sk\/pl\/\"},{\"@type\":\"ListItem\",\"position\":2,\"name\":\"Zachovan\u00e9 \u017eiviny, stopov\u00e9 prvky a miner\u00e1ly\"}]},{\"@type\":\"WebSite\",\"@id\":\"https:\/\/test.twoeco.sk\/#website\",\"url\":\"https:\/\/test.twoeco.sk\/\",\"name\":\"Two Eco\",\"description\":\"Viac ako \u010dist\u00e1 voda\",\"publisher\":{\"@id\":\"https:\/\/test.twoeco.sk\/#organization\"},\"potentialAction\":[{\"@type\":\"SearchAction\",\"target\":{\"@type\":\"EntryPoint\",\"urlTemplate\":\"https:\/\/test.twoeco.sk\/?s={search_term_string}\"},\"query-input\":{\"@type\":\"PropertyValueSpecification\",\"valueRequired\":true,\"valueName\":\"search_term_string\"}}],\"inLanguage\":\"pl-PL\"},{\"@type\":\"Organization\",\"@id\":\"https:\/\/test.twoeco.sk\/#organization\",\"name\":\"Two ECO, s.r.o.\",\"url\":\"https:\/\/test.twoeco.sk\/\",\"logo\":{\"@type\":\"ImageObject\",\"inLanguage\":\"pl-PL\",\"@id\":\"https:\/\/test.twoeco.sk\/#\/schema\/logo\/image\/\",\"url\":\"https:\/\/test.twoeco.sk\/wp-content\/uploads\/2016\/05\/logo-two-eco-farba.png\",\"contentUrl\":\"https:\/\/test.twoeco.sk\/wp-content\/uploads\/2016\/05\/logo-two-eco-farba.png\",\"width\":318,\"height\":74,\"caption\":\"Two ECO, s.r.o.\"},\"image\":{\"@id\":\"https:\/\/test.twoeco.sk\/#\/schema\/logo\/image\/\"},\"sameAs\":[\"https:\/\/www.facebook.com\/Ionimax-1357153714295887\/\"]}]}<\/script>\n<!-- \/ Yoast SEO plugin. -->","yoast_head_json":{"title":"Zachovan\u00e9 \u017eiviny, stopov\u00e9 prvky a miner\u00e1ly - Two Eco","robots":{"index":"index","follow":"follow","max-snippet":"max-snippet:-1","max-image-preview":"max-image-preview:large","max-video-preview":"max-video-preview:-1"},"canonical":"https:\/\/test.twoeco.sk\/pl\/zachovane-ziviny-stopove-prvky-a-mineraly\/","og_locale":"pl_PL","og_type":"article","og_title":"Zachovan\u00e9 \u017eiviny, stopov\u00e9 prvky a miner\u00e1ly - Two Eco","og_description":"[vc_row css=&#8221;.vc_custom_1489102263611{padding-top: 50px !important;}&#8221;][vc_column][vc_row_inner][vc_column_inner][lab_heading title=&#8221;Zachowanie sk\u0142adnik\u00f3w od\u017cywczych, mikroelement\u00f3w i minera\u0142\u00f3w&#8221; el_class=&#8221;title centered&#8221;]Pij wy\u0142\u0105cznie wod\u0119, kt\u00f3ra zawiera to, co najwa\u017cniejsze dla organizmu [\/lab_heading][\/vc_column_inner][\/vc_row_inner][vc_row_inner][vc_column_inner width=&#8221;1\/2&#8243;][lab_heading title=&#8221;Zachowanie sk\u0142adnik\u00f3w od\u017cywczych, mikroelement\u00f3w i minera\u0142\u00f3w&#8221;][\/lab_heading][vc_column_text] Czy zastanawia Ci\u0119 jako\u015bci i sk\u0142ad wody w Twojej sieci wodoci\u0105gowej?\u00a0 Nie chcesz nadmiernego lub niepotrzebnego filtrowania wody pitnej?\u00a0 Potrzebujesz dla siebie, zwierz\u0105t i ro\u015blin nawodnienia&hellip;","og_url":"https:\/\/test.twoeco.sk\/pl\/zachovane-ziviny-stopove-prvky-a-mineraly\/","og_site_name":"Two Eco","article_publisher":"https:\/\/www.facebook.com\/Ionimax-1357153714295887\/","article_modified_time":"2017-08-11T08:51:26+00:00","twitter_card":"summary_large_image","twitter_misc":{"Szacowany czas czytania":"4 minuty"},"schema":{"@context":"https:\/\/schema.org","@graph":[{"@type":"WebPage","@id":"https:\/\/test.twoeco.sk\/pl\/zachovane-ziviny-stopove-prvky-a-mineraly\/","url":"https:\/\/test.twoeco.sk\/pl\/zachovane-ziviny-stopove-prvky-a-mineraly\/","name":"Zachovan\u00e9 \u017eiviny, stopov\u00e9 prvky a miner\u00e1ly - Two Eco","isPartOf":{"@id":"https:\/\/test.twoeco.sk\/#website"},"datePublished":"2017-03-10T08:16:26+00:00","dateModified":"2017-08-11T08:51:26+00:00","breadcrumb":{"@id":"https:\/\/test.twoeco.sk\/pl\/zachovane-ziviny-stopove-prvky-a-mineraly\/#breadcrumb"},"inLanguage":"pl-PL","potentialAction":[{"@type":"ReadAction","target":["https:\/\/test.twoeco.sk\/pl\/zachovane-ziviny-stopove-prvky-a-mineraly\/"]}]},{"@type":"BreadcrumbList","@id":"https:\/\/test.twoeco.sk\/pl\/zachovane-ziviny-stopove-prvky-a-mineraly\/#breadcrumb","itemListElement":[{"@type":"ListItem","position":1,"name":"Home","item":"https:\/\/test.twoeco.sk\/pl\/"},{"@type":"ListItem","position":2,"name":"Zachovan\u00e9 \u017eiviny, stopov\u00e9 prvky a miner\u00e1ly"}]},{"@type":"WebSite","@id":"https:\/\/test.twoeco.sk\/#website","url":"https:\/\/test.twoeco.sk\/","name":"Two Eco","description":"Viac ako \u010dist\u00e1 voda","publisher":{"@id":"https:\/\/test.twoeco.sk\/#organization"},"potentialAction":[{"@type":"SearchAction","target":{"@type":"EntryPoint","urlTemplate":"https:\/\/test.twoeco.sk\/?s={search_term_string}"},"query-input":{"@type":"PropertyValueSpecification","valueRequired":true,"valueName":"search_term_string"}}],"inLanguage":"pl-PL"},{"@type":"Organization","@id":"https:\/\/test.twoeco.sk\/#organization","name":"Two ECO, s.r.o.","url":"https:\/\/test.twoeco.sk\/","logo":{"@type":"ImageObject","inLanguage":"pl-PL","@id":"https:\/\/test.twoeco.sk\/#\/schema\/logo\/image\/","url":"https:\/\/test.twoeco.sk\/wp-content\/uploads\/2016\/05\/logo-two-eco-farba.png","contentUrl":"https:\/\/test.twoeco.sk\/wp-content\/uploads\/2016\/05\/logo-two-eco-farba.png","width":318,"height":74,"caption":"Two ECO, s.r.o."},"image":{"@id":"https:\/\/test.twoeco.sk\/#\/schema\/logo\/image\/"},"sameAs":["https:\/\/www.facebook.com\/Ionimax-1357153714295887\/"]}]}},"_links":{"self":[{"href":"https:\/\/test.twoeco.sk\/pl\/wp-json\/wp\/v2\/pages\/1646"}],"collection":[{"href":"https:\/\/test.twoeco.sk\/pl\/wp-json\/wp\/v2\/pages"}],"about":[{"href":"https:\/\/test.twoeco.sk\/pl\/wp-json\/wp\/v2\/types\/page"}],"author":[{"embeddable":true,"href":"https:\/\/test.twoeco.sk\/pl\/wp-json\/wp\/v2\/users\/3"}],"replies":[{"embeddable":true,"href":"https:\/\/test.twoeco.sk\/pl\/wp-json\/wp\/v2\/comments?post=1646"}],"version-history":[{"count":2,"href":"https:\/\/test.twoeco.sk\/pl\/wp-json\/wp\/v2\/pages\/1646\/revisions"}],"predecessor-version":[{"id":2194,"href":"https:\/\/test.twoeco.sk\/pl\/wp-json\/wp\/v2\/pages\/1646\/revisions\/2194"}],"wp:attachment":[{"href":"https:\/\/test.twoeco.sk\/pl\/wp-json\/wp\/v2\/media?parent=1646"}],"curies":[{"name":"wp","href":"https:\/\/api.w.org\/{rel}","templated":true}]}}