{"id":2086,"date":"2017-03-10T09:16:26","date_gmt":"2017-03-10T08:16:26","guid":{"rendered":"https:\/\/test.twoeco.sk\/zachovane-ziviny-stopove-prvky-a-mineraly\/"},"modified":"2017-08-11T10:56:22","modified_gmt":"2017-08-11T08:56:22","slug":"zachovane-ziviny-stopove-prvky-a-mineraly","status":"publish","type":"page","link":"https:\/\/test.twoeco.sk\/it\/zachovane-ziviny-stopove-prvky-a-mineraly\/","title":{"rendered":"Zachovan\u00e9 \u017eiviny, stopov\u00e9 prvky a miner\u00e1ly"},"content":{"rendered":"<div class=\"wpb-content-wrapper\"><p>[vc_row css=&#8221;.vc_custom_1489102263611{padding-top: 50px !important;}&#8221;][vc_column][vc_row_inner][vc_column_inner][lab_heading title=&#8221;Conservare i nutrienti, gli oligoelementi e i minerali&#8221; el_class=&#8221;title centered&#8221;]Bevete solo acqua deliziosa, la quale contiene gli elementi pi\u00f9 importanti per il vostro corpo<br \/>\n[\/lab_heading][\/vc_column_inner][\/vc_row_inner][vc_row_inner][vc_column_inner width=&#8221;1\/2&#8243;][lab_heading title=&#8221;Conservare i nutrienti, gli oligoelementi e i minerali&#8221;][\/lab_heading][vc_column_text]<\/p>\n<ul>\n<li><strong>Vi interessate della qualit\u00e0 e la composizione dell&#8217;acqua nei vostri tubi dell&#8217;acqua?\u00a0<\/strong><\/li>\n<li><strong>Non volete impropriamente o inutilmente filtrare l&#8217;acqua potabile?\u00a0<\/strong><\/li>\n<li><strong>Volete una soluzione per la vostra idratazione, quella degli animali e per l\u00b4innaffiamento delle piante?<\/strong><\/li>\n<\/ul>\n<p>Ovviamente sarete d&#8217;accordo sul fatto, che nessuno di noi non dovrebbe bere acqua distillata.<\/p>\n<p><strong>Ma che qualit\u00e0 hanno delle acque nel nostro paese?<\/strong> Sono davvero cos\u00ec inquinate e tossiche come si dice? Sappiamo che l&#8217;ambiente sta cambiando e in alcuni paesi gi\u00e0 una semplice doccia pu\u00f2 essere tossica. E &#8216;quindi necessario filtrarla?\u00a0L&#8217;acqua potabile nella Repubblica slovacca proviene principalmente da fonti sotterranee (oltre l&#8217;80%), meno del 20% dell\u00b4acqua potabile proviene da fonti di superficie. I suoi parametri e requisiti sulla qualit\u00e0 sono chiaramente indicati, i risultati vengono monitorati e presentati pubblicamente. La mancanza e il superamento delle norme avviene molto di rado. Si potrebbe dire che la situazione di inquinamento delle acque nel nostro paese \u00e8 ancora favorevole.<\/p>\n<p>A livello nazionale, i requisiti per la qualit\u00e0 delle acque definite dalla legge n. 355\/2007 in materia di protezione, sostegno e sviluppo della salute pubblica e sulle modifiche ad alcune leggi, come modificate, e il regolamento governativo n. 354\/2006, che stabilisce i requisiti in materia di acque destinate al consumo umano e il controllo della qualit\u00e0 delle acque destinate al consumo umano, come modificato dal Decreto del governo n. 496\/2010. Se proprio nella vostra zona la situazione \u00e8 diversa, si consiglia uno ionizzatore dell&#8217;acqua ionimax combinato con filtrazione. Troverete le istruzioni per posizionare il filtro e ionimax nel foglietto illustrativo.[\/vc_column_text][lab_heading title=&#8221;In base al contenuto di minerali disciolti in acqua, l&#8217;acqua pu\u00f2 essere:&#8221;][\/lab_heading][vc_column_text]<\/p>\n<ul>\n<li><strong>Distillata<\/strong> &#8211; quindi priva di sostanze minerali<\/li>\n<li><strong>Dolce<\/strong> \u2013 contiene poche sostanze minerali<\/li>\n<li><strong>Dura<\/strong> \u2013 da fonti sotterranee, che contiene pi\u00f9 minerali<\/li>\n<\/ul>\n<p>[\/vc_column_text][\/vc_column_inner][vc_column_inner width=&#8221;1\/2&#8243; css=&#8221;.vc_custom_1489133636520{margin-top: 24px !important;}&#8221;][vc_column_text]<strong>Le sostanze minerali sono ovviamente importanti per tutti gli organismi viventi.<\/strong> Negli esseri umani non prendono parte solamente nella costruzione del corpo e dei suoi vari tessuti &#8211; sono coinvolti anche nei processi metabolici vitali che avvengono nel corpo. Sono parte integrante di ogni cellula e fluido corporeo. Sono componenti di vari sistemi enzimatici, ormoni, vitamine, varie molecole funzionali.<\/p>\n<p><strong>Per nutrizione minerale nelle piante<\/strong> viene considerato il ricevimento di sostanze (anorganiche) minerali. La fonte della nutrizione minerale delle piante \u00e8 il suolo (soluzione nutritiva), per quelle acquatiche \u00e8 l&#8217;acqua. L\u00b4organo per il ricevimento sono le radici. Dagli elementi gi\u00e0 noti, nelle piante sono stati rilevati tutti, ma non tutti sono importanti per le piante. Gli elementi vitali sono chiamati <strong>elementi biogeni<\/strong>. Senza gli elementi biogeni la pianta non pu\u00f2 vivere normalmente e nessuno di questi non pu\u00f2 essere sostituito da un\u00b4altro.[\/vc_column_text][vc_single_image image=&#8221;893&#8243; img_size=&#8221;full&#8221; alignment=&#8221;center&#8221;][\/vc_column_inner][\/vc_row_inner][vc_row_inner][vc_column_inner][lab_heading title=&#8221;Richieste conflittuali per l\u00b4acqua nelle case? Dura vs dolce?&#8221;][\/lab_heading][vc_column_text]Per <strong>la salute<\/strong> umana \u00e8 ovviamente importante bere acqua <strong>con pi\u00f9 minerali, quindi dura.<\/strong> L&#8217;acqua, la quale deve servire <strong>al lavaggio, la pulizia<\/strong>, ecc in casa deve essere <strong>al contrario pi\u00f9 dolce.<\/strong> Tuttavia come conciliare queste due esigenze diverse?<\/p>\n<p><strong>La soluzione ideale \u00e8 quella di utilizzare il ionizzatore di acqua ionimax, il quale non cambia la composizione chimica dell&#8217;acqua nei tubi, ma cambia la sua struttura fisica. Cos\u00ec, si ottiene acqua dura, con le propriet\u00e0 di acqua dolce. <\/strong>I minerali e le sostanze nutritive sono conservate, addirittura ionizzate per un migliore assorbimento, ma <strong>non sono in grado di formare collegamenti solidi sui vostri tubi, elettrodomestici, impianti di aria condizionata, lavanderia e dove in precedenza vi creavano difficolt\u00e0. <\/strong>Nello stesso tempo Ionimax non ingombra e non disorganizza il design della vostra casa.[\/vc_column_text][\/vc_column_inner][\/vc_row_inner][\/vc_column][\/vc_row]<\/p>\n<\/div>","protected":false},"excerpt":{"rendered":"<p>[vc_row css=&#8221;.vc_custom_1489102263611{padding-top: 50px !important;}&#8221;][vc_column][vc_row_inner][vc_column_inner][lab_heading title=&#8221;Conservare i nutrienti, gli oligoelementi e i minerali&#8221; el_class=&#8221;title centered&#8221;]Bevete solo acqua deliziosa, la quale contiene gli elementi pi\u00f9 importanti per il vostro corpo [\/lab_heading][\/vc_column_inner][\/vc_row_inner][vc_row_inner][vc_column_inner width=&#8221;1\/2&#8243;][lab_heading title=&#8221;Conservare i nutrienti, gli oligoelementi e i minerali&#8221;][\/lab_heading][vc_column_text] Vi interessate della qualit\u00e0 e la composizione dell&#8217;acqua nei vostri tubi dell&#8217;acqua?\u00a0 Non volete impropriamente o inutilmente&hellip;<\/p>\n","protected":false},"author":3,"featured_media":0,"parent":0,"menu_order":0,"comment_status":"closed","ping_status":"closed","template":"","meta":{"_acf_changed":false,"footnotes":""},"class_list":["post-2086","page","type-page","status-publish","hentry"],"acf":[],"yoast_head":"<!-- This site is optimized with the Yoast SEO plugin v23.6 - https:\/\/yoast.com\/wordpress\/plugins\/seo\/ -->\n<title>Zachovan\u00e9 \u017eiviny, stopov\u00e9 prvky a miner\u00e1ly - Two Eco<\/title>\n<meta name=\"robots\" content=\"index, follow, max-snippet:-1, max-image-preview:large, max-video-preview:-1\" \/>\n<link rel=\"canonical\" href=\"https:\/\/test.twoeco.sk\/it\/zachovane-ziviny-stopove-prvky-a-mineraly\/\" \/>\n<meta property=\"og:locale\" content=\"it_IT\" \/>\n<meta property=\"og:type\" content=\"article\" \/>\n<meta property=\"og:title\" content=\"Zachovan\u00e9 \u017eiviny, stopov\u00e9 prvky a miner\u00e1ly - Two Eco\" \/>\n<meta property=\"og:description\" content=\"[vc_row css=&#8221;.vc_custom_1489102263611{padding-top: 50px !important;}&#8221;][vc_column][vc_row_inner][vc_column_inner][lab_heading title=&#8221;Conservare i nutrienti, gli oligoelementi e i minerali&#8221; el_class=&#8221;title centered&#8221;]Bevete solo acqua deliziosa, la quale contiene gli elementi pi\u00f9 importanti per il vostro corpo [\/lab_heading][\/vc_column_inner][\/vc_row_inner][vc_row_inner][vc_column_inner width=&#8221;1\/2&#8243;][lab_heading title=&#8221;Conservare i nutrienti, gli oligoelementi e i minerali&#8221;][\/lab_heading][vc_column_text] Vi interessate della qualit\u00e0 e la composizione dell&#8217;acqua nei vostri tubi dell&#8217;acqua?\u00a0 Non volete impropriamente o inutilmente&hellip;\" \/>\n<meta property=\"og:url\" content=\"https:\/\/test.twoeco.sk\/it\/zachovane-ziviny-stopove-prvky-a-mineraly\/\" \/>\n<meta property=\"og:site_name\" content=\"Two Eco\" \/>\n<meta property=\"article:publisher\" content=\"https:\/\/www.facebook.com\/Ionimax-1357153714295887\/\" \/>\n<meta property=\"article:modified_time\" content=\"2017-08-11T08:56:22+00:00\" \/>\n<meta name=\"twitter:card\" content=\"summary_large_image\" \/>\n<meta name=\"twitter:label1\" content=\"Tempo di lettura stimato\" \/>\n\t<meta name=\"twitter:data1\" content=\"4 minuti\" \/>\n<script type=\"application\/ld+json\" class=\"yoast-schema-graph\">{\"@context\":\"https:\/\/schema.org\",\"@graph\":[{\"@type\":\"WebPage\",\"@id\":\"https:\/\/test.twoeco.sk\/it\/zachovane-ziviny-stopove-prvky-a-mineraly\/\",\"url\":\"https:\/\/test.twoeco.sk\/it\/zachovane-ziviny-stopove-prvky-a-mineraly\/\",\"name\":\"Zachovan\u00e9 \u017eiviny, stopov\u00e9 prvky a miner\u00e1ly - Two Eco\",\"isPartOf\":{\"@id\":\"https:\/\/test.twoeco.sk\/#website\"},\"datePublished\":\"2017-03-10T08:16:26+00:00\",\"dateModified\":\"2017-08-11T08:56:22+00:00\",\"breadcrumb\":{\"@id\":\"https:\/\/test.twoeco.sk\/it\/zachovane-ziviny-stopove-prvky-a-mineraly\/#breadcrumb\"},\"inLanguage\":\"it-IT\",\"potentialAction\":[{\"@type\":\"ReadAction\",\"target\":[\"https:\/\/test.twoeco.sk\/it\/zachovane-ziviny-stopove-prvky-a-mineraly\/\"]}]},{\"@type\":\"BreadcrumbList\",\"@id\":\"https:\/\/test.twoeco.sk\/it\/zachovane-ziviny-stopove-prvky-a-mineraly\/#breadcrumb\",\"itemListElement\":[{\"@type\":\"ListItem\",\"position\":1,\"name\":\"Home\",\"item\":\"https:\/\/test.twoeco.sk\/it\/\"},{\"@type\":\"ListItem\",\"position\":2,\"name\":\"Zachovan\u00e9 \u017eiviny, stopov\u00e9 prvky a miner\u00e1ly\"}]},{\"@type\":\"WebSite\",\"@id\":\"https:\/\/test.twoeco.sk\/#website\",\"url\":\"https:\/\/test.twoeco.sk\/\",\"name\":\"Two Eco\",\"description\":\"Viac ako \u010dist\u00e1 voda\",\"publisher\":{\"@id\":\"https:\/\/test.twoeco.sk\/#organization\"},\"potentialAction\":[{\"@type\":\"SearchAction\",\"target\":{\"@type\":\"EntryPoint\",\"urlTemplate\":\"https:\/\/test.twoeco.sk\/?s={search_term_string}\"},\"query-input\":{\"@type\":\"PropertyValueSpecification\",\"valueRequired\":true,\"valueName\":\"search_term_string\"}}],\"inLanguage\":\"it-IT\"},{\"@type\":\"Organization\",\"@id\":\"https:\/\/test.twoeco.sk\/#organization\",\"name\":\"Two ECO, s.r.o.\",\"url\":\"https:\/\/test.twoeco.sk\/\",\"logo\":{\"@type\":\"ImageObject\",\"inLanguage\":\"it-IT\",\"@id\":\"https:\/\/test.twoeco.sk\/#\/schema\/logo\/image\/\",\"url\":\"https:\/\/test.twoeco.sk\/wp-content\/uploads\/2016\/05\/logo-two-eco-farba.png\",\"contentUrl\":\"https:\/\/test.twoeco.sk\/wp-content\/uploads\/2016\/05\/logo-two-eco-farba.png\",\"width\":318,\"height\":74,\"caption\":\"Two ECO, s.r.o.\"},\"image\":{\"@id\":\"https:\/\/test.twoeco.sk\/#\/schema\/logo\/image\/\"},\"sameAs\":[\"https:\/\/www.facebook.com\/Ionimax-1357153714295887\/\"]}]}<\/script>\n<!-- \/ Yoast SEO plugin. -->","yoast_head_json":{"title":"Zachovan\u00e9 \u017eiviny, stopov\u00e9 prvky a miner\u00e1ly - Two Eco","robots":{"index":"index","follow":"follow","max-snippet":"max-snippet:-1","max-image-preview":"max-image-preview:large","max-video-preview":"max-video-preview:-1"},"canonical":"https:\/\/test.twoeco.sk\/it\/zachovane-ziviny-stopove-prvky-a-mineraly\/","og_locale":"it_IT","og_type":"article","og_title":"Zachovan\u00e9 \u017eiviny, stopov\u00e9 prvky a miner\u00e1ly - Two Eco","og_description":"[vc_row css=&#8221;.vc_custom_1489102263611{padding-top: 50px !important;}&#8221;][vc_column][vc_row_inner][vc_column_inner][lab_heading title=&#8221;Conservare i nutrienti, gli oligoelementi e i minerali&#8221; el_class=&#8221;title centered&#8221;]Bevete solo acqua deliziosa, la quale contiene gli elementi pi\u00f9 importanti per il vostro corpo [\/lab_heading][\/vc_column_inner][\/vc_row_inner][vc_row_inner][vc_column_inner width=&#8221;1\/2&#8243;][lab_heading title=&#8221;Conservare i nutrienti, gli oligoelementi e i minerali&#8221;][\/lab_heading][vc_column_text] Vi interessate della qualit\u00e0 e la composizione dell&#8217;acqua nei vostri tubi dell&#8217;acqua?\u00a0 Non volete impropriamente o inutilmente&hellip;","og_url":"https:\/\/test.twoeco.sk\/it\/zachovane-ziviny-stopove-prvky-a-mineraly\/","og_site_name":"Two Eco","article_publisher":"https:\/\/www.facebook.com\/Ionimax-1357153714295887\/","article_modified_time":"2017-08-11T08:56:22+00:00","twitter_card":"summary_large_image","twitter_misc":{"Tempo di lettura stimato":"4 minuti"},"schema":{"@context":"https:\/\/schema.org","@graph":[{"@type":"WebPage","@id":"https:\/\/test.twoeco.sk\/it\/zachovane-ziviny-stopove-prvky-a-mineraly\/","url":"https:\/\/test.twoeco.sk\/it\/zachovane-ziviny-stopove-prvky-a-mineraly\/","name":"Zachovan\u00e9 \u017eiviny, stopov\u00e9 prvky a miner\u00e1ly - Two Eco","isPartOf":{"@id":"https:\/\/test.twoeco.sk\/#website"},"datePublished":"2017-03-10T08:16:26+00:00","dateModified":"2017-08-11T08:56:22+00:00","breadcrumb":{"@id":"https:\/\/test.twoeco.sk\/it\/zachovane-ziviny-stopove-prvky-a-mineraly\/#breadcrumb"},"inLanguage":"it-IT","potentialAction":[{"@type":"ReadAction","target":["https:\/\/test.twoeco.sk\/it\/zachovane-ziviny-stopove-prvky-a-mineraly\/"]}]},{"@type":"BreadcrumbList","@id":"https:\/\/test.twoeco.sk\/it\/zachovane-ziviny-stopove-prvky-a-mineraly\/#breadcrumb","itemListElement":[{"@type":"ListItem","position":1,"name":"Home","item":"https:\/\/test.twoeco.sk\/it\/"},{"@type":"ListItem","position":2,"name":"Zachovan\u00e9 \u017eiviny, stopov\u00e9 prvky a miner\u00e1ly"}]},{"@type":"WebSite","@id":"https:\/\/test.twoeco.sk\/#website","url":"https:\/\/test.twoeco.sk\/","name":"Two Eco","description":"Viac ako \u010dist\u00e1 voda","publisher":{"@id":"https:\/\/test.twoeco.sk\/#organization"},"potentialAction":[{"@type":"SearchAction","target":{"@type":"EntryPoint","urlTemplate":"https:\/\/test.twoeco.sk\/?s={search_term_string}"},"query-input":{"@type":"PropertyValueSpecification","valueRequired":true,"valueName":"search_term_string"}}],"inLanguage":"it-IT"},{"@type":"Organization","@id":"https:\/\/test.twoeco.sk\/#organization","name":"Two ECO, s.r.o.","url":"https:\/\/test.twoeco.sk\/","logo":{"@type":"ImageObject","inLanguage":"it-IT","@id":"https:\/\/test.twoeco.sk\/#\/schema\/logo\/image\/","url":"https:\/\/test.twoeco.sk\/wp-content\/uploads\/2016\/05\/logo-two-eco-farba.png","contentUrl":"https:\/\/test.twoeco.sk\/wp-content\/uploads\/2016\/05\/logo-two-eco-farba.png","width":318,"height":74,"caption":"Two ECO, s.r.o."},"image":{"@id":"https:\/\/test.twoeco.sk\/#\/schema\/logo\/image\/"},"sameAs":["https:\/\/www.facebook.com\/Ionimax-1357153714295887\/"]}]}},"_links":{"self":[{"href":"https:\/\/test.twoeco.sk\/it\/wp-json\/wp\/v2\/pages\/2086"}],"collection":[{"href":"https:\/\/test.twoeco.sk\/it\/wp-json\/wp\/v2\/pages"}],"about":[{"href":"https:\/\/test.twoeco.sk\/it\/wp-json\/wp\/v2\/types\/page"}],"author":[{"embeddable":true,"href":"https:\/\/test.twoeco.sk\/it\/wp-json\/wp\/v2\/users\/3"}],"replies":[{"embeddable":true,"href":"https:\/\/test.twoeco.sk\/it\/wp-json\/wp\/v2\/comments?post=2086"}],"version-history":[{"count":3,"href":"https:\/\/test.twoeco.sk\/it\/wp-json\/wp\/v2\/pages\/2086\/revisions"}],"predecessor-version":[{"id":2197,"href":"https:\/\/test.twoeco.sk\/it\/wp-json\/wp\/v2\/pages\/2086\/revisions\/2197"}],"wp:attachment":[{"href":"https:\/\/test.twoeco.sk\/it\/wp-json\/wp\/v2\/media?parent=2086"}],"curies":[{"name":"wp","href":"https:\/\/api.w.org\/{rel}","templated":true}]}}