{"id":2079,"date":"2017-03-10T09:03:36","date_gmt":"2017-03-10T08:03:36","guid":{"rendered":"https:\/\/test.twoeco.sk\/chutna-voda\/"},"modified":"2017-08-10T12:34:28","modified_gmt":"2017-08-10T10:34:28","slug":"chutna-voda","status":"publish","type":"page","link":"https:\/\/test.twoeco.sk\/it\/chutna-voda\/","title":{"rendered":"Chutn\u00e1 voda"},"content":{"rendered":"<div class=\"wpb-content-wrapper\"><p>[vc_row css=&#8221;.vc_custom_1489102263611{padding-top: 50px !important;}&#8221;][vc_column][vc_row_inner][vc_column_inner][lab_heading title=&#8221;Acqua gustosa&#8221; el_class=&#8221;title centered&#8221;]Direttamente dal vostro rubinetto con un&#8217;alcalinit\u00e0 leggermente rialzata, per il vostro regime potabile<br \/>\n[\/lab_heading][\/vc_column_inner][\/vc_row_inner][vc_row_inner][vc_column_inner width=&#8221;1\/2&#8243;][lab_heading title=&#8221;Acqua gustosa&#8221;][\/lab_heading][vc_column_text]<\/p>\n<ul>\n<li><strong>Volete assaggiare acqua di sorgente?\u00a0<\/strong><\/li>\n<li><strong>State cercando di osservare il regime potabile, non solo in estate?\u00a0<\/strong><\/li>\n<li><strong>Limitate l&#8217;uso di bottiglie di plastica?\u00a0<\/strong><\/li>\n<li><strong>Volete per la vostra famiglia una dieta sana?\u00a0<\/strong><\/li>\n<li><strong>Siete interessati al tema di acidificazione e alcalinit\u00e0 nel corpo?<\/strong><\/li>\n<\/ul>\n<p><strong>Il sapore dell&#8217;acqua trattata con ionimax potrebbe essere caratterizzato dalle parole dell\u00b4enologo: \u201csi rotola sulla lingua\u201d, ha \u201cun gusto rotondo\u201d\u2026<\/strong><\/p>\n<p>Perch\u00e9 \u00e8 cos\u00ec? L\u00b4acqua purificata e ionizzata cambia la sua struttura.<\/p>\n<p>Le leggi della natura e della fisica ci permettono tramite la ionizzazione di cambiare la struttura irregolare dell\u00b4acqua da pi\u00f9 gruppi di molecole di acqua H2O, a una forma naturale di regolari (esagonali) molecole. Immaginatela come un fiocchi di neve.<\/p>\n<p><strong>Il gruppo di molecole nell\u00b4acqua normale \u00e8 14-16, l\u00b4acqua ionizzata ne ha 5-6, che significa che \u00e8 digeribile pi\u00f9 facilmente .<\/strong><\/p>\n<p>Ionimax trasforma la normale acqua di rubinetto in un supporto per l\u00b4organismo. L&#8217;acqua trattata in questo modo \u00e8 infatti <strong>migliore e penetra pi\u00f9 facilmente nelle cellule del vostro corpo, in modo da darvi pi\u00f9 energia.<\/strong> Bevendola avviene una migliore idratazione e l\u00b4osservazione del regime potabile con quest\u00b4acqua ha una grande influenza sulla salute umana. Altrettanto funziona anche il la disintossicazione e l\u00b4eliminazione delle sostanze nocive dal corpo.<\/p>\n<p>Ionimax ionizzata l\u00b4acqua e quindi aumenta leggermente anche il pH. Secondo una particolare composizione dell&#8217;acqua \u00e8 circa da 0,2 e 0,4 sulla scala del pH.<\/p>\n<p>Questo \u00e8 estremamente utile per il corpo umano, \u2028ma non \u00e8 adatto per i microrganismi, i quali in quest&#8217;ambiente muoiono naturalmente. Le misurazioni hanno confermato la loro perdita. Nell&#8217;acqua calda dai tubi di acqua, la diminuzione \u00e8 ancora pi\u00f9 grande, pi\u00f9 di dieci volte.[\/vc_column_text][\/vc_column_inner][vc_column_inner width=&#8221;1\/2&#8243;][vc_single_image image=&#8221;865&#8243; img_size=&#8221;full&#8221; alignment=&#8221;center&#8221; css=&#8221;.vc_custom_1489132990788{margin-top: 24px !important;}&#8221;][lab_heading title=&#8221;L\u00b4acqua direttamente dal vostro rubinetto trattata con ionimax:&#8221;][\/lab_heading][vc_column_text]<\/p>\n<ul>\n<li><strong>allevia i problemi della pelle e reumatici<\/strong><\/li>\n<li><strong>allevia problemi di stomaco e dell&#8217;intestino<\/strong><\/li>\n<li><strong>rafforza il processo di conversione sostanze<\/strong><\/li>\n<li><strong>migliora l&#8217;equilibrio fisico e mentale<\/strong><\/li>\n<li><strong>stabilizza la circolazione sanguigna<\/strong><\/li>\n<li><strong>accelera la guarigione delle ferite<\/strong><\/li>\n<li><strong>attiva la forza vitale<\/strong><\/li>\n<li><strong>riduce la sensibilit\u00e0 ai cambiamenti nel tempo<\/strong><\/li>\n<li><strong>ha un sapore migliore e una freschezza pi\u00f9 lunga\u00a0<\/strong><\/li>\n<li><strong>elimina dal corpo le sostanze nocive, le quali si sono depositate<\/strong><\/li>\n<li><strong>allevia l\u00b4acidit\u00e0 del corpo<\/strong><\/li>\n<li><strong>rafforza il sistema immunitario<\/strong><\/li>\n<\/ul>\n<p>[\/vc_column_text][\/vc_column_inner][\/vc_row_inner][\/vc_column][\/vc_row]<\/p>\n<\/div>","protected":false},"excerpt":{"rendered":"<p>[vc_row css=&#8221;.vc_custom_1489102263611{padding-top: 50px !important;}&#8221;][vc_column][vc_row_inner][vc_column_inner][lab_heading title=&#8221;Acqua gustosa&#8221; el_class=&#8221;title centered&#8221;]Direttamente dal vostro rubinetto con un&#8217;alcalinit\u00e0 leggermente rialzata, per il vostro regime potabile [\/lab_heading][\/vc_column_inner][\/vc_row_inner][vc_row_inner][vc_column_inner width=&#8221;1\/2&#8243;][lab_heading title=&#8221;Acqua gustosa&#8221;][\/lab_heading][vc_column_text] Volete assaggiare acqua di sorgente?\u00a0 State cercando di osservare il regime potabile, non solo in estate?\u00a0 Limitate l&#8217;uso di bottiglie di plastica?\u00a0 Volete per la vostra famiglia una dieta sana?\u00a0 Siete&hellip;<\/p>\n","protected":false},"author":3,"featured_media":0,"parent":0,"menu_order":0,"comment_status":"closed","ping_status":"closed","template":"","meta":{"_acf_changed":false,"footnotes":""},"class_list":["post-2079","page","type-page","status-publish","hentry"],"acf":[],"yoast_head":"<!-- This site is optimized with the Yoast SEO plugin v23.6 - https:\/\/yoast.com\/wordpress\/plugins\/seo\/ -->\n<title>Chutn\u00e1 voda - Two Eco<\/title>\n<meta name=\"robots\" content=\"index, follow, max-snippet:-1, max-image-preview:large, max-video-preview:-1\" \/>\n<link rel=\"canonical\" href=\"https:\/\/test.twoeco.sk\/it\/chutna-voda\/\" \/>\n<meta property=\"og:locale\" content=\"it_IT\" \/>\n<meta property=\"og:type\" content=\"article\" \/>\n<meta property=\"og:title\" content=\"Chutn\u00e1 voda - Two Eco\" \/>\n<meta property=\"og:description\" content=\"[vc_row css=&#8221;.vc_custom_1489102263611{padding-top: 50px !important;}&#8221;][vc_column][vc_row_inner][vc_column_inner][lab_heading title=&#8221;Acqua gustosa&#8221; el_class=&#8221;title centered&#8221;]Direttamente dal vostro rubinetto con un&#8217;alcalinit\u00e0 leggermente rialzata, per il vostro regime potabile [\/lab_heading][\/vc_column_inner][\/vc_row_inner][vc_row_inner][vc_column_inner width=&#8221;1\/2&#8243;][lab_heading title=&#8221;Acqua gustosa&#8221;][\/lab_heading][vc_column_text] Volete assaggiare acqua di sorgente?\u00a0 State cercando di osservare il regime potabile, non solo in estate?\u00a0 Limitate l&#8217;uso di bottiglie di plastica?\u00a0 Volete per la vostra famiglia una dieta sana?\u00a0 Siete&hellip;\" \/>\n<meta property=\"og:url\" content=\"https:\/\/test.twoeco.sk\/it\/chutna-voda\/\" \/>\n<meta property=\"og:site_name\" content=\"Two Eco\" \/>\n<meta property=\"article:publisher\" content=\"https:\/\/www.facebook.com\/Ionimax-1357153714295887\/\" \/>\n<meta property=\"article:modified_time\" content=\"2017-08-10T10:34:28+00:00\" \/>\n<meta name=\"twitter:card\" content=\"summary_large_image\" \/>\n<meta name=\"twitter:label1\" content=\"Tempo di lettura stimato\" \/>\n\t<meta name=\"twitter:data1\" content=\"2 minuti\" \/>\n<script type=\"application\/ld+json\" class=\"yoast-schema-graph\">{\"@context\":\"https:\/\/schema.org\",\"@graph\":[{\"@type\":\"WebPage\",\"@id\":\"https:\/\/test.twoeco.sk\/it\/chutna-voda\/\",\"url\":\"https:\/\/test.twoeco.sk\/it\/chutna-voda\/\",\"name\":\"Chutn\u00e1 voda - Two Eco\",\"isPartOf\":{\"@id\":\"https:\/\/test.twoeco.sk\/#website\"},\"datePublished\":\"2017-03-10T08:03:36+00:00\",\"dateModified\":\"2017-08-10T10:34:28+00:00\",\"breadcrumb\":{\"@id\":\"https:\/\/test.twoeco.sk\/it\/chutna-voda\/#breadcrumb\"},\"inLanguage\":\"it-IT\",\"potentialAction\":[{\"@type\":\"ReadAction\",\"target\":[\"https:\/\/test.twoeco.sk\/it\/chutna-voda\/\"]}]},{\"@type\":\"BreadcrumbList\",\"@id\":\"https:\/\/test.twoeco.sk\/it\/chutna-voda\/#breadcrumb\",\"itemListElement\":[{\"@type\":\"ListItem\",\"position\":1,\"name\":\"Home\",\"item\":\"https:\/\/test.twoeco.sk\/it\/\"},{\"@type\":\"ListItem\",\"position\":2,\"name\":\"Chutn\u00e1 voda\"}]},{\"@type\":\"WebSite\",\"@id\":\"https:\/\/test.twoeco.sk\/#website\",\"url\":\"https:\/\/test.twoeco.sk\/\",\"name\":\"Two Eco\",\"description\":\"Viac ako \u010dist\u00e1 voda\",\"publisher\":{\"@id\":\"https:\/\/test.twoeco.sk\/#organization\"},\"potentialAction\":[{\"@type\":\"SearchAction\",\"target\":{\"@type\":\"EntryPoint\",\"urlTemplate\":\"https:\/\/test.twoeco.sk\/?s={search_term_string}\"},\"query-input\":{\"@type\":\"PropertyValueSpecification\",\"valueRequired\":true,\"valueName\":\"search_term_string\"}}],\"inLanguage\":\"it-IT\"},{\"@type\":\"Organization\",\"@id\":\"https:\/\/test.twoeco.sk\/#organization\",\"name\":\"Two ECO, s.r.o.\",\"url\":\"https:\/\/test.twoeco.sk\/\",\"logo\":{\"@type\":\"ImageObject\",\"inLanguage\":\"it-IT\",\"@id\":\"https:\/\/test.twoeco.sk\/#\/schema\/logo\/image\/\",\"url\":\"https:\/\/test.twoeco.sk\/wp-content\/uploads\/2016\/05\/logo-two-eco-farba.png\",\"contentUrl\":\"https:\/\/test.twoeco.sk\/wp-content\/uploads\/2016\/05\/logo-two-eco-farba.png\",\"width\":318,\"height\":74,\"caption\":\"Two ECO, s.r.o.\"},\"image\":{\"@id\":\"https:\/\/test.twoeco.sk\/#\/schema\/logo\/image\/\"},\"sameAs\":[\"https:\/\/www.facebook.com\/Ionimax-1357153714295887\/\"]}]}<\/script>\n<!-- \/ Yoast SEO plugin. -->","yoast_head_json":{"title":"Chutn\u00e1 voda - Two Eco","robots":{"index":"index","follow":"follow","max-snippet":"max-snippet:-1","max-image-preview":"max-image-preview:large","max-video-preview":"max-video-preview:-1"},"canonical":"https:\/\/test.twoeco.sk\/it\/chutna-voda\/","og_locale":"it_IT","og_type":"article","og_title":"Chutn\u00e1 voda - Two Eco","og_description":"[vc_row css=&#8221;.vc_custom_1489102263611{padding-top: 50px !important;}&#8221;][vc_column][vc_row_inner][vc_column_inner][lab_heading title=&#8221;Acqua gustosa&#8221; el_class=&#8221;title centered&#8221;]Direttamente dal vostro rubinetto con un&#8217;alcalinit\u00e0 leggermente rialzata, per il vostro regime potabile [\/lab_heading][\/vc_column_inner][\/vc_row_inner][vc_row_inner][vc_column_inner width=&#8221;1\/2&#8243;][lab_heading title=&#8221;Acqua gustosa&#8221;][\/lab_heading][vc_column_text] Volete assaggiare acqua di sorgente?\u00a0 State cercando di osservare il regime potabile, non solo in estate?\u00a0 Limitate l&#8217;uso di bottiglie di plastica?\u00a0 Volete per la vostra famiglia una dieta sana?\u00a0 Siete&hellip;","og_url":"https:\/\/test.twoeco.sk\/it\/chutna-voda\/","og_site_name":"Two Eco","article_publisher":"https:\/\/www.facebook.com\/Ionimax-1357153714295887\/","article_modified_time":"2017-08-10T10:34:28+00:00","twitter_card":"summary_large_image","twitter_misc":{"Tempo di lettura stimato":"2 minuti"},"schema":{"@context":"https:\/\/schema.org","@graph":[{"@type":"WebPage","@id":"https:\/\/test.twoeco.sk\/it\/chutna-voda\/","url":"https:\/\/test.twoeco.sk\/it\/chutna-voda\/","name":"Chutn\u00e1 voda - Two Eco","isPartOf":{"@id":"https:\/\/test.twoeco.sk\/#website"},"datePublished":"2017-03-10T08:03:36+00:00","dateModified":"2017-08-10T10:34:28+00:00","breadcrumb":{"@id":"https:\/\/test.twoeco.sk\/it\/chutna-voda\/#breadcrumb"},"inLanguage":"it-IT","potentialAction":[{"@type":"ReadAction","target":["https:\/\/test.twoeco.sk\/it\/chutna-voda\/"]}]},{"@type":"BreadcrumbList","@id":"https:\/\/test.twoeco.sk\/it\/chutna-voda\/#breadcrumb","itemListElement":[{"@type":"ListItem","position":1,"name":"Home","item":"https:\/\/test.twoeco.sk\/it\/"},{"@type":"ListItem","position":2,"name":"Chutn\u00e1 voda"}]},{"@type":"WebSite","@id":"https:\/\/test.twoeco.sk\/#website","url":"https:\/\/test.twoeco.sk\/","name":"Two Eco","description":"Viac ako \u010dist\u00e1 voda","publisher":{"@id":"https:\/\/test.twoeco.sk\/#organization"},"potentialAction":[{"@type":"SearchAction","target":{"@type":"EntryPoint","urlTemplate":"https:\/\/test.twoeco.sk\/?s={search_term_string}"},"query-input":{"@type":"PropertyValueSpecification","valueRequired":true,"valueName":"search_term_string"}}],"inLanguage":"it-IT"},{"@type":"Organization","@id":"https:\/\/test.twoeco.sk\/#organization","name":"Two ECO, s.r.o.","url":"https:\/\/test.twoeco.sk\/","logo":{"@type":"ImageObject","inLanguage":"it-IT","@id":"https:\/\/test.twoeco.sk\/#\/schema\/logo\/image\/","url":"https:\/\/test.twoeco.sk\/wp-content\/uploads\/2016\/05\/logo-two-eco-farba.png","contentUrl":"https:\/\/test.twoeco.sk\/wp-content\/uploads\/2016\/05\/logo-two-eco-farba.png","width":318,"height":74,"caption":"Two ECO, s.r.o."},"image":{"@id":"https:\/\/test.twoeco.sk\/#\/schema\/logo\/image\/"},"sameAs":["https:\/\/www.facebook.com\/Ionimax-1357153714295887\/"]}]}},"_links":{"self":[{"href":"https:\/\/test.twoeco.sk\/it\/wp-json\/wp\/v2\/pages\/2079"}],"collection":[{"href":"https:\/\/test.twoeco.sk\/it\/wp-json\/wp\/v2\/pages"}],"about":[{"href":"https:\/\/test.twoeco.sk\/it\/wp-json\/wp\/v2\/types\/page"}],"author":[{"embeddable":true,"href":"https:\/\/test.twoeco.sk\/it\/wp-json\/wp\/v2\/users\/3"}],"replies":[{"embeddable":true,"href":"https:\/\/test.twoeco.sk\/it\/wp-json\/wp\/v2\/comments?post=2079"}],"version-history":[{"count":4,"href":"https:\/\/test.twoeco.sk\/it\/wp-json\/wp\/v2\/pages\/2079\/revisions"}],"predecessor-version":[{"id":2141,"href":"https:\/\/test.twoeco.sk\/it\/wp-json\/wp\/v2\/pages\/2079\/revisions\/2141"}],"wp:attachment":[{"href":"https:\/\/test.twoeco.sk\/it\/wp-json\/wp\/v2\/media?parent=2079"}],"curies":[{"name":"wp","href":"https:\/\/api.w.org\/{rel}","templated":true}]}}