{"id":1965,"date":"2017-02-19T12:45:03","date_gmt":"2017-02-19T11:45:03","guid":{"rendered":"https:\/\/test.twoeco.sk\/o-nas\/"},"modified":"2017-06-17T15:47:48","modified_gmt":"2017-06-17T13:47:48","slug":"o-nas","status":"publish","type":"page","link":"https:\/\/test.twoeco.sk\/it\/o-nas\/","title":{"rendered":"O n\u00e1s"},"content":{"rendered":"<div class=\"wpb-content-wrapper\"><p>[vc_row][vc_column][vc_row_inner css=&#8221;.vc_custom_1497706950943{padding-bottom: 30px !important;}&#8221;][vc_column_inner][lab_heading title=&#8221;Chi siamo&#8221; el_class=&#8221;title centered&#8221;]La nostra specializzazione \u00e8 il trattamento ecologico dell\u00b4acqua dal rubinetto.[\/lab_heading][\/vc_column_inner][\/vc_row_inner][vc_row_inner css=&#8221;.vc_custom_1497706990604{padding-bottom: 30px !important;}&#8221;][vc_column_inner width=&#8221;5\/6&#8243;][vc_column_text]<\/p>\n<div class=\"main-third\">\n<p>La nostra specializzazione \u00e8 il trattamento ecologico dell\u00b4acqua dal rubinetto.<br \/>\nIonizziamo o polarizziamo acqua comune. Grazie a questi trattamenti dal rubinetto scorrer\u00e0 acqua di alta qualit\u00e0. L&#8217;acqua, che \u00e8 una combinazione ideale di acqua dura con le propriet\u00e0 di quella dolce. Oltre a questo si tratta di acqua, che elimina il calcare e non permette la creazione di nuovo calcare. Senza l&#8217;uso di sostanze chimiche.<\/p>\n<p>I nostri prodotti sono esclusivamente basati su leggi fisiche. Sono stati creati dallo slovacco Ladislav Jurec, innovatore e ricercatore.<br \/>\nI nostri prodotti sono certificati in Slovacchia. Come azienda slovacca cresciamo. Anche l&#8217;anno scorso, il nostro team \u00e8 cresciuto e abbiamo innovato molte cose.<\/p>\n<p>Siamo alla ricerca di persone in gamba, colleghi e partner che vorrebbero prendere parte alla nostra idea \u2013 il trattamento ecologico dell\u00b4acqua. Se siete interessati non esitate a contattarci.<\/p>\n<\/div>\n<p>[\/vc_column_text][\/vc_column_inner][vc_column_inner width=&#8221;1\/6&#8243;][vc_single_image image=&#8221;1131&#8243;][lab_heading title=&#8221;Ladislav Jurec&#8221;]autore[\/lab_heading][\/vc_column_inner][\/vc_row_inner][\/vc_column][\/vc_row]<\/p>\n<\/div>","protected":false},"excerpt":{"rendered":"<p>[vc_row][vc_column][vc_row_inner css=&#8221;.vc_custom_1497706950943{padding-bottom: 30px !important;}&#8221;][vc_column_inner][lab_heading title=&#8221;Chi siamo&#8221; el_class=&#8221;title centered&#8221;]La nostra specializzazione \u00e8 il trattamento ecologico dell\u00b4acqua dal rubinetto.[\/lab_heading][\/vc_column_inner][\/vc_row_inner][vc_row_inner css=&#8221;.vc_custom_1497706990604{padding-bottom: 30px !important;}&#8221;][vc_column_inner width=&#8221;5\/6&#8243;][vc_column_text] La nostra specializzazione \u00e8 il trattamento ecologico dell\u00b4acqua dal rubinetto. Ionizziamo o polarizziamo acqua comune. Grazie a questi trattamenti dal rubinetto scorrer\u00e0 acqua di alta qualit\u00e0. L&#8217;acqua, che \u00e8 una combinazione ideale di acqua&hellip;<\/p>\n","protected":false},"author":3,"featured_media":0,"parent":0,"menu_order":0,"comment_status":"closed","ping_status":"closed","template":"","meta":{"_acf_changed":false,"footnotes":""},"class_list":["post-1965","page","type-page","status-publish","hentry"],"acf":[],"yoast_head":"<!-- This site is optimized with the Yoast SEO plugin v23.6 - https:\/\/yoast.com\/wordpress\/plugins\/seo\/ -->\n<title>O n\u00e1s - Two Eco<\/title>\n<meta name=\"robots\" content=\"index, follow, max-snippet:-1, max-image-preview:large, max-video-preview:-1\" \/>\n<link rel=\"canonical\" href=\"https:\/\/test.twoeco.sk\/it\/o-nas\/\" \/>\n<meta property=\"og:locale\" content=\"it_IT\" \/>\n<meta property=\"og:type\" content=\"article\" \/>\n<meta property=\"og:title\" content=\"O n\u00e1s - Two Eco\" \/>\n<meta property=\"og:description\" content=\"[vc_row][vc_column][vc_row_inner css=&#8221;.vc_custom_1497706950943{padding-bottom: 30px !important;}&#8221;][vc_column_inner][lab_heading title=&#8221;Chi siamo&#8221; el_class=&#8221;title centered&#8221;]La nostra specializzazione \u00e8 il trattamento ecologico dell\u00b4acqua dal rubinetto.[\/lab_heading][\/vc_column_inner][\/vc_row_inner][vc_row_inner css=&#8221;.vc_custom_1497706990604{padding-bottom: 30px !important;}&#8221;][vc_column_inner width=&#8221;5\/6&#8243;][vc_column_text] La nostra specializzazione \u00e8 il trattamento ecologico dell\u00b4acqua dal rubinetto. Ionizziamo o polarizziamo acqua comune. Grazie a questi trattamenti dal rubinetto scorrer\u00e0 acqua di alta qualit\u00e0. L&#8217;acqua, che \u00e8 una combinazione ideale di acqua&hellip;\" \/>\n<meta property=\"og:url\" content=\"https:\/\/test.twoeco.sk\/it\/o-nas\/\" \/>\n<meta property=\"og:site_name\" content=\"Two Eco\" \/>\n<meta property=\"article:publisher\" content=\"https:\/\/www.facebook.com\/Ionimax-1357153714295887\/\" \/>\n<meta property=\"article:modified_time\" content=\"2017-06-17T13:47:48+00:00\" \/>\n<meta name=\"twitter:card\" content=\"summary_large_image\" \/>\n<meta name=\"twitter:label1\" content=\"Tempo di lettura stimato\" \/>\n\t<meta name=\"twitter:data1\" content=\"1 minuto\" \/>\n<script type=\"application\/ld+json\" class=\"yoast-schema-graph\">{\"@context\":\"https:\/\/schema.org\",\"@graph\":[{\"@type\":\"WebPage\",\"@id\":\"https:\/\/test.twoeco.sk\/it\/o-nas\/\",\"url\":\"https:\/\/test.twoeco.sk\/it\/o-nas\/\",\"name\":\"O n\u00e1s - Two Eco\",\"isPartOf\":{\"@id\":\"https:\/\/test.twoeco.sk\/#website\"},\"datePublished\":\"2017-02-19T11:45:03+00:00\",\"dateModified\":\"2017-06-17T13:47:48+00:00\",\"breadcrumb\":{\"@id\":\"https:\/\/test.twoeco.sk\/it\/o-nas\/#breadcrumb\"},\"inLanguage\":\"it-IT\",\"potentialAction\":[{\"@type\":\"ReadAction\",\"target\":[\"https:\/\/test.twoeco.sk\/it\/o-nas\/\"]}]},{\"@type\":\"BreadcrumbList\",\"@id\":\"https:\/\/test.twoeco.sk\/it\/o-nas\/#breadcrumb\",\"itemListElement\":[{\"@type\":\"ListItem\",\"position\":1,\"name\":\"Home\",\"item\":\"https:\/\/test.twoeco.sk\/it\/\"},{\"@type\":\"ListItem\",\"position\":2,\"name\":\"O n\u00e1s\"}]},{\"@type\":\"WebSite\",\"@id\":\"https:\/\/test.twoeco.sk\/#website\",\"url\":\"https:\/\/test.twoeco.sk\/\",\"name\":\"Two Eco\",\"description\":\"Viac ako \u010dist\u00e1 voda\",\"publisher\":{\"@id\":\"https:\/\/test.twoeco.sk\/#organization\"},\"potentialAction\":[{\"@type\":\"SearchAction\",\"target\":{\"@type\":\"EntryPoint\",\"urlTemplate\":\"https:\/\/test.twoeco.sk\/?s={search_term_string}\"},\"query-input\":{\"@type\":\"PropertyValueSpecification\",\"valueRequired\":true,\"valueName\":\"search_term_string\"}}],\"inLanguage\":\"it-IT\"},{\"@type\":\"Organization\",\"@id\":\"https:\/\/test.twoeco.sk\/#organization\",\"name\":\"Two ECO, s.r.o.\",\"url\":\"https:\/\/test.twoeco.sk\/\",\"logo\":{\"@type\":\"ImageObject\",\"inLanguage\":\"it-IT\",\"@id\":\"https:\/\/test.twoeco.sk\/#\/schema\/logo\/image\/\",\"url\":\"https:\/\/test.twoeco.sk\/wp-content\/uploads\/2016\/05\/logo-two-eco-farba.png\",\"contentUrl\":\"https:\/\/test.twoeco.sk\/wp-content\/uploads\/2016\/05\/logo-two-eco-farba.png\",\"width\":318,\"height\":74,\"caption\":\"Two ECO, s.r.o.\"},\"image\":{\"@id\":\"https:\/\/test.twoeco.sk\/#\/schema\/logo\/image\/\"},\"sameAs\":[\"https:\/\/www.facebook.com\/Ionimax-1357153714295887\/\"]}]}<\/script>\n<!-- \/ Yoast SEO plugin. -->","yoast_head_json":{"title":"O n\u00e1s - Two Eco","robots":{"index":"index","follow":"follow","max-snippet":"max-snippet:-1","max-image-preview":"max-image-preview:large","max-video-preview":"max-video-preview:-1"},"canonical":"https:\/\/test.twoeco.sk\/it\/o-nas\/","og_locale":"it_IT","og_type":"article","og_title":"O n\u00e1s - Two Eco","og_description":"[vc_row][vc_column][vc_row_inner css=&#8221;.vc_custom_1497706950943{padding-bottom: 30px !important;}&#8221;][vc_column_inner][lab_heading title=&#8221;Chi siamo&#8221; el_class=&#8221;title centered&#8221;]La nostra specializzazione \u00e8 il trattamento ecologico dell\u00b4acqua dal rubinetto.[\/lab_heading][\/vc_column_inner][\/vc_row_inner][vc_row_inner css=&#8221;.vc_custom_1497706990604{padding-bottom: 30px !important;}&#8221;][vc_column_inner width=&#8221;5\/6&#8243;][vc_column_text] La nostra specializzazione \u00e8 il trattamento ecologico dell\u00b4acqua dal rubinetto. Ionizziamo o polarizziamo acqua comune. Grazie a questi trattamenti dal rubinetto scorrer\u00e0 acqua di alta qualit\u00e0. L&#8217;acqua, che \u00e8 una combinazione ideale di acqua&hellip;","og_url":"https:\/\/test.twoeco.sk\/it\/o-nas\/","og_site_name":"Two Eco","article_publisher":"https:\/\/www.facebook.com\/Ionimax-1357153714295887\/","article_modified_time":"2017-06-17T13:47:48+00:00","twitter_card":"summary_large_image","twitter_misc":{"Tempo di lettura stimato":"1 minuto"},"schema":{"@context":"https:\/\/schema.org","@graph":[{"@type":"WebPage","@id":"https:\/\/test.twoeco.sk\/it\/o-nas\/","url":"https:\/\/test.twoeco.sk\/it\/o-nas\/","name":"O n\u00e1s - Two Eco","isPartOf":{"@id":"https:\/\/test.twoeco.sk\/#website"},"datePublished":"2017-02-19T11:45:03+00:00","dateModified":"2017-06-17T13:47:48+00:00","breadcrumb":{"@id":"https:\/\/test.twoeco.sk\/it\/o-nas\/#breadcrumb"},"inLanguage":"it-IT","potentialAction":[{"@type":"ReadAction","target":["https:\/\/test.twoeco.sk\/it\/o-nas\/"]}]},{"@type":"BreadcrumbList","@id":"https:\/\/test.twoeco.sk\/it\/o-nas\/#breadcrumb","itemListElement":[{"@type":"ListItem","position":1,"name":"Home","item":"https:\/\/test.twoeco.sk\/it\/"},{"@type":"ListItem","position":2,"name":"O n\u00e1s"}]},{"@type":"WebSite","@id":"https:\/\/test.twoeco.sk\/#website","url":"https:\/\/test.twoeco.sk\/","name":"Two Eco","description":"Viac ako \u010dist\u00e1 voda","publisher":{"@id":"https:\/\/test.twoeco.sk\/#organization"},"potentialAction":[{"@type":"SearchAction","target":{"@type":"EntryPoint","urlTemplate":"https:\/\/test.twoeco.sk\/?s={search_term_string}"},"query-input":{"@type":"PropertyValueSpecification","valueRequired":true,"valueName":"search_term_string"}}],"inLanguage":"it-IT"},{"@type":"Organization","@id":"https:\/\/test.twoeco.sk\/#organization","name":"Two ECO, s.r.o.","url":"https:\/\/test.twoeco.sk\/","logo":{"@type":"ImageObject","inLanguage":"it-IT","@id":"https:\/\/test.twoeco.sk\/#\/schema\/logo\/image\/","url":"https:\/\/test.twoeco.sk\/wp-content\/uploads\/2016\/05\/logo-two-eco-farba.png","contentUrl":"https:\/\/test.twoeco.sk\/wp-content\/uploads\/2016\/05\/logo-two-eco-farba.png","width":318,"height":74,"caption":"Two ECO, s.r.o."},"image":{"@id":"https:\/\/test.twoeco.sk\/#\/schema\/logo\/image\/"},"sameAs":["https:\/\/www.facebook.com\/Ionimax-1357153714295887\/"]}]}},"_links":{"self":[{"href":"https:\/\/test.twoeco.sk\/it\/wp-json\/wp\/v2\/pages\/1965"}],"collection":[{"href":"https:\/\/test.twoeco.sk\/it\/wp-json\/wp\/v2\/pages"}],"about":[{"href":"https:\/\/test.twoeco.sk\/it\/wp-json\/wp\/v2\/types\/page"}],"author":[{"embeddable":true,"href":"https:\/\/test.twoeco.sk\/it\/wp-json\/wp\/v2\/users\/3"}],"replies":[{"embeddable":true,"href":"https:\/\/test.twoeco.sk\/it\/wp-json\/wp\/v2\/comments?post=1965"}],"version-history":[{"count":1,"href":"https:\/\/test.twoeco.sk\/it\/wp-json\/wp\/v2\/pages\/1965\/revisions"}],"predecessor-version":[{"id":1966,"href":"https:\/\/test.twoeco.sk\/it\/wp-json\/wp\/v2\/pages\/1965\/revisions\/1966"}],"wp:attachment":[{"href":"https:\/\/test.twoeco.sk\/it\/wp-json\/wp\/v2\/media?parent=1965"}],"curies":[{"name":"wp","href":"https:\/\/api.w.org\/{rel}","templated":true}]}}