{"id":1742,"date":"2017-02-19T12:45:03","date_gmt":"2017-02-19T11:45:03","guid":{"rendered":"https:\/\/test.twoeco.sk\/o-nas\/"},"modified":"2017-05-28T21:36:49","modified_gmt":"2017-05-28T19:36:49","slug":"o-nas","status":"publish","type":"page","link":"https:\/\/test.twoeco.sk\/hu\/o-nas\/","title":{"rendered":"O n\u00e1s"},"content":{"rendered":"<div class=\"main-third\">\n<div class=\"main-third\">\n<h2 class=\"p1\"><span class=\"s1\">Specializ\u00e1ci\u00f3nk a csapv\u00edz k\u00f6rnyezetbar\u00e1t kezel\u00e9se.<\/span><\/h2>\n<p class=\"p1\"><span class=\"s1\">A k\u00f6z\u00f6ns\u00e9ges vizet ioniz\u00e1ljuk \u00e9s polariz\u00e1ljuk. Ezen kezel\u00e9seknek k\u00f6sz\u00f6nhet\u0151en magas min\u0151s\u00e9g\u0171 v\u00edz folyik majd a v\u00edzcsapb\u00f3l. Olyan v\u00edz, melynek a kem\u00e9ny v\u00edz l\u00e1gy v\u00edzzel elegy\u00edtett tulajdons\u00e1gai egyed\u00fcl\u00e1ll\u00f3ak. Olyan v\u00edz, amely ezen k\u00edv\u00fcl elt\u00e1vol\u00edtja a v\u00edzk\u00f6vet, \u00e9s megakad\u00e1lyozza az \u00faj v\u00edzk\u0151 k\u00e9pz\u0151d\u00e9s\u00e9t. Mindezt vegyszerek haszn\u00e1lata n\u00e9lk\u00fcl.<\/span><\/p>\n<\/div>\n<div class=\"main-third\">\n<p><img loading=\"lazy\" decoding=\"async\" class=\"alignnone size-full wp-image-1131\" src=\"https:\/\/test.twoeco.sk\/wp-content\/uploads\/2017\/02\/Jurec.jpg\" alt=\"\" width=\"215\" height=\"239\" srcset=\"https:\/\/test.twoeco.sk\/wp-content\/uploads\/2017\/02\/Jurec.jpg 215w, https:\/\/test.twoeco.sk\/wp-content\/uploads\/2017\/02\/Jurec-112x125.jpg 112w, https:\/\/test.twoeco.sk\/wp-content\/uploads\/2017\/02\/Jurec-67x75.jpg 67w\" sizes=\"(max-width: 215px) 100vw, 215px\" \/><\/p>\n<h2>Ladislav Jurec,\u00a0<span class=\"s1\">szerz\u0151<\/span><\/h2>\n<p class=\"p1\"><span class=\"s1\">Term\u00e9keink kiz\u00e1r\u00f3lag fizikai t\u00f6rv\u00e9nyek alapj\u00e1n m\u0171k\u00f6dnek. Egy szlov\u00e1k szakember, Ladislav Jurec, innov\u00e1tor \u00e9s kutat\u00f3 tervei alapj\u00e1n k\u00e9sz\u00fcltek.<\/span><\/p>\n<p class=\"p1\"><span class=\"s1\">Tan\u00fas\u00edtv\u00e1nyoztatott term\u00e9keinket Szlov\u00e1ki\u00e1ban gy\u00e1rtjuk. Szlov\u00e1k v\u00e1llalatk\u00e9nt tov\u00e1bb fejl\u0151d\u00fcnk. Csapatunk az elm\u00falt \u00e9vben is b\u0151v\u00fclt, \u00e9s sz\u00e1mos innov\u00e1ci\u00f3t vezett\u00fcnk be. \u00dcgyes munkat\u00e1rsakat keres\u00fcnk, koll\u00e9g\u00e1kat \u00e9s partnereket, akik csatlakozni szeretn\u00e9nek az elk\u00e9pzel\u00e9s\u00fcnkh\u00f6z, ami a k\u00f6rnyezetbar\u00e1t v\u00edzkezel\u00e9s. \u00c9rdekl\u0151d\u00e9s eset\u00e9n b\u00e1rmikor l\u00e9pjen vel\u00fcnk kapcsolatba.<\/span><\/p>\n<\/div>\n<\/div>\n","protected":false},"excerpt":{"rendered":"<p>Specializ\u00e1ci\u00f3nk a csapv\u00edz k\u00f6rnyezetbar\u00e1t kezel\u00e9se. A k\u00f6z\u00f6ns\u00e9ges vizet ioniz\u00e1ljuk \u00e9s polariz\u00e1ljuk. Ezen kezel\u00e9seknek k\u00f6sz\u00f6nhet\u0151en magas min\u0151s\u00e9g\u0171 v\u00edz folyik majd a v\u00edzcsapb\u00f3l. Olyan v\u00edz, melynek a kem\u00e9ny v\u00edz l\u00e1gy v\u00edzzel elegy\u00edtett tulajdons\u00e1gai egyed\u00fcl\u00e1ll\u00f3ak. Olyan v\u00edz, amely ezen k\u00edv\u00fcl elt\u00e1vol\u00edtja a v\u00edzk\u00f6vet, \u00e9s megakad\u00e1lyozza az \u00faj v\u00edzk\u0151 k\u00e9pz\u0151d\u00e9s\u00e9t. Mindezt vegyszerek haszn\u00e1lata n\u00e9lk\u00fcl. Ladislav Jurec,\u00a0szerz\u0151 Term\u00e9keink kiz\u00e1r\u00f3lag fizikai&hellip;<\/p>\n","protected":false},"author":3,"featured_media":0,"parent":0,"menu_order":0,"comment_status":"closed","ping_status":"closed","template":"","meta":{"_acf_changed":false,"footnotes":""},"class_list":["post-1742","page","type-page","status-publish","hentry"],"acf":[],"yoast_head":"<!-- This site is optimized with the Yoast SEO plugin v23.6 - https:\/\/yoast.com\/wordpress\/plugins\/seo\/ -->\n<title>O n\u00e1s - Two Eco<\/title>\n<meta name=\"robots\" content=\"index, follow, max-snippet:-1, max-image-preview:large, max-video-preview:-1\" \/>\n<link rel=\"canonical\" href=\"https:\/\/test.twoeco.sk\/hu\/o-nas\/\" \/>\n<meta property=\"og:locale\" content=\"hu_HU\" \/>\n<meta property=\"og:type\" content=\"article\" \/>\n<meta property=\"og:title\" content=\"O n\u00e1s - Two Eco\" \/>\n<meta property=\"og:description\" content=\"Specializ\u00e1ci\u00f3nk a csapv\u00edz k\u00f6rnyezetbar\u00e1t kezel\u00e9se. A k\u00f6z\u00f6ns\u00e9ges vizet ioniz\u00e1ljuk \u00e9s polariz\u00e1ljuk. Ezen kezel\u00e9seknek k\u00f6sz\u00f6nhet\u0151en magas min\u0151s\u00e9g\u0171 v\u00edz folyik majd a v\u00edzcsapb\u00f3l. Olyan v\u00edz, melynek a kem\u00e9ny v\u00edz l\u00e1gy v\u00edzzel elegy\u00edtett tulajdons\u00e1gai egyed\u00fcl\u00e1ll\u00f3ak. Olyan v\u00edz, amely ezen k\u00edv\u00fcl elt\u00e1vol\u00edtja a v\u00edzk\u00f6vet, \u00e9s megakad\u00e1lyozza az \u00faj v\u00edzk\u0151 k\u00e9pz\u0151d\u00e9s\u00e9t. Mindezt vegyszerek haszn\u00e1lata n\u00e9lk\u00fcl. Ladislav Jurec,\u00a0szerz\u0151 Term\u00e9keink kiz\u00e1r\u00f3lag fizikai&hellip;\" \/>\n<meta property=\"og:url\" content=\"https:\/\/test.twoeco.sk\/hu\/o-nas\/\" \/>\n<meta property=\"og:site_name\" content=\"Two Eco\" \/>\n<meta property=\"article:publisher\" content=\"https:\/\/www.facebook.com\/Ionimax-1357153714295887\/\" \/>\n<meta property=\"article:modified_time\" content=\"2017-05-28T19:36:49+00:00\" \/>\n<meta property=\"og:image\" content=\"https:\/\/test.twoeco.sk\/wp-content\/uploads\/2017\/02\/Jurec.jpg\" \/>\n<meta name=\"twitter:card\" content=\"summary_large_image\" \/>\n<meta name=\"twitter:label1\" content=\"Becs\u00fclt olvas\u00e1si id\u0151\" \/>\n\t<meta name=\"twitter:data1\" content=\"1 perc\" \/>\n<script type=\"application\/ld+json\" class=\"yoast-schema-graph\">{\"@context\":\"https:\/\/schema.org\",\"@graph\":[{\"@type\":\"WebPage\",\"@id\":\"https:\/\/test.twoeco.sk\/hu\/o-nas\/\",\"url\":\"https:\/\/test.twoeco.sk\/hu\/o-nas\/\",\"name\":\"O n\u00e1s - Two Eco\",\"isPartOf\":{\"@id\":\"https:\/\/test.twoeco.sk\/#website\"},\"primaryImageOfPage\":{\"@id\":\"https:\/\/test.twoeco.sk\/hu\/o-nas\/#primaryimage\"},\"image\":{\"@id\":\"https:\/\/test.twoeco.sk\/hu\/o-nas\/#primaryimage\"},\"thumbnailUrl\":\"https:\/\/test.twoeco.sk\/wp-content\/uploads\/2017\/02\/Jurec.jpg\",\"datePublished\":\"2017-02-19T11:45:03+00:00\",\"dateModified\":\"2017-05-28T19:36:49+00:00\",\"breadcrumb\":{\"@id\":\"https:\/\/test.twoeco.sk\/hu\/o-nas\/#breadcrumb\"},\"inLanguage\":\"hu\",\"potentialAction\":[{\"@type\":\"ReadAction\",\"target\":[\"https:\/\/test.twoeco.sk\/hu\/o-nas\/\"]}]},{\"@type\":\"ImageObject\",\"inLanguage\":\"hu\",\"@id\":\"https:\/\/test.twoeco.sk\/hu\/o-nas\/#primaryimage\",\"url\":\"https:\/\/test.twoeco.sk\/wp-content\/uploads\/2017\/02\/Jurec.jpg\",\"contentUrl\":\"https:\/\/test.twoeco.sk\/wp-content\/uploads\/2017\/02\/Jurec.jpg\"},{\"@type\":\"BreadcrumbList\",\"@id\":\"https:\/\/test.twoeco.sk\/hu\/o-nas\/#breadcrumb\",\"itemListElement\":[{\"@type\":\"ListItem\",\"position\":1,\"name\":\"Home\",\"item\":\"https:\/\/test.twoeco.sk\/hu\/\"},{\"@type\":\"ListItem\",\"position\":2,\"name\":\"O n\u00e1s\"}]},{\"@type\":\"WebSite\",\"@id\":\"https:\/\/test.twoeco.sk\/#website\",\"url\":\"https:\/\/test.twoeco.sk\/\",\"name\":\"Two Eco\",\"description\":\"Viac ako \u010dist\u00e1 voda\",\"publisher\":{\"@id\":\"https:\/\/test.twoeco.sk\/#organization\"},\"potentialAction\":[{\"@type\":\"SearchAction\",\"target\":{\"@type\":\"EntryPoint\",\"urlTemplate\":\"https:\/\/test.twoeco.sk\/?s={search_term_string}\"},\"query-input\":{\"@type\":\"PropertyValueSpecification\",\"valueRequired\":true,\"valueName\":\"search_term_string\"}}],\"inLanguage\":\"hu\"},{\"@type\":\"Organization\",\"@id\":\"https:\/\/test.twoeco.sk\/#organization\",\"name\":\"Two ECO, s.r.o.\",\"url\":\"https:\/\/test.twoeco.sk\/\",\"logo\":{\"@type\":\"ImageObject\",\"inLanguage\":\"hu\",\"@id\":\"https:\/\/test.twoeco.sk\/#\/schema\/logo\/image\/\",\"url\":\"https:\/\/test.twoeco.sk\/wp-content\/uploads\/2016\/05\/logo-two-eco-farba.png\",\"contentUrl\":\"https:\/\/test.twoeco.sk\/wp-content\/uploads\/2016\/05\/logo-two-eco-farba.png\",\"width\":318,\"height\":74,\"caption\":\"Two ECO, s.r.o.\"},\"image\":{\"@id\":\"https:\/\/test.twoeco.sk\/#\/schema\/logo\/image\/\"},\"sameAs\":[\"https:\/\/www.facebook.com\/Ionimax-1357153714295887\/\"]}]}<\/script>\n<!-- \/ Yoast SEO plugin. -->","yoast_head_json":{"title":"O n\u00e1s - Two Eco","robots":{"index":"index","follow":"follow","max-snippet":"max-snippet:-1","max-image-preview":"max-image-preview:large","max-video-preview":"max-video-preview:-1"},"canonical":"https:\/\/test.twoeco.sk\/hu\/o-nas\/","og_locale":"hu_HU","og_type":"article","og_title":"O n\u00e1s - Two Eco","og_description":"Specializ\u00e1ci\u00f3nk a csapv\u00edz k\u00f6rnyezetbar\u00e1t kezel\u00e9se. A k\u00f6z\u00f6ns\u00e9ges vizet ioniz\u00e1ljuk \u00e9s polariz\u00e1ljuk. Ezen kezel\u00e9seknek k\u00f6sz\u00f6nhet\u0151en magas min\u0151s\u00e9g\u0171 v\u00edz folyik majd a v\u00edzcsapb\u00f3l. Olyan v\u00edz, melynek a kem\u00e9ny v\u00edz l\u00e1gy v\u00edzzel elegy\u00edtett tulajdons\u00e1gai egyed\u00fcl\u00e1ll\u00f3ak. Olyan v\u00edz, amely ezen k\u00edv\u00fcl elt\u00e1vol\u00edtja a v\u00edzk\u00f6vet, \u00e9s megakad\u00e1lyozza az \u00faj v\u00edzk\u0151 k\u00e9pz\u0151d\u00e9s\u00e9t. Mindezt vegyszerek haszn\u00e1lata n\u00e9lk\u00fcl. Ladislav Jurec,\u00a0szerz\u0151 Term\u00e9keink kiz\u00e1r\u00f3lag fizikai&hellip;","og_url":"https:\/\/test.twoeco.sk\/hu\/o-nas\/","og_site_name":"Two Eco","article_publisher":"https:\/\/www.facebook.com\/Ionimax-1357153714295887\/","article_modified_time":"2017-05-28T19:36:49+00:00","og_image":[{"url":"https:\/\/test.twoeco.sk\/wp-content\/uploads\/2017\/02\/Jurec.jpg"}],"twitter_card":"summary_large_image","twitter_misc":{"Becs\u00fclt olvas\u00e1si id\u0151":"1 perc"},"schema":{"@context":"https:\/\/schema.org","@graph":[{"@type":"WebPage","@id":"https:\/\/test.twoeco.sk\/hu\/o-nas\/","url":"https:\/\/test.twoeco.sk\/hu\/o-nas\/","name":"O n\u00e1s - Two Eco","isPartOf":{"@id":"https:\/\/test.twoeco.sk\/#website"},"primaryImageOfPage":{"@id":"https:\/\/test.twoeco.sk\/hu\/o-nas\/#primaryimage"},"image":{"@id":"https:\/\/test.twoeco.sk\/hu\/o-nas\/#primaryimage"},"thumbnailUrl":"https:\/\/test.twoeco.sk\/wp-content\/uploads\/2017\/02\/Jurec.jpg","datePublished":"2017-02-19T11:45:03+00:00","dateModified":"2017-05-28T19:36:49+00:00","breadcrumb":{"@id":"https:\/\/test.twoeco.sk\/hu\/o-nas\/#breadcrumb"},"inLanguage":"hu","potentialAction":[{"@type":"ReadAction","target":["https:\/\/test.twoeco.sk\/hu\/o-nas\/"]}]},{"@type":"ImageObject","inLanguage":"hu","@id":"https:\/\/test.twoeco.sk\/hu\/o-nas\/#primaryimage","url":"https:\/\/test.twoeco.sk\/wp-content\/uploads\/2017\/02\/Jurec.jpg","contentUrl":"https:\/\/test.twoeco.sk\/wp-content\/uploads\/2017\/02\/Jurec.jpg"},{"@type":"BreadcrumbList","@id":"https:\/\/test.twoeco.sk\/hu\/o-nas\/#breadcrumb","itemListElement":[{"@type":"ListItem","position":1,"name":"Home","item":"https:\/\/test.twoeco.sk\/hu\/"},{"@type":"ListItem","position":2,"name":"O n\u00e1s"}]},{"@type":"WebSite","@id":"https:\/\/test.twoeco.sk\/#website","url":"https:\/\/test.twoeco.sk\/","name":"Two Eco","description":"Viac ako \u010dist\u00e1 voda","publisher":{"@id":"https:\/\/test.twoeco.sk\/#organization"},"potentialAction":[{"@type":"SearchAction","target":{"@type":"EntryPoint","urlTemplate":"https:\/\/test.twoeco.sk\/?s={search_term_string}"},"query-input":{"@type":"PropertyValueSpecification","valueRequired":true,"valueName":"search_term_string"}}],"inLanguage":"hu"},{"@type":"Organization","@id":"https:\/\/test.twoeco.sk\/#organization","name":"Two ECO, s.r.o.","url":"https:\/\/test.twoeco.sk\/","logo":{"@type":"ImageObject","inLanguage":"hu","@id":"https:\/\/test.twoeco.sk\/#\/schema\/logo\/image\/","url":"https:\/\/test.twoeco.sk\/wp-content\/uploads\/2016\/05\/logo-two-eco-farba.png","contentUrl":"https:\/\/test.twoeco.sk\/wp-content\/uploads\/2016\/05\/logo-two-eco-farba.png","width":318,"height":74,"caption":"Two ECO, s.r.o."},"image":{"@id":"https:\/\/test.twoeco.sk\/#\/schema\/logo\/image\/"},"sameAs":["https:\/\/www.facebook.com\/Ionimax-1357153714295887\/"]}]}},"_links":{"self":[{"href":"https:\/\/test.twoeco.sk\/hu\/wp-json\/wp\/v2\/pages\/1742"}],"collection":[{"href":"https:\/\/test.twoeco.sk\/hu\/wp-json\/wp\/v2\/pages"}],"about":[{"href":"https:\/\/test.twoeco.sk\/hu\/wp-json\/wp\/v2\/types\/page"}],"author":[{"embeddable":true,"href":"https:\/\/test.twoeco.sk\/hu\/wp-json\/wp\/v2\/users\/3"}],"replies":[{"embeddable":true,"href":"https:\/\/test.twoeco.sk\/hu\/wp-json\/wp\/v2\/comments?post=1742"}],"version-history":[{"count":1,"href":"https:\/\/test.twoeco.sk\/hu\/wp-json\/wp\/v2\/pages\/1742\/revisions"}],"predecessor-version":[{"id":1747,"href":"https:\/\/test.twoeco.sk\/hu\/wp-json\/wp\/v2\/pages\/1742\/revisions\/1747"}],"wp:attachment":[{"href":"https:\/\/test.twoeco.sk\/hu\/wp-json\/wp\/v2\/media?parent=1742"}],"curies":[{"name":"wp","href":"https:\/\/api.w.org\/{rel}","templated":true}]}}