{"id":1577,"date":"2017-03-10T09:03:36","date_gmt":"2017-03-10T08:03:36","guid":{"rendered":"https:\/\/test.twoeco.sk\/chutna-voda\/"},"modified":"2017-08-10T12:35:32","modified_gmt":"2017-08-10T10:35:32","slug":"chutna-voda","status":"publish","type":"page","link":"https:\/\/test.twoeco.sk\/hu\/chutna-voda\/","title":{"rendered":"Chutn\u00e1 voda"},"content":{"rendered":"<div class=\"wpb-content-wrapper\"><p>[vc_row css=&#8221;.vc_custom_1489102263611{padding-top: 50px !important;}&#8221;][vc_column][vc_row_inner][vc_column_inner][lab_heading title=&#8221;\u00cdzletes v\u00edz&#8221; el_class=&#8221;title centered&#8221;]K\u00f6zvetlen\u00fcl a v\u00edzcsapb\u00f3l, enyh\u00e9n fokozott l\u00fagoss\u00e1ggal, az \u00d6n megfelel\u0151 folyad\u00e9kbevitele \u00e9rdek\u00e9ben<br \/>\n[\/lab_heading][\/vc_column_inner][\/vc_row_inner][vc_row_inner][vc_column_inner width=&#8221;1\/2&#8243;][lab_heading title=&#8221;\u00cdzletes v\u00edz&#8221;][\/lab_heading][vc_column_text]<\/p>\n<ul>\n<li><strong>Forr\u00e1sv\u00edz \u00edz\u00e9re v\u00e1gyik?\u00a0<\/strong><\/li>\n<li><strong>Nem csak a ny\u00e1ri id\u0151szakban \u00fcgyel a megfelel\u0151 folyad\u00e9kbevitelre?\u00a0<\/strong><\/li>\n<li><strong>Korl\u00e1tozza a m\u0171anyag palackok haszn\u00e1lat\u00e1t?\u00a0<\/strong><\/li>\n<li><strong>Eg\u00e9szs\u00e9ges t\u00e1pl\u00e1lkoz\u00e1st szeretne biztos\u00edtani a csal\u00e1dja sz\u00e1m\u00e1ra?\u00a0<\/strong><\/li>\n<li><strong>\u00c9rdekli a szervezet savtalan\u00edt\u00e1s\u00e1nak \u00e9s l\u00fagos\u00edt\u00e1s\u00e1nak t\u00e9m\u00e1ja?<\/strong><\/li>\n<\/ul>\n<p><strong>Az ionimax \u00e1ltal kezelt v\u00edz \u00edz\u00e9r\u0151l a bor\u00e1sz szavait haszn\u00e1lva \u00edgy lehetne nyilatkozni: \u201ca nyelven gurul\u201d, \u201ckerek \u00edze van\u201d\u2026<\/strong><\/p>\n<p>Mi\u00e9rt van ez \u00edgy? A kezelt \u00e9s ioniz\u00e1lt v\u00edz megv\u00e1ltoztatja szerkezet\u00e9t.<\/p>\n<p>A term\u00e9szet \u00e9s a fizika t\u00f6rv\u00e9nyei az ioniz\u00e1l\u00e1s seg\u00edts\u00e9g\u00e9vel lehet\u0151v\u00e9 teszik, hogy egy szab\u00e1lyos, \u00f6t-hatsz\u00f6glet\u0171 (hexagon\u00e1lis) molekula form\u00e1j\u00e1ra v\u00e1ltoztassuk a v\u00edz nagysz\u00e1m\u00fa H2O v\u00edzmolekula klaszter \u00e1ltali szab\u00e1lytalan szerkezet\u00e9t. \u00dagy k\u00e9pzelje el, mint egy h\u00f3pelyhet.<\/p>\n<p><strong>A k\u00f6z\u00f6ns\u00e9ges v\u00edzben 14-16 molekula alkot egy klasztert, az ioniz\u00e1lt v\u00edzben ez a sz\u00e1m csup\u00e1n 5-6, ez azt jelenti, hogy ez a v\u00edz k\u00f6nnyebben em\u00e9szthet\u0151.<\/strong><\/p>\n<p>Az ionimax a k\u00f6z\u00f6ns\u00e9ges csapvizet sz\u00f3 szerint \u00e9letkelt\u0151re v\u00e1ltoztatja. Mivel az \u00edgy kezelt v\u00edz jobban<strong> \u00e9s egyszer\u0171bben jut el a sejtjeinkhez, a szervezet t\u00f6bb energi\u00e1t kap.<\/strong> Az ioniz\u00e1lt v\u00edz fogyaszt\u00e1s\u00e1val min\u0151s\u00e9gi hidrat\u00e1l\u00e1s zajlik, egyben az \u00edgy kezelt v\u00edzzel betartjuk a megfelel\u0151 folyad\u00e9kbevitel mennyis\u00e9get, ami nagy hat\u00e1ssal van az emberi eg\u00e9szs\u00e9gre. Hasonl\u00f3k\u00e9ppen jobban megy v\u00e9gbe a szervezet m\u00e9regtelen\u00edt\u00e9se \u00e9s a k\u00e1ros anyagok kivezet\u00e9se a szervezetb\u0151l.<\/p>\n<p>Az ionimax ioniz\u00e1lja a vizet, \u00edgy enyh\u00e9n n\u00f6veli annak pH-\u00e9rt\u00e9k\u00e9t. A v\u00edz konkr\u00e9t hely szerinti \u00f6sszet\u00e9tele alapj\u00e1n ez 0,2 &#8211; 0,4 a pH-sk\u00e1l\u00e1n.<\/p>\n<p>Ez rendk\u00edv\u00fcl megfelel az emberi szervezetnek, de nem felel meg az ebben a k\u00f6rnyezetben term\u00e9szetes m\u00f3don elpusztul\u00f3 mikroorganizmusoknak. M\u00e9r\u00e9seink igazolt\u00e1k ezek elpusztul\u00e1s\u00e1t. A v\u00edzvezet\u00e9kb\u0151l foly\u00f3 meleg v\u00edzben ez t\u00f6bb, mint t\u00edzszeres cs\u00f6kken\u00e9s.[\/vc_column_text][\/vc_column_inner][vc_column_inner width=&#8221;1\/2&#8243;][vc_single_image image=&#8221;865&#8243; img_size=&#8221;full&#8221; alignment=&#8221;center&#8221; css=&#8221;.vc_custom_1489132990788{margin-top: 24px !important;}&#8221;][lab_heading title=&#8221;Az ionimax \u00e1ltal kezelt, k\u00f6zvetlen\u00fcl a csapb\u00f3l foly\u00f3 v\u00edz:&#8221;][\/lab_heading][vc_column_text]<\/p>\n<ul>\n<li><strong>enyh\u00edti a b\u0151r- \u00e9s reumatikus probl\u00e9m\u00e1kat<\/strong><\/li>\n<li><strong>enyh\u00edti a gyomor- \u00e9s b\u00e9lprobl\u00e9m\u00e1kat<\/strong><\/li>\n<li><strong>serkenti az anyagcser\u00e9t<\/strong><\/li>\n<li><strong>jav\u00edtja a pszichikai \u00e9s fizikai egyens\u00falyt<\/strong><\/li>\n<li><strong>stabiliz\u00e1lja a v\u00e9rkering\u00e9st<\/strong><\/li>\n<li><strong>gyors\u00edtja a sebgy\u00f3gyul\u00e1st<\/strong><\/li>\n<li><strong>aktiv\u00e1lja az \u00e9leter\u0151t<\/strong><\/li>\n<li><strong>cs\u00f6kkenti az \u00e9rz\u00e9kenys\u00e9get az id\u0151j\u00e1r\u00e1s v\u00e1ltoz\u00e1sra<\/strong><\/li>\n<li><strong>kellemesebb az \u00edze \u00e9s hosszabb ideig friss marad\u00a0<\/strong><\/li>\n<li><strong>a szervezetb\u0151l kivezeti a lerak\u00f3dott k\u00e1ros anyagokat<\/strong><\/li>\n<li><strong>cs\u00f6kkenti a szervezet elsavasod\u00e1s\u00e1t<\/strong><\/li>\n<li><strong>er\u0151s\u00edti az immunrendszert<\/strong><\/li>\n<\/ul>\n<p>[\/vc_column_text][\/vc_column_inner][\/vc_row_inner][\/vc_column][\/vc_row]<\/p>\n<\/div>","protected":false},"excerpt":{"rendered":"<p>[vc_row css=&#8221;.vc_custom_1489102263611{padding-top: 50px !important;}&#8221;][vc_column][vc_row_inner][vc_column_inner][lab_heading title=&#8221;\u00cdzletes v\u00edz&#8221; el_class=&#8221;title centered&#8221;]K\u00f6zvetlen\u00fcl a v\u00edzcsapb\u00f3l, enyh\u00e9n fokozott l\u00fagoss\u00e1ggal, az \u00d6n megfelel\u0151 folyad\u00e9kbevitele \u00e9rdek\u00e9ben [\/lab_heading][\/vc_column_inner][\/vc_row_inner][vc_row_inner][vc_column_inner width=&#8221;1\/2&#8243;][lab_heading title=&#8221;\u00cdzletes v\u00edz&#8221;][\/lab_heading][vc_column_text] Forr\u00e1sv\u00edz \u00edz\u00e9re v\u00e1gyik?\u00a0 Nem csak a ny\u00e1ri id\u0151szakban \u00fcgyel a megfelel\u0151 folyad\u00e9kbevitelre?\u00a0 Korl\u00e1tozza a m\u0171anyag palackok haszn\u00e1lat\u00e1t?\u00a0 Eg\u00e9szs\u00e9ges t\u00e1pl\u00e1lkoz\u00e1st szeretne biztos\u00edtani a csal\u00e1dja sz\u00e1m\u00e1ra?\u00a0 \u00c9rdekli a szervezet savtalan\u00edt\u00e1s\u00e1nak \u00e9s l\u00fagos\u00edt\u00e1s\u00e1nak t\u00e9m\u00e1ja? Az ionimax&hellip;<\/p>\n","protected":false},"author":3,"featured_media":0,"parent":0,"menu_order":0,"comment_status":"closed","ping_status":"closed","template":"","meta":{"_acf_changed":false,"footnotes":""},"class_list":["post-1577","page","type-page","status-publish","hentry"],"acf":[],"yoast_head":"<!-- This site is optimized with the Yoast SEO plugin v23.6 - https:\/\/yoast.com\/wordpress\/plugins\/seo\/ -->\n<title>Chutn\u00e1 voda - Two Eco<\/title>\n<meta name=\"robots\" content=\"index, follow, max-snippet:-1, max-image-preview:large, max-video-preview:-1\" \/>\n<link rel=\"canonical\" href=\"https:\/\/test.twoeco.sk\/hu\/chutna-voda\/\" \/>\n<meta property=\"og:locale\" content=\"hu_HU\" \/>\n<meta property=\"og:type\" content=\"article\" \/>\n<meta property=\"og:title\" content=\"Chutn\u00e1 voda - Two Eco\" \/>\n<meta property=\"og:description\" content=\"[vc_row css=&#8221;.vc_custom_1489102263611{padding-top: 50px !important;}&#8221;][vc_column][vc_row_inner][vc_column_inner][lab_heading title=&#8221;\u00cdzletes v\u00edz&#8221; el_class=&#8221;title centered&#8221;]K\u00f6zvetlen\u00fcl a v\u00edzcsapb\u00f3l, enyh\u00e9n fokozott l\u00fagoss\u00e1ggal, az \u00d6n megfelel\u0151 folyad\u00e9kbevitele \u00e9rdek\u00e9ben [\/lab_heading][\/vc_column_inner][\/vc_row_inner][vc_row_inner][vc_column_inner width=&#8221;1\/2&#8243;][lab_heading title=&#8221;\u00cdzletes v\u00edz&#8221;][\/lab_heading][vc_column_text] Forr\u00e1sv\u00edz \u00edz\u00e9re v\u00e1gyik?\u00a0 Nem csak a ny\u00e1ri id\u0151szakban \u00fcgyel a megfelel\u0151 folyad\u00e9kbevitelre?\u00a0 Korl\u00e1tozza a m\u0171anyag palackok haszn\u00e1lat\u00e1t?\u00a0 Eg\u00e9szs\u00e9ges t\u00e1pl\u00e1lkoz\u00e1st szeretne biztos\u00edtani a csal\u00e1dja sz\u00e1m\u00e1ra?\u00a0 \u00c9rdekli a szervezet savtalan\u00edt\u00e1s\u00e1nak \u00e9s l\u00fagos\u00edt\u00e1s\u00e1nak t\u00e9m\u00e1ja? Az ionimax&hellip;\" \/>\n<meta property=\"og:url\" content=\"https:\/\/test.twoeco.sk\/hu\/chutna-voda\/\" \/>\n<meta property=\"og:site_name\" content=\"Two Eco\" \/>\n<meta property=\"article:publisher\" content=\"https:\/\/www.facebook.com\/Ionimax-1357153714295887\/\" \/>\n<meta property=\"article:modified_time\" content=\"2017-08-10T10:35:32+00:00\" \/>\n<meta name=\"twitter:card\" content=\"summary_large_image\" \/>\n<meta name=\"twitter:label1\" content=\"Becs\u00fclt olvas\u00e1si id\u0151\" \/>\n\t<meta name=\"twitter:data1\" content=\"3 perc\" \/>\n<script type=\"application\/ld+json\" class=\"yoast-schema-graph\">{\"@context\":\"https:\/\/schema.org\",\"@graph\":[{\"@type\":\"WebPage\",\"@id\":\"https:\/\/test.twoeco.sk\/hu\/chutna-voda\/\",\"url\":\"https:\/\/test.twoeco.sk\/hu\/chutna-voda\/\",\"name\":\"Chutn\u00e1 voda - Two Eco\",\"isPartOf\":{\"@id\":\"https:\/\/test.twoeco.sk\/#website\"},\"datePublished\":\"2017-03-10T08:03:36+00:00\",\"dateModified\":\"2017-08-10T10:35:32+00:00\",\"breadcrumb\":{\"@id\":\"https:\/\/test.twoeco.sk\/hu\/chutna-voda\/#breadcrumb\"},\"inLanguage\":\"hu\",\"potentialAction\":[{\"@type\":\"ReadAction\",\"target\":[\"https:\/\/test.twoeco.sk\/hu\/chutna-voda\/\"]}]},{\"@type\":\"BreadcrumbList\",\"@id\":\"https:\/\/test.twoeco.sk\/hu\/chutna-voda\/#breadcrumb\",\"itemListElement\":[{\"@type\":\"ListItem\",\"position\":1,\"name\":\"Home\",\"item\":\"https:\/\/test.twoeco.sk\/hu\/\"},{\"@type\":\"ListItem\",\"position\":2,\"name\":\"Chutn\u00e1 voda\"}]},{\"@type\":\"WebSite\",\"@id\":\"https:\/\/test.twoeco.sk\/#website\",\"url\":\"https:\/\/test.twoeco.sk\/\",\"name\":\"Two Eco\",\"description\":\"Viac ako \u010dist\u00e1 voda\",\"publisher\":{\"@id\":\"https:\/\/test.twoeco.sk\/#organization\"},\"potentialAction\":[{\"@type\":\"SearchAction\",\"target\":{\"@type\":\"EntryPoint\",\"urlTemplate\":\"https:\/\/test.twoeco.sk\/?s={search_term_string}\"},\"query-input\":{\"@type\":\"PropertyValueSpecification\",\"valueRequired\":true,\"valueName\":\"search_term_string\"}}],\"inLanguage\":\"hu\"},{\"@type\":\"Organization\",\"@id\":\"https:\/\/test.twoeco.sk\/#organization\",\"name\":\"Two ECO, s.r.o.\",\"url\":\"https:\/\/test.twoeco.sk\/\",\"logo\":{\"@type\":\"ImageObject\",\"inLanguage\":\"hu\",\"@id\":\"https:\/\/test.twoeco.sk\/#\/schema\/logo\/image\/\",\"url\":\"https:\/\/test.twoeco.sk\/wp-content\/uploads\/2016\/05\/logo-two-eco-farba.png\",\"contentUrl\":\"https:\/\/test.twoeco.sk\/wp-content\/uploads\/2016\/05\/logo-two-eco-farba.png\",\"width\":318,\"height\":74,\"caption\":\"Two ECO, s.r.o.\"},\"image\":{\"@id\":\"https:\/\/test.twoeco.sk\/#\/schema\/logo\/image\/\"},\"sameAs\":[\"https:\/\/www.facebook.com\/Ionimax-1357153714295887\/\"]}]}<\/script>\n<!-- \/ Yoast SEO plugin. -->","yoast_head_json":{"title":"Chutn\u00e1 voda - Two Eco","robots":{"index":"index","follow":"follow","max-snippet":"max-snippet:-1","max-image-preview":"max-image-preview:large","max-video-preview":"max-video-preview:-1"},"canonical":"https:\/\/test.twoeco.sk\/hu\/chutna-voda\/","og_locale":"hu_HU","og_type":"article","og_title":"Chutn\u00e1 voda - Two Eco","og_description":"[vc_row css=&#8221;.vc_custom_1489102263611{padding-top: 50px !important;}&#8221;][vc_column][vc_row_inner][vc_column_inner][lab_heading title=&#8221;\u00cdzletes v\u00edz&#8221; el_class=&#8221;title centered&#8221;]K\u00f6zvetlen\u00fcl a v\u00edzcsapb\u00f3l, enyh\u00e9n fokozott l\u00fagoss\u00e1ggal, az \u00d6n megfelel\u0151 folyad\u00e9kbevitele \u00e9rdek\u00e9ben [\/lab_heading][\/vc_column_inner][\/vc_row_inner][vc_row_inner][vc_column_inner width=&#8221;1\/2&#8243;][lab_heading title=&#8221;\u00cdzletes v\u00edz&#8221;][\/lab_heading][vc_column_text] Forr\u00e1sv\u00edz \u00edz\u00e9re v\u00e1gyik?\u00a0 Nem csak a ny\u00e1ri id\u0151szakban \u00fcgyel a megfelel\u0151 folyad\u00e9kbevitelre?\u00a0 Korl\u00e1tozza a m\u0171anyag palackok haszn\u00e1lat\u00e1t?\u00a0 Eg\u00e9szs\u00e9ges t\u00e1pl\u00e1lkoz\u00e1st szeretne biztos\u00edtani a csal\u00e1dja sz\u00e1m\u00e1ra?\u00a0 \u00c9rdekli a szervezet savtalan\u00edt\u00e1s\u00e1nak \u00e9s l\u00fagos\u00edt\u00e1s\u00e1nak t\u00e9m\u00e1ja? Az ionimax&hellip;","og_url":"https:\/\/test.twoeco.sk\/hu\/chutna-voda\/","og_site_name":"Two Eco","article_publisher":"https:\/\/www.facebook.com\/Ionimax-1357153714295887\/","article_modified_time":"2017-08-10T10:35:32+00:00","twitter_card":"summary_large_image","twitter_misc":{"Becs\u00fclt olvas\u00e1si id\u0151":"3 perc"},"schema":{"@context":"https:\/\/schema.org","@graph":[{"@type":"WebPage","@id":"https:\/\/test.twoeco.sk\/hu\/chutna-voda\/","url":"https:\/\/test.twoeco.sk\/hu\/chutna-voda\/","name":"Chutn\u00e1 voda - Two Eco","isPartOf":{"@id":"https:\/\/test.twoeco.sk\/#website"},"datePublished":"2017-03-10T08:03:36+00:00","dateModified":"2017-08-10T10:35:32+00:00","breadcrumb":{"@id":"https:\/\/test.twoeco.sk\/hu\/chutna-voda\/#breadcrumb"},"inLanguage":"hu","potentialAction":[{"@type":"ReadAction","target":["https:\/\/test.twoeco.sk\/hu\/chutna-voda\/"]}]},{"@type":"BreadcrumbList","@id":"https:\/\/test.twoeco.sk\/hu\/chutna-voda\/#breadcrumb","itemListElement":[{"@type":"ListItem","position":1,"name":"Home","item":"https:\/\/test.twoeco.sk\/hu\/"},{"@type":"ListItem","position":2,"name":"Chutn\u00e1 voda"}]},{"@type":"WebSite","@id":"https:\/\/test.twoeco.sk\/#website","url":"https:\/\/test.twoeco.sk\/","name":"Two Eco","description":"Viac ako \u010dist\u00e1 voda","publisher":{"@id":"https:\/\/test.twoeco.sk\/#organization"},"potentialAction":[{"@type":"SearchAction","target":{"@type":"EntryPoint","urlTemplate":"https:\/\/test.twoeco.sk\/?s={search_term_string}"},"query-input":{"@type":"PropertyValueSpecification","valueRequired":true,"valueName":"search_term_string"}}],"inLanguage":"hu"},{"@type":"Organization","@id":"https:\/\/test.twoeco.sk\/#organization","name":"Two ECO, s.r.o.","url":"https:\/\/test.twoeco.sk\/","logo":{"@type":"ImageObject","inLanguage":"hu","@id":"https:\/\/test.twoeco.sk\/#\/schema\/logo\/image\/","url":"https:\/\/test.twoeco.sk\/wp-content\/uploads\/2016\/05\/logo-two-eco-farba.png","contentUrl":"https:\/\/test.twoeco.sk\/wp-content\/uploads\/2016\/05\/logo-two-eco-farba.png","width":318,"height":74,"caption":"Two ECO, s.r.o."},"image":{"@id":"https:\/\/test.twoeco.sk\/#\/schema\/logo\/image\/"},"sameAs":["https:\/\/www.facebook.com\/Ionimax-1357153714295887\/"]}]}},"_links":{"self":[{"href":"https:\/\/test.twoeco.sk\/hu\/wp-json\/wp\/v2\/pages\/1577"}],"collection":[{"href":"https:\/\/test.twoeco.sk\/hu\/wp-json\/wp\/v2\/pages"}],"about":[{"href":"https:\/\/test.twoeco.sk\/hu\/wp-json\/wp\/v2\/types\/page"}],"author":[{"embeddable":true,"href":"https:\/\/test.twoeco.sk\/hu\/wp-json\/wp\/v2\/users\/3"}],"replies":[{"embeddable":true,"href":"https:\/\/test.twoeco.sk\/hu\/wp-json\/wp\/v2\/comments?post=1577"}],"version-history":[{"count":4,"href":"https:\/\/test.twoeco.sk\/hu\/wp-json\/wp\/v2\/pages\/1577\/revisions"}],"predecessor-version":[{"id":2142,"href":"https:\/\/test.twoeco.sk\/hu\/wp-json\/wp\/v2\/pages\/1577\/revisions\/2142"}],"wp:attachment":[{"href":"https:\/\/test.twoeco.sk\/hu\/wp-json\/wp\/v2\/media?parent=1577"}],"curies":[{"name":"wp","href":"https:\/\/api.w.org\/{rel}","templated":true}]}}