{"id":2361,"date":"2017-03-10T09:16:26","date_gmt":"2017-03-10T08:16:26","guid":{"rendered":"https:\/\/test.twoeco.sk\/?page_id=2361"},"modified":"2018-02-27T11:03:44","modified_gmt":"2018-02-27T10:03:44","slug":"ocuvanje-hranjivih-tvari-oligoelemenata-i-minerala","status":"publish","type":"page","link":"https:\/\/test.twoeco.sk\/hr\/ocuvanje-hranjivih-tvari-oligoelemenata-i-minerala\/","title":{"rendered":"O\u010duvanje hranjivih tvari, oligoelemenata i minerala"},"content":{"rendered":"<div class=\"wpb-content-wrapper\"><p>[vc_row css=&#8221;.vc_custom_1489102263611{padding-top: 50px !important;}&#8221;][vc_column][vc_row_inner][vc_column_inner][lab_heading title=&#8221;O\u010duvanje hranjivih tvari, oligoelemenata i minerala&#8221; el_class=&#8221;title centered&#8221;]Pijte samo ukusnu vodu, koja sadr\u017ei ono najva\u017enije za va\u0161e tijelo[\/lab_heading][\/vc_column_inner][\/vc_row_inner][vc_row_inner][vc_column_inner width=&#8221;1\/2&#8243;][lab_heading title=&#8221;O\u010duvanje hranjivih tvari, oligoelemenata i minerala&#8221;][\/lab_heading][vc_column_text]<\/p>\n<ul>\n<li><strong>Zanima li vas kvalitet a sastav vode u va\u0161em vodovodu?\u00a0<\/strong><\/li>\n<li><strong>Ne\u0107ete neadekvatno ili suvi\u0161no filtrirati va\u0161u vodu za pi\u0107e?\u00a0<\/strong><\/li>\n<li><strong>Rije\u0161ite kvalitetnu hidrataciju za sebe, \u017eivotinje i navla\u017eivanje bilja?<\/strong><\/li>\n<\/ul>\n<p>Najvjerojatnije se slo\u017eite s tim, da nitko od nas ne bi trebao piti destiliranu vodu.<\/p>\n<p><strong>Kako je to sa kvalitetnom vodom kod nas?<\/strong> Je li stvarno tako zaga\u0111ena i toksi\u010dna, kako se nekada govori? Znamo, da \u017eivotna sredina se mijenja i u nekim zemljama i tu\u0161iranje vodom iz vodovoda mo\u017ee biti toksi\u010dno. Je li neophodno vodu filtrirati?\u00a0Pitka voda u Slova\u010dkoj Republici polazi iz prete\u017eno podzemnih izvora (vi\u0161e od 80%), manje od 20% pitke vode polazi iz povr\u0161inskih izvora. Njeni parametri i zahtjevi na kvalitet su jasno definirani, prate se i rezultati su javno prezentirani. Nedostaci i prekora\u010denje standarda se doga\u0111aju u minimalnoj mjeri. Mogu\u0107e je re\u0107i da situacija sa zaga\u0111enjem vode je kod nas za sada povoljna.<\/p>\n<p>Na nacionalnoj razini su zahtjevi za kvalitetu vode za pi\u0107e definirani zakonom br.\u00a0 355\/2007 Z. z. o za\u0161titi i razvoju javnog zdravlja i o izmjeni i dopuni nekih zakona u smislu kasnijih propisa i naredbi Vlade Slova\u010dke Republike. 354\/2006 Z. z., koji definiraju zahtjeve za vodu namijenjenu za ljudsku potro\u0161nju i kontrolu kvalitete vode namijenjene za ljudsku potro\u0161nju u smislu naredbe Vlade Slova\u010dke Republike, br. 496\/2010 Z. z. Ako je to kod vas druga\u010dije, preporu\u010damo kombiniranje ionizatora ionimax s filtracijom. Upute za uporabu i smje\u0161tavanje filtra i ionimax-a se nalazi u letku sa uputama.[\/vc_column_text][lab_heading title=&#8221;Prema sadr\u017eaju otopljenih mineralnih tvari u vodi, ista mo\u017ee biti:&#8221;][\/lab_heading][vc_column_text]<\/p>\n<ul>\n<li><strong>Destilirana<\/strong> \u2013 li\u0161ena minerala<\/li>\n<li><strong>Meka<\/strong> \u2013 sadr\u017ei malo minerala<\/li>\n<li><strong>Tvrda<\/strong> \u2013 iz podzemnih izvora, sadr\u017ei vi\u0161e minerala<\/li>\n<\/ul>\n<p>[\/vc_column_text][\/vc_column_inner][vc_column_inner width=&#8221;1\/2&#8243; css=&#8221;.vc_custom_1489133636520{margin-top: 24px !important;}&#8221;][vc_column_text]<strong>Mineralne supstance su va\u017ene za \u017eivot svih organizma.<\/strong> Kod \u010dovjeka\u00a0nisu uklju\u010dene samo u izgradnju\u00a0 tijela i njegovih raznih tkiva &#8211; uklju\u010duju se u \u017eivotno va\u017ene metaboli\u010dke procese, koji su u tijeku organizma. Oni su stalni i\u00a0neophodan dio svih stanica i\u00a0tjelesnih teku\u0107ina. Oni su sastojci raznih enzimskih sustava, hormona, vitamina, raznih funkcionalnih molekula.<\/p>\n<p><strong>Pod mineralnom ishranom bilja<\/strong> se podrazumijeva primanje mineralnih (anorganskih) supstanci. Izvor mineralne ishrane bilja je tlo (hranjiva otopina), kod vodnih biljaka je to voda. Organ prihvata je korijen. Iz dosada poznatih elemenata su u biljkama utvr\u0111ene skoro svi, ali nisu svi neophodni, va\u017eni za biljku. \u017divotno va\u017eni elementi se nazivaju <strong>biogeni elementi<\/strong>. Bez biogenih elementa ne mo\u017ee biljka normalno \u017eivjeti i nikakav od ovih elemenata ne mo\u017ee biti zamijenjena drugim.[\/vc_column_text][vc_single_image image=&#8221;893&#8243; img_size=&#8221;full&#8221; alignment=&#8221;center&#8221;][\/vc_column_inner][\/vc_row_inner][vc_row_inner][vc_column_inner][lab_heading title=&#8221;Dvojbeni zahtjevi za vodu u doma\u0107instvu? Tvrda ili meka?&#8221;][\/lab_heading][vc_column_text]<strong>\u00a0Za ljudsko<\/strong> zdravlje, naravno je va\u017eno piti vodu<strong> sa vi\u0161e minerala to\u00a0zna\u010di tvrdu vodu.<\/strong> Za vodu, koja treba <strong>slu\u017eiti za pranje i \u010di\u0161\u0107enje<\/strong> i sli\u010dno u doma\u0107instvu imamo suprotan zahtjev &#8211; da je voda<strong> meka<\/strong>. Kako povezati ova dva razli\u010dita zahtjeva?<\/p>\n<p><strong>Idealno rje\u0161enje je koristiti ionizator vode ionimax, koji ne mijenja kemijski sastav vode u cijevima, ali mijenja fizikalnu strukturu iste. Na ovaj na\u010din dobivate tvrdu vodu s osobinama meke vode. <\/strong>Minerali i supstance su u njoj o\u010duvane, \u010dak ionizirane za bolji unos, ujedno nisu<strong> stanju stvarati \u010dvrste kristali\u010dne veze u va\u0161em vodovodu, ku\u0107anskim aparatima, klimatizaciji, rublju i tamo, gdje vam prije uzrokovali tegobe. <\/strong>Ujedno ionimax nikako\u00a0ne smeta, niti ne naru\u0161ava estetiku va\u0161eg doma.[\/vc_column_text][\/vc_column_inner][\/vc_row_inner][\/vc_column][\/vc_row]<\/p>\n<\/div>","protected":false},"excerpt":{"rendered":"<p>[vc_row css=&#8221;.vc_custom_1489102263611{padding-top: 50px !important;}&#8221;][vc_column][vc_row_inner][vc_column_inner][lab_heading title=&#8221;O\u010duvanje hranjivih tvari, oligoelemenata i minerala&#8221; el_class=&#8221;title centered&#8221;]Pijte samo ukusnu vodu, koja sadr\u017ei ono najva\u017enije za va\u0161e tijelo[\/lab_heading][\/vc_column_inner][\/vc_row_inner][vc_row_inner][vc_column_inner width=&#8221;1\/2&#8243;][lab_heading title=&#8221;O\u010duvanje hranjivih tvari, oligoelemenata i minerala&#8221;][\/lab_heading][vc_column_text] Zanima li vas kvalitet a sastav vode u va\u0161em vodovodu?\u00a0 Ne\u0107ete neadekvatno ili suvi\u0161no filtrirati va\u0161u vodu za pi\u0107e?\u00a0 Rije\u0161ite kvalitetnu hidrataciju za sebe, \u017eivotinje i&hellip;<\/p>\n","protected":false},"author":3,"featured_media":0,"parent":0,"menu_order":0,"comment_status":"closed","ping_status":"closed","template":"","meta":{"_acf_changed":false,"footnotes":""},"class_list":["post-2361","page","type-page","status-publish","hentry"],"acf":[],"yoast_head":"<!-- This site is optimized with the Yoast SEO plugin v23.6 - https:\/\/yoast.com\/wordpress\/plugins\/seo\/ -->\n<title>O\u010duvanje hranjivih tvari, oligoelemenata i minerala - Two Eco<\/title>\n<meta name=\"robots\" content=\"index, follow, max-snippet:-1, max-image-preview:large, max-video-preview:-1\" \/>\n<link rel=\"canonical\" href=\"https:\/\/test.twoeco.sk\/hr\/ocuvanje-hranjivih-tvari-oligoelemenata-i-minerala\/\" \/>\n<meta property=\"og:locale\" content=\"hr_HR\" \/>\n<meta property=\"og:type\" content=\"article\" \/>\n<meta property=\"og:title\" content=\"O\u010duvanje hranjivih tvari, oligoelemenata i minerala - Two Eco\" \/>\n<meta property=\"og:description\" content=\"[vc_row css=&#8221;.vc_custom_1489102263611{padding-top: 50px !important;}&#8221;][vc_column][vc_row_inner][vc_column_inner][lab_heading title=&#8221;O\u010duvanje hranjivih tvari, oligoelemenata i minerala&#8221; el_class=&#8221;title centered&#8221;]Pijte samo ukusnu vodu, koja sadr\u017ei ono najva\u017enije za va\u0161e tijelo[\/lab_heading][\/vc_column_inner][\/vc_row_inner][vc_row_inner][vc_column_inner width=&#8221;1\/2&#8243;][lab_heading title=&#8221;O\u010duvanje hranjivih tvari, oligoelemenata i minerala&#8221;][\/lab_heading][vc_column_text] Zanima li vas kvalitet a sastav vode u va\u0161em vodovodu?\u00a0 Ne\u0107ete neadekvatno ili suvi\u0161no filtrirati va\u0161u vodu za pi\u0107e?\u00a0 Rije\u0161ite kvalitetnu hidrataciju za sebe, \u017eivotinje i&hellip;\" \/>\n<meta property=\"og:url\" content=\"https:\/\/test.twoeco.sk\/hr\/ocuvanje-hranjivih-tvari-oligoelemenata-i-minerala\/\" \/>\n<meta property=\"og:site_name\" content=\"Two Eco\" \/>\n<meta property=\"article:publisher\" content=\"https:\/\/www.facebook.com\/Ionimax-1357153714295887\/\" \/>\n<meta property=\"article:modified_time\" content=\"2018-02-27T10:03:44+00:00\" \/>\n<meta name=\"twitter:card\" content=\"summary_large_image\" \/>\n<meta name=\"twitter:label1\" content=\"Est. reading time\" \/>\n\t<meta name=\"twitter:data1\" content=\"4 minutes\" \/>\n<script type=\"application\/ld+json\" class=\"yoast-schema-graph\">{\"@context\":\"https:\/\/schema.org\",\"@graph\":[{\"@type\":\"WebPage\",\"@id\":\"https:\/\/test.twoeco.sk\/hr\/ocuvanje-hranjivih-tvari-oligoelemenata-i-minerala\/\",\"url\":\"https:\/\/test.twoeco.sk\/hr\/ocuvanje-hranjivih-tvari-oligoelemenata-i-minerala\/\",\"name\":\"O\u010duvanje hranjivih tvari, oligoelemenata i minerala - Two Eco\",\"isPartOf\":{\"@id\":\"https:\/\/test.twoeco.sk\/#website\"},\"datePublished\":\"2017-03-10T08:16:26+00:00\",\"dateModified\":\"2018-02-27T10:03:44+00:00\",\"breadcrumb\":{\"@id\":\"https:\/\/test.twoeco.sk\/hr\/ocuvanje-hranjivih-tvari-oligoelemenata-i-minerala\/#breadcrumb\"},\"inLanguage\":\"hr-HR\",\"potentialAction\":[{\"@type\":\"ReadAction\",\"target\":[\"https:\/\/test.twoeco.sk\/hr\/ocuvanje-hranjivih-tvari-oligoelemenata-i-minerala\/\"]}]},{\"@type\":\"BreadcrumbList\",\"@id\":\"https:\/\/test.twoeco.sk\/hr\/ocuvanje-hranjivih-tvari-oligoelemenata-i-minerala\/#breadcrumb\",\"itemListElement\":[{\"@type\":\"ListItem\",\"position\":1,\"name\":\"Home\",\"item\":\"https:\/\/test.twoeco.sk\/hr\/\"},{\"@type\":\"ListItem\",\"position\":2,\"name\":\"O\u010duvanje hranjivih tvari, oligoelemenata i minerala\"}]},{\"@type\":\"WebSite\",\"@id\":\"https:\/\/test.twoeco.sk\/#website\",\"url\":\"https:\/\/test.twoeco.sk\/\",\"name\":\"Two Eco\",\"description\":\"Viac ako \u010dist\u00e1 voda\",\"publisher\":{\"@id\":\"https:\/\/test.twoeco.sk\/#organization\"},\"potentialAction\":[{\"@type\":\"SearchAction\",\"target\":{\"@type\":\"EntryPoint\",\"urlTemplate\":\"https:\/\/test.twoeco.sk\/?s={search_term_string}\"},\"query-input\":{\"@type\":\"PropertyValueSpecification\",\"valueRequired\":true,\"valueName\":\"search_term_string\"}}],\"inLanguage\":\"hr-HR\"},{\"@type\":\"Organization\",\"@id\":\"https:\/\/test.twoeco.sk\/#organization\",\"name\":\"Two ECO, s.r.o.\",\"url\":\"https:\/\/test.twoeco.sk\/\",\"logo\":{\"@type\":\"ImageObject\",\"inLanguage\":\"hr-HR\",\"@id\":\"https:\/\/test.twoeco.sk\/#\/schema\/logo\/image\/\",\"url\":\"https:\/\/test.twoeco.sk\/wp-content\/uploads\/2016\/05\/logo-two-eco-farba.png\",\"contentUrl\":\"https:\/\/test.twoeco.sk\/wp-content\/uploads\/2016\/05\/logo-two-eco-farba.png\",\"width\":318,\"height\":74,\"caption\":\"Two ECO, s.r.o.\"},\"image\":{\"@id\":\"https:\/\/test.twoeco.sk\/#\/schema\/logo\/image\/\"},\"sameAs\":[\"https:\/\/www.facebook.com\/Ionimax-1357153714295887\/\"]}]}<\/script>\n<!-- \/ Yoast SEO plugin. -->","yoast_head_json":{"title":"O\u010duvanje hranjivih tvari, oligoelemenata i minerala - Two Eco","robots":{"index":"index","follow":"follow","max-snippet":"max-snippet:-1","max-image-preview":"max-image-preview:large","max-video-preview":"max-video-preview:-1"},"canonical":"https:\/\/test.twoeco.sk\/hr\/ocuvanje-hranjivih-tvari-oligoelemenata-i-minerala\/","og_locale":"hr_HR","og_type":"article","og_title":"O\u010duvanje hranjivih tvari, oligoelemenata i minerala - Two Eco","og_description":"[vc_row css=&#8221;.vc_custom_1489102263611{padding-top: 50px !important;}&#8221;][vc_column][vc_row_inner][vc_column_inner][lab_heading title=&#8221;O\u010duvanje hranjivih tvari, oligoelemenata i minerala&#8221; el_class=&#8221;title centered&#8221;]Pijte samo ukusnu vodu, koja sadr\u017ei ono najva\u017enije za va\u0161e tijelo[\/lab_heading][\/vc_column_inner][\/vc_row_inner][vc_row_inner][vc_column_inner width=&#8221;1\/2&#8243;][lab_heading title=&#8221;O\u010duvanje hranjivih tvari, oligoelemenata i minerala&#8221;][\/lab_heading][vc_column_text] Zanima li vas kvalitet a sastav vode u va\u0161em vodovodu?\u00a0 Ne\u0107ete neadekvatno ili suvi\u0161no filtrirati va\u0161u vodu za pi\u0107e?\u00a0 Rije\u0161ite kvalitetnu hidrataciju za sebe, \u017eivotinje i&hellip;","og_url":"https:\/\/test.twoeco.sk\/hr\/ocuvanje-hranjivih-tvari-oligoelemenata-i-minerala\/","og_site_name":"Two Eco","article_publisher":"https:\/\/www.facebook.com\/Ionimax-1357153714295887\/","article_modified_time":"2018-02-27T10:03:44+00:00","twitter_card":"summary_large_image","twitter_misc":{"Est. reading time":"4 minutes"},"schema":{"@context":"https:\/\/schema.org","@graph":[{"@type":"WebPage","@id":"https:\/\/test.twoeco.sk\/hr\/ocuvanje-hranjivih-tvari-oligoelemenata-i-minerala\/","url":"https:\/\/test.twoeco.sk\/hr\/ocuvanje-hranjivih-tvari-oligoelemenata-i-minerala\/","name":"O\u010duvanje hranjivih tvari, oligoelemenata i minerala - Two Eco","isPartOf":{"@id":"https:\/\/test.twoeco.sk\/#website"},"datePublished":"2017-03-10T08:16:26+00:00","dateModified":"2018-02-27T10:03:44+00:00","breadcrumb":{"@id":"https:\/\/test.twoeco.sk\/hr\/ocuvanje-hranjivih-tvari-oligoelemenata-i-minerala\/#breadcrumb"},"inLanguage":"hr-HR","potentialAction":[{"@type":"ReadAction","target":["https:\/\/test.twoeco.sk\/hr\/ocuvanje-hranjivih-tvari-oligoelemenata-i-minerala\/"]}]},{"@type":"BreadcrumbList","@id":"https:\/\/test.twoeco.sk\/hr\/ocuvanje-hranjivih-tvari-oligoelemenata-i-minerala\/#breadcrumb","itemListElement":[{"@type":"ListItem","position":1,"name":"Home","item":"https:\/\/test.twoeco.sk\/hr\/"},{"@type":"ListItem","position":2,"name":"O\u010duvanje hranjivih tvari, oligoelemenata i minerala"}]},{"@type":"WebSite","@id":"https:\/\/test.twoeco.sk\/#website","url":"https:\/\/test.twoeco.sk\/","name":"Two Eco","description":"Viac ako \u010dist\u00e1 voda","publisher":{"@id":"https:\/\/test.twoeco.sk\/#organization"},"potentialAction":[{"@type":"SearchAction","target":{"@type":"EntryPoint","urlTemplate":"https:\/\/test.twoeco.sk\/?s={search_term_string}"},"query-input":{"@type":"PropertyValueSpecification","valueRequired":true,"valueName":"search_term_string"}}],"inLanguage":"hr-HR"},{"@type":"Organization","@id":"https:\/\/test.twoeco.sk\/#organization","name":"Two ECO, s.r.o.","url":"https:\/\/test.twoeco.sk\/","logo":{"@type":"ImageObject","inLanguage":"hr-HR","@id":"https:\/\/test.twoeco.sk\/#\/schema\/logo\/image\/","url":"https:\/\/test.twoeco.sk\/wp-content\/uploads\/2016\/05\/logo-two-eco-farba.png","contentUrl":"https:\/\/test.twoeco.sk\/wp-content\/uploads\/2016\/05\/logo-two-eco-farba.png","width":318,"height":74,"caption":"Two ECO, s.r.o."},"image":{"@id":"https:\/\/test.twoeco.sk\/#\/schema\/logo\/image\/"},"sameAs":["https:\/\/www.facebook.com\/Ionimax-1357153714295887\/"]}]}},"_links":{"self":[{"href":"https:\/\/test.twoeco.sk\/hr\/wp-json\/wp\/v2\/pages\/2361"}],"collection":[{"href":"https:\/\/test.twoeco.sk\/hr\/wp-json\/wp\/v2\/pages"}],"about":[{"href":"https:\/\/test.twoeco.sk\/hr\/wp-json\/wp\/v2\/types\/page"}],"author":[{"embeddable":true,"href":"https:\/\/test.twoeco.sk\/hr\/wp-json\/wp\/v2\/users\/3"}],"replies":[{"embeddable":true,"href":"https:\/\/test.twoeco.sk\/hr\/wp-json\/wp\/v2\/comments?post=2361"}],"version-history":[{"count":4,"href":"https:\/\/test.twoeco.sk\/hr\/wp-json\/wp\/v2\/pages\/2361\/revisions"}],"predecessor-version":[{"id":2365,"href":"https:\/\/test.twoeco.sk\/hr\/wp-json\/wp\/v2\/pages\/2361\/revisions\/2365"}],"wp:attachment":[{"href":"https:\/\/test.twoeco.sk\/hr\/wp-json\/wp\/v2\/media?parent=2361"}],"curies":[{"name":"wp","href":"https:\/\/api.w.org\/{rel}","templated":true}]}}