{"id":2351,"date":"2017-03-10T09:03:36","date_gmt":"2017-03-10T08:03:36","guid":{"rendered":"https:\/\/test.twoeco.sk\/?page_id=2351"},"modified":"2018-02-27T12:14:06","modified_gmt":"2018-02-27T11:14:06","slug":"ukusna-vada","status":"publish","type":"page","link":"https:\/\/test.twoeco.sk\/hr\/ukusna-vada\/","title":{"rendered":"Ukusna vada"},"content":{"rendered":"<div class=\"wpb-content-wrapper\"><p>[vc_row css=&#8221;.vc_custom_1489102263611{padding-top: 50px !important;}&#8221;][vc_column][vc_row_inner][vc_column_inner][lab_heading title=&#8221;Ukusna voda&#8221; el_class=&#8221;title centered&#8221;]Direktno iz va\u0161e slavine uz blago pove\u0107anu alkalnost za va\u0161 re\u017eim ispijanja[\/lab_heading][\/vc_column_inner][\/vc_row_inner][vc_row_inner][vc_column_inner width=&#8221;1\/2&#8243;][lab_heading title=&#8221;Ukusna voda&#8221;][\/lab_heading][vc_column_text]Direktno iz va\u0161e slavine uz blago pove\u0107anu alkalnost za va\u0161 re\u017eim ispijanja<\/p>\n<ul>\n<li><strong>\u017delite li ukus izvorske vode:\u00a0<\/strong><\/li>\n<li><strong>Nastojite odr\u017eati re\u017eim ispijanja i to ne samo \u00a0ljeti?\u00a0<\/strong><\/li>\n<li><strong>Ograni\u010davate potro\u0161nju plasti\u010dnih boca:\u00a0<\/strong><\/li>\n<li><strong>\u017delite li svojoj obitelji priu\u0161titi zdravu ishranu?\u00a0<\/strong><\/li>\n<li><strong>Zanima li vas tema zakiseljenja i alkaliziranja u\u00a0organizmu?<\/strong><\/li>\n<\/ul>\n<p><strong>Za okus vode tretirane ionimax-om mo\u017eemo upotrijebiti rije\u010di vinogradara: &#8220;valja se po nepcu&#8221; ima &#8220;zaokru\u017een okus&#8221;&#8230;.<\/strong><\/p>\n<p>Za\u0161to je to tako? Tretirana i ionizirana voda mijenja svoju strukturu.<\/p>\n<p>Zakoni prirode i fizike vam omogu\u0107avaju ionizacijom promijeniti nepravilnu strukturu vode od mnogobrojnih grupa molekula vode H2O u redovit prirodan oblik pet-\u0161estero-kutne (heksagonalne) molekule. Zamislite je kao pahuljicu snijega.<\/p>\n<p><strong>Grupa molekula u teku\u0107oj vodi je 14-16, ionizirana ih\u00a05-6\u00a0to zna\u010di, da je lak\u0161e probavljiva.<\/strong><\/p>\n<p>Ionimax mijenja obi\u010dnu vodu iz slavina doslovce u eliksir. Ovakvo tretirana voda<strong> boje i lak\u0161e prodire u stanice va\u0161eg tijela, zato dobivate vi\u0161e energije. <\/strong>Ispijanjem dolazi do kvalitetne hidratacije i po\u0161tivanja re\u017eima ispijanja s ovakvo tretiranom vodom ima pozitivno djelovanje na ljudsko zdravlje. Ujedno se bolje odvija i detoksikacija i odlazak \u0161tetnih supstanci iz organizma.<\/p>\n<p>Ionimax vodu ionizira i time, da blago pove\u0107ava njen pH. Prema konkretnom lokalnom sastavu vode je to za 0,2 do 0,4 na pH skali.<\/p>\n<p>Ovo je izuzetno povoljno za ljudski organizam, ali nepovoljno za mikroorganizme, koji u ovakvoj sredini prirodno ginu. Mjerenja nam potvrdila njihovo smanjivanje. U toploj vodi iz vodovodne cijevi je to \u010dak vi\u0161e od desetorostruko manje.[\/vc_column_text][\/vc_column_inner][vc_column_inner width=&#8221;1\/2&#8243;][vc_single_image image=&#8221;865&#8243; img_size=&#8221;full&#8221; alignment=&#8221;center&#8221; css=&#8221;.vc_custom_1489132990788{margin-top: 24px !important;}&#8221;][lab_heading title=&#8221;Voda izravno iz va\u0161e slavine tretirana ionimax-om:&#8221;][\/lab_heading][vc_column_text]<\/p>\n<ul>\n<li><strong>ubla\u017eava ko\u017ene i reumatske probleme<\/strong><\/li>\n<li><strong>ubla\u017eava \u017eelu\u010dane i crijevne probleme<\/strong><\/li>\n<li><strong>poja\u010dava proces metabolizma<\/strong><\/li>\n<li><strong>pobolj\u0161ava psihi\u010dku i fizi\u010dku ravnote\u017eu<\/strong><\/li>\n<li><strong>stabilizira krvotok<\/strong><\/li>\n<li><strong>ubrzava zacjeljivanje rana<\/strong><\/li>\n<li><strong>aktivira \u017eivotnu snagu<\/strong><\/li>\n<li><strong>smanjiva osjetljivost na promjene vremena<\/strong><\/li>\n<li><strong>ima bolji okus i dugotrajnu svje\u017einu\u00a0<\/strong><\/li>\n<li><strong>rje\u0161ava tijelo \u0161tetnih supstanci, koje deponira<\/strong><\/li>\n<li><strong>ubla\u017eava zakiseljenje organizma<\/strong><\/li>\n<li><strong>poja\u010dava imunitet<\/strong><\/li>\n<\/ul>\n<p>[\/vc_column_text][\/vc_column_inner][\/vc_row_inner][\/vc_column][\/vc_row]<\/p>\n<\/div>","protected":false},"excerpt":{"rendered":"<p>[vc_row css=&#8221;.vc_custom_1489102263611{padding-top: 50px !important;}&#8221;][vc_column][vc_row_inner][vc_column_inner][lab_heading title=&#8221;Ukusna voda&#8221; el_class=&#8221;title centered&#8221;]Direktno iz va\u0161e slavine uz blago pove\u0107anu alkalnost za va\u0161 re\u017eim ispijanja[\/lab_heading][\/vc_column_inner][\/vc_row_inner][vc_row_inner][vc_column_inner width=&#8221;1\/2&#8243;][lab_heading title=&#8221;Ukusna voda&#8221;][\/lab_heading][vc_column_text]Direktno iz va\u0161e slavine uz blago pove\u0107anu alkalnost za va\u0161 re\u017eim ispijanja \u017delite li ukus izvorske vode:\u00a0 Nastojite odr\u017eati re\u017eim ispijanja i to ne samo \u00a0ljeti?\u00a0 Ograni\u010davate potro\u0161nju plasti\u010dnih boca:\u00a0 \u017delite li svojoj obitelji&hellip;<\/p>\n","protected":false},"author":3,"featured_media":0,"parent":0,"menu_order":0,"comment_status":"closed","ping_status":"closed","template":"","meta":{"_acf_changed":false,"footnotes":""},"class_list":["post-2351","page","type-page","status-publish","hentry"],"acf":[],"yoast_head":"<!-- This site is optimized with the Yoast SEO plugin v23.6 - https:\/\/yoast.com\/wordpress\/plugins\/seo\/ -->\n<title>Ukusna vada - Two Eco<\/title>\n<meta name=\"robots\" content=\"index, follow, max-snippet:-1, max-image-preview:large, max-video-preview:-1\" \/>\n<link rel=\"canonical\" href=\"https:\/\/test.twoeco.sk\/hr\/ukusna-vada\/\" \/>\n<meta property=\"og:locale\" content=\"hr_HR\" \/>\n<meta property=\"og:type\" content=\"article\" \/>\n<meta property=\"og:title\" content=\"Ukusna vada - Two Eco\" \/>\n<meta property=\"og:description\" content=\"[vc_row css=&#8221;.vc_custom_1489102263611{padding-top: 50px !important;}&#8221;][vc_column][vc_row_inner][vc_column_inner][lab_heading title=&#8221;Ukusna voda&#8221; el_class=&#8221;title centered&#8221;]Direktno iz va\u0161e slavine uz blago pove\u0107anu alkalnost za va\u0161 re\u017eim ispijanja[\/lab_heading][\/vc_column_inner][\/vc_row_inner][vc_row_inner][vc_column_inner width=&#8221;1\/2&#8243;][lab_heading title=&#8221;Ukusna voda&#8221;][\/lab_heading][vc_column_text]Direktno iz va\u0161e slavine uz blago pove\u0107anu alkalnost za va\u0161 re\u017eim ispijanja \u017delite li ukus izvorske vode:\u00a0 Nastojite odr\u017eati re\u017eim ispijanja i to ne samo \u00a0ljeti?\u00a0 Ograni\u010davate potro\u0161nju plasti\u010dnih boca:\u00a0 \u017delite li svojoj obitelji&hellip;\" \/>\n<meta property=\"og:url\" content=\"https:\/\/test.twoeco.sk\/hr\/ukusna-vada\/\" \/>\n<meta property=\"og:site_name\" content=\"Two Eco\" \/>\n<meta property=\"article:publisher\" content=\"https:\/\/www.facebook.com\/Ionimax-1357153714295887\/\" \/>\n<meta property=\"article:modified_time\" content=\"2018-02-27T11:14:06+00:00\" \/>\n<meta name=\"twitter:card\" content=\"summary_large_image\" \/>\n<meta name=\"twitter:label1\" content=\"Est. reading time\" \/>\n\t<meta name=\"twitter:data1\" content=\"2 minutes\" \/>\n<script type=\"application\/ld+json\" class=\"yoast-schema-graph\">{\"@context\":\"https:\/\/schema.org\",\"@graph\":[{\"@type\":\"WebPage\",\"@id\":\"https:\/\/test.twoeco.sk\/hr\/ukusna-vada\/\",\"url\":\"https:\/\/test.twoeco.sk\/hr\/ukusna-vada\/\",\"name\":\"Ukusna vada - Two Eco\",\"isPartOf\":{\"@id\":\"https:\/\/test.twoeco.sk\/#website\"},\"datePublished\":\"2017-03-10T08:03:36+00:00\",\"dateModified\":\"2018-02-27T11:14:06+00:00\",\"breadcrumb\":{\"@id\":\"https:\/\/test.twoeco.sk\/hr\/ukusna-vada\/#breadcrumb\"},\"inLanguage\":\"hr-HR\",\"potentialAction\":[{\"@type\":\"ReadAction\",\"target\":[\"https:\/\/test.twoeco.sk\/hr\/ukusna-vada\/\"]}]},{\"@type\":\"BreadcrumbList\",\"@id\":\"https:\/\/test.twoeco.sk\/hr\/ukusna-vada\/#breadcrumb\",\"itemListElement\":[{\"@type\":\"ListItem\",\"position\":1,\"name\":\"Home\",\"item\":\"https:\/\/test.twoeco.sk\/hr\/\"},{\"@type\":\"ListItem\",\"position\":2,\"name\":\"Ukusna vada\"}]},{\"@type\":\"WebSite\",\"@id\":\"https:\/\/test.twoeco.sk\/#website\",\"url\":\"https:\/\/test.twoeco.sk\/\",\"name\":\"Two Eco\",\"description\":\"Viac ako \u010dist\u00e1 voda\",\"publisher\":{\"@id\":\"https:\/\/test.twoeco.sk\/#organization\"},\"potentialAction\":[{\"@type\":\"SearchAction\",\"target\":{\"@type\":\"EntryPoint\",\"urlTemplate\":\"https:\/\/test.twoeco.sk\/?s={search_term_string}\"},\"query-input\":{\"@type\":\"PropertyValueSpecification\",\"valueRequired\":true,\"valueName\":\"search_term_string\"}}],\"inLanguage\":\"hr-HR\"},{\"@type\":\"Organization\",\"@id\":\"https:\/\/test.twoeco.sk\/#organization\",\"name\":\"Two ECO, s.r.o.\",\"url\":\"https:\/\/test.twoeco.sk\/\",\"logo\":{\"@type\":\"ImageObject\",\"inLanguage\":\"hr-HR\",\"@id\":\"https:\/\/test.twoeco.sk\/#\/schema\/logo\/image\/\",\"url\":\"https:\/\/test.twoeco.sk\/wp-content\/uploads\/2016\/05\/logo-two-eco-farba.png\",\"contentUrl\":\"https:\/\/test.twoeco.sk\/wp-content\/uploads\/2016\/05\/logo-two-eco-farba.png\",\"width\":318,\"height\":74,\"caption\":\"Two ECO, s.r.o.\"},\"image\":{\"@id\":\"https:\/\/test.twoeco.sk\/#\/schema\/logo\/image\/\"},\"sameAs\":[\"https:\/\/www.facebook.com\/Ionimax-1357153714295887\/\"]}]}<\/script>\n<!-- \/ Yoast SEO plugin. -->","yoast_head_json":{"title":"Ukusna vada - Two Eco","robots":{"index":"index","follow":"follow","max-snippet":"max-snippet:-1","max-image-preview":"max-image-preview:large","max-video-preview":"max-video-preview:-1"},"canonical":"https:\/\/test.twoeco.sk\/hr\/ukusna-vada\/","og_locale":"hr_HR","og_type":"article","og_title":"Ukusna vada - Two Eco","og_description":"[vc_row css=&#8221;.vc_custom_1489102263611{padding-top: 50px !important;}&#8221;][vc_column][vc_row_inner][vc_column_inner][lab_heading title=&#8221;Ukusna voda&#8221; el_class=&#8221;title centered&#8221;]Direktno iz va\u0161e slavine uz blago pove\u0107anu alkalnost za va\u0161 re\u017eim ispijanja[\/lab_heading][\/vc_column_inner][\/vc_row_inner][vc_row_inner][vc_column_inner width=&#8221;1\/2&#8243;][lab_heading title=&#8221;Ukusna voda&#8221;][\/lab_heading][vc_column_text]Direktno iz va\u0161e slavine uz blago pove\u0107anu alkalnost za va\u0161 re\u017eim ispijanja \u017delite li ukus izvorske vode:\u00a0 Nastojite odr\u017eati re\u017eim ispijanja i to ne samo \u00a0ljeti?\u00a0 Ograni\u010davate potro\u0161nju plasti\u010dnih boca:\u00a0 \u017delite li svojoj obitelji&hellip;","og_url":"https:\/\/test.twoeco.sk\/hr\/ukusna-vada\/","og_site_name":"Two Eco","article_publisher":"https:\/\/www.facebook.com\/Ionimax-1357153714295887\/","article_modified_time":"2018-02-27T11:14:06+00:00","twitter_card":"summary_large_image","twitter_misc":{"Est. reading time":"2 minutes"},"schema":{"@context":"https:\/\/schema.org","@graph":[{"@type":"WebPage","@id":"https:\/\/test.twoeco.sk\/hr\/ukusna-vada\/","url":"https:\/\/test.twoeco.sk\/hr\/ukusna-vada\/","name":"Ukusna vada - Two Eco","isPartOf":{"@id":"https:\/\/test.twoeco.sk\/#website"},"datePublished":"2017-03-10T08:03:36+00:00","dateModified":"2018-02-27T11:14:06+00:00","breadcrumb":{"@id":"https:\/\/test.twoeco.sk\/hr\/ukusna-vada\/#breadcrumb"},"inLanguage":"hr-HR","potentialAction":[{"@type":"ReadAction","target":["https:\/\/test.twoeco.sk\/hr\/ukusna-vada\/"]}]},{"@type":"BreadcrumbList","@id":"https:\/\/test.twoeco.sk\/hr\/ukusna-vada\/#breadcrumb","itemListElement":[{"@type":"ListItem","position":1,"name":"Home","item":"https:\/\/test.twoeco.sk\/hr\/"},{"@type":"ListItem","position":2,"name":"Ukusna vada"}]},{"@type":"WebSite","@id":"https:\/\/test.twoeco.sk\/#website","url":"https:\/\/test.twoeco.sk\/","name":"Two Eco","description":"Viac ako \u010dist\u00e1 voda","publisher":{"@id":"https:\/\/test.twoeco.sk\/#organization"},"potentialAction":[{"@type":"SearchAction","target":{"@type":"EntryPoint","urlTemplate":"https:\/\/test.twoeco.sk\/?s={search_term_string}"},"query-input":{"@type":"PropertyValueSpecification","valueRequired":true,"valueName":"search_term_string"}}],"inLanguage":"hr-HR"},{"@type":"Organization","@id":"https:\/\/test.twoeco.sk\/#organization","name":"Two ECO, s.r.o.","url":"https:\/\/test.twoeco.sk\/","logo":{"@type":"ImageObject","inLanguage":"hr-HR","@id":"https:\/\/test.twoeco.sk\/#\/schema\/logo\/image\/","url":"https:\/\/test.twoeco.sk\/wp-content\/uploads\/2016\/05\/logo-two-eco-farba.png","contentUrl":"https:\/\/test.twoeco.sk\/wp-content\/uploads\/2016\/05\/logo-two-eco-farba.png","width":318,"height":74,"caption":"Two ECO, s.r.o."},"image":{"@id":"https:\/\/test.twoeco.sk\/#\/schema\/logo\/image\/"},"sameAs":["https:\/\/www.facebook.com\/Ionimax-1357153714295887\/"]}]}},"_links":{"self":[{"href":"https:\/\/test.twoeco.sk\/hr\/wp-json\/wp\/v2\/pages\/2351"}],"collection":[{"href":"https:\/\/test.twoeco.sk\/hr\/wp-json\/wp\/v2\/pages"}],"about":[{"href":"https:\/\/test.twoeco.sk\/hr\/wp-json\/wp\/v2\/types\/page"}],"author":[{"embeddable":true,"href":"https:\/\/test.twoeco.sk\/hr\/wp-json\/wp\/v2\/users\/3"}],"replies":[{"embeddable":true,"href":"https:\/\/test.twoeco.sk\/hr\/wp-json\/wp\/v2\/comments?post=2351"}],"version-history":[{"count":5,"href":"https:\/\/test.twoeco.sk\/hr\/wp-json\/wp\/v2\/pages\/2351\/revisions"}],"predecessor-version":[{"id":2398,"href":"https:\/\/test.twoeco.sk\/hr\/wp-json\/wp\/v2\/pages\/2351\/revisions\/2398"}],"wp:attachment":[{"href":"https:\/\/test.twoeco.sk\/hr\/wp-json\/wp\/v2\/media?parent=2351"}],"curies":[{"name":"wp","href":"https:\/\/api.w.org\/{rel}","templated":true}]}}