{"id":2339,"date":"2016-05-11T11:17:21","date_gmt":"2016-05-11T11:17:21","guid":{"rendered":"https:\/\/test.twoeco.sk\/?page_id=2339"},"modified":"2018-02-27T14:20:37","modified_gmt":"2018-02-27T13:20:37","slug":"homepage","status":"publish","type":"page","link":"https:\/\/test.twoeco.sk\/hr\/","title":{"rendered":"Homepage"},"content":{"rendered":"<div class=\"wpb-content-wrapper\"><p>[vc_row no_bottom_margin=&#8221;yes&#8221;][vc_column 0=&#8221;&#8221;][rev_slider_vc alias=&#8221;domacnost-hr&#8221;][\/vc_column][\/vc_row][vc_row css=&#8221;.vc_custom_1489101922032{padding-bottom: 20px !important;}&#8221;][vc_column width=&#8221;1\/2&#8243;][vc_row_inner 0=&#8221;&#8221;][vc_column_inner width=&#8221;1\/2&#8243;][vc_single_image image=&#8221;1144&#8243; img_size=&#8221;full&#8221; alignment=&#8221;center&#8221; css_animation=&#8221;right-to-left&#8221; el_class=&#8221;retina centered devices topmargincorrect&#8221; css=&#8221;.vc_custom_1489141795376{background-position: center !important;background-repeat: no-repeat !important;background-size: cover !important;}&#8221;][\/vc_column_inner][vc_column_inner width=&#8221;1\/2&#8243;][lab_heading title=&#8221;ionimax\u00ae&#8221;][\/lab_heading][vc_column_text css=&#8221;.vc_custom_1519732464074{margin-bottom: 9px !important;}&#8221;]<strong>Ionski polarizacijski aparat \u2013 ionimax \u2013<\/strong> je ure\u0111aj za tretman vode, koji spre\u010dava nastanak kamenca, poma\u017ee njegovom odstranjivanju, te ima mnogo drugih prednosti.[\/vc_column_text][vc_btn title=&#8221;\u017delim znati vi\u0161e&#8221; style=&#8221;outline-custom&#8221; outline_custom_color=&#8221;#1e73be&#8221; outline_custom_hover_background=&#8221;#1e73be&#8221; outline_custom_hover_text=&#8221;#ffffff&#8221; size=&#8221;sm&#8221; i_align=&#8221;right&#8221; i_icon_fontawesome=&#8221;fa fa-chevron-right&#8221; add_icon=&#8221;true&#8221; link=&#8221;url:https%3A%2F%2Ftest.twoeco.sk%2Fhr%2Fionimax%2F||target:%20_blank|&#8221; el_class=&#8221;okruhle&#8221;][\/vc_column_inner][\/vc_row_inner][\/vc_column][vc_column width=&#8221;1\/2&#8243;][vc_row_inner 0=&#8221;&#8221;][vc_column_inner width=&#8221;1\/2&#8243;][vc_single_image image=&#8221;996&#8243; img_size=&#8221;full&#8221; alignment=&#8221;center&#8221; css_animation=&#8221;right-to-left&#8221; el_class=&#8221;retina centered devices&#8221; css=&#8221;.vc_custom_1496304650000{margin-top: 25px !important;background-position: center !important;background-repeat: no-repeat !important;background-size: cover !important;}&#8221;][\/vc_column_inner][vc_column_inner width=&#8221;1\/2&#8243;][lab_heading title=&#8221;Industrija&#8221;][\/lab_heading][vc_column_text css=&#8221;.vc_custom_1519736737663{margin-bottom: 9px !important;}&#8221;]Ionimax se \u0161iroko koristi u ku\u0107i.[\/vc_column_text][vc_btn title=&#8221;Vi\u0161e o ku\u0107anstvu&#8221; style=&#8221;outline-custom&#8221; outline_custom_color=&#8221;#1e73be&#8221; outline_custom_hover_background=&#8221;#1e73be&#8221; outline_custom_hover_text=&#8221;#ffffff&#8221; size=&#8221;sm&#8221; i_align=&#8221;right&#8221; i_icon_fontawesome=&#8221;fa fa-chevron-right&#8221; add_icon=&#8221;true&#8221; link=&#8221;url:https%3A%2F%2Ftest.twoeco.sk%2Fhr%2F||target:%20_blank|&#8221; el_class=&#8221;okruhle&#8221;][\/vc_column_inner][\/vc_row_inner][\/vc_column][\/vc_row][vc_row full_width=&#8221;stretch_row&#8221; css=&#8221;.vc_custom_1487003274380{border-bottom-width: 1px !important;padding-top: 40px !important;padding-bottom: 42px !important;background-color: #fafafa !important;border-bottom-color: #dddddd !important;border-bottom-style: solid !important;}&#8221; el_id=&#8221;vyhody&#8221;][vc_column 0=&#8221;&#8221;][lab_heading title=&#8221;Za\u0161to ionimax?&#8221; el_class=&#8221;title centered&#8221;]Unikatni sistem za tretman vode, funkcionira bez osoblja i odr\u017eavanja. Uvjerite se sami[\/lab_heading][vc_empty_space height=&#8221;10px&#8221;][vc_row_inner 0=&#8221;&#8221;][vc_column_inner width=&#8221;1\/3&#8243;][vc_empty_space height=&#8221;25px&#8221;][vc_single_image image=&#8221;869&#8243; img_size=&#8221;360&#215;200&#8243;][\/vc_column_inner][vc_column_inner width=&#8221;2\/3&#8243;][lab_heading title=&#8221;U\u017e \u017eiadny vodn\u00fd kame\u0148&#8221;][\/lab_heading][vc_column_text css=&#8221;.vc_custom_1487673847973{margin-bottom: 9px !important;}&#8221;]<strong>Zbavte sa vodn\u00e9ho kame\u0148a a tvrdosti vody, bez zbyto\u010dnej ch\u00e9mie. Vyu\u017eite najnov\u0161ie poznatky vedy a i\u00f3nov\u00fa polariz\u00e1ciu vody, v\u00a0na\u0161om pr\u00edstroji ionimax. <\/strong><\/p>\n<p>Ionimax je unik\u00e1tny syst\u00e9m \u00fapravy vody, jednoducho \u201cr\u00farka\u201d, ktor\u00e1 rozbije vodn\u00fd kame\u0148, dod\u00e1 vode vitalitu, zdravie, \u010distotu, \u0161etr\u00ed va\u0161u pe\u0148a\u017eenku, spotrebi\u010de&#8230;.[\/vc_column_text][vc_btn title=&#8221;Viac o vodnom kameni&#8221; style=&#8221;outline-custom&#8221; outline_custom_color=&#8221;#1e73be&#8221; outline_custom_hover_background=&#8221;#1e73be&#8221; outline_custom_hover_text=&#8221;#ffffff&#8221; size=&#8221;sm&#8221; i_align=&#8221;right&#8221; i_icon_fontawesome=&#8221;fa fa-chevron-right&#8221; add_icon=&#8221;true&#8221; link=&#8221;url:https%3A%2F%2Ftest.twoeco.sk%2Fvodny-kamen%2F|||&#8221; el_class=&#8221;okruhle&#8221; css=&#8221;.vc_custom_1489134656614{padding-top: 0px !important;}&#8221;][\/vc_column_inner][\/vc_row_inner][vc_separator style=&#8221;dotted&#8221; border_width=&#8221;2&#8243;][vc_row_inner 0=&#8221;&#8221;][vc_column_inner width=&#8221;2\/3&#8243;][lab_heading title=&#8221;Ekologija&#8221; css=&#8221;.vc_custom_1519724064994{padding-top: 0px !important;padding-right: 0px !important;padding-bottom: 0px !important;padding-left: 0px !important;}&#8221;][\/lab_heading][vc_column_text css=&#8221;.vc_custom_1519724091582{margin-bottom: 9px !important;}&#8221;]Ekologija i ekonomija idu ruka u\u00a0ruci. Ionimax poma\u017ee za\u0161titi okoli\u0161a. Mo\u017eete <strong>reducirati potro\u0161nju potro\u0161nju plasti\u010dnih fla\u0161a i pakirane vode ali i potro\u0161nju omek\u0161iva\u010da ili kemijskih proizvoda<\/strong> kod \u010di\u0161\u0107enja u\u00a0doma\u0107instvu. Na ovaj na\u010din \u0161titimo okoli\u0161 zajedni\u010dki.[\/vc_column_text][\/vc_column_inner][vc_column_inner width=&#8221;1\/3&#8243;][vc_empty_space height=&#8221;25px&#8221;][vc_single_image image=&#8221;870&#8243; img_size=&#8221;360&#215;200&#8243;][\/vc_column_inner][\/vc_row_inner][vc_separator style=&#8221;dotted&#8221; border_width=&#8221;2&#8243;][vc_row_inner 0=&#8221;&#8221;][vc_column_inner width=&#8221;1\/3&#8243;][vc_empty_space height=&#8221;25px&#8221;][vc_single_image image=&#8221;871&#8243; img_size=&#8221;360&#215;200&#8243;][\/vc_column_inner][vc_column_inner width=&#8221;2\/3&#8243;][lab_heading title=&#8221;Zdravlje i vitalnost&#8221;][\/lab_heading][vc_column_text 0=&#8221;&#8221;]Vodite brigu o zdravlju svoje obitelji? Ionimax \u0107e biti va\u0161 pomo\u0107nik. Voda iz\u00a0vodovoda, tretirana ionskom polarizacijom dobiva vi\u0161e osobina korisnih za zdravlje. Poma\u017ee kod ko\u017enih, reumatskih i probavnih problema, ubla\u017eava prekiseljenje organizma, te ga efikasno rje\u0161ava \u0161tetnih tvari. <strong>Ionimax poma\u017ee va\u0161em tijelu posti\u0107i vi\u0161e ravnote\u017ee i \u017eivotne snage.<\/strong> Oja\u010dava metaboli\u010dki proces u\u00a0tijelu i hidrataciju, to zna\u010di, da \u0107ete postupno osjetiti vi\u0161e energije, stabilnosti i vitalnosti.[\/vc_column_text][\/vc_column_inner][\/vc_row_inner][vc_separator style=&#8221;dotted&#8221; border_width=&#8221;2&#8243;][vc_row_inner 0=&#8221;&#8221;][vc_column_inner width=&#8221;2\/3&#8243;][lab_heading title=&#8221;\u0160titi ku\u0107ne ure\u0111aje.&#8221;][\/lab_heading][vc_column_text css=&#8221;.vc_custom_1519724201804{margin-bottom: 9px !important;}&#8221;]Voda, koja treba slu\u017eiti u\u00a0doma\u0107instvu za pranje, \u010di\u0161\u0107enje, grijanje i sli\u010dno ne bi trebala da sadr\u017ei puno minerala. \u017delimo da bude vi\u0161e mekana i prijateljska prema\u00a0ure\u0111ajima, vodovima i\u00a0aparatima, kroz koje prolazi. Na drugoj strani, za ljudsko zdravlje, va\u017eno je piti vodi sa vi\u0161e minerala to\u00a0zna\u010di tvrdu vodu. Kako spojiti ova dva razli\u010dita zahtjeva?\u00a0Idealno rje\u0161enje je koristiti\u00a0 <strong>ionizator vode ionimax, koji ne mijenja kemijski sastav vode u cijevima, ali mijenja fizikalnu strukturu iste.<\/strong> Na ovaj na\u010din <strong>dobijete tvrdu vodu s osobinama meke vode, adekvatnu za aparate i za \u017eive organizme.<\/strong>[\/vc_column_text][\/vc_column_inner][vc_column_inner width=&#8221;1\/3&#8243;][vc_empty_space height=&#8221;25px&#8221;][vc_single_image image=&#8221;1000&#8243; img_size=&#8221;360&#215;200&#8243;][\/vc_column_inner][\/vc_row_inner][vc_separator style=&#8221;dotted&#8221; border_width=&#8221;2&#8243;][vc_row_inner 0=&#8221;&#8221;][vc_column_inner width=&#8221;1\/3&#8243;][vc_empty_space height=&#8221;25px&#8221;][vc_single_image image=&#8221;999&#8243; img_size=&#8221;360&#215;200&#8243;][\/vc_column_inner][vc_column_inner width=&#8221;2\/3&#8243;][lab_heading title=&#8221;Eliksir&#8221;][\/lab_heading][vc_column_text css=&#8221;.vc_custom_1519724234181{margin-bottom: 9px !important;}&#8221;]Pobolj\u0161ajte svoje zdravlje i vitalnost pomo\u0107u ionimax-a. <strong>Ionizirana voda pobolj\u0161ava metabolizam, apsorpciju hranjivih tvari i odlazak \u0161tetnih tvari iz\u00a0organizma.<\/strong> Detoksikacija organizma te\u010de lak\u0161e i efikasnije. Osjetit \u0107ete izvor energije, te va\u0161a voda iz\u00a0vodovoda se ionizacijom postupno promijeni\u00a0 u eliksir.[\/vc_column_text][\/vc_column_inner][\/vc_row_inner][vc_separator style=&#8221;dotted&#8221; border_width=&#8221;2&#8243;][vc_row_inner 0=&#8221;&#8221;][vc_column_inner width=&#8221;2\/3&#8243;][lab_heading title=&#8221;U\u0161teda&#8221;][\/lab_heading][vc_column_text 0=&#8221;&#8221;]Ionimax i ionizirana voda \u0161tede va\u0161 novac.\u00a0<strong>Smanjite svoje tro\u0161kove za pakiranu vodu, deterd\u017eente za pranje, sredstva za \u010di\u0161\u0107enje i omek\u0161iva\u010de.<\/strong> Produ\u017eite vijek trajanja ku\u0107anskih aparata i ure\u0111aja kao \u0161to su perilice za rublje, kuhala za vodu, vodovodne cijevi i baterije, jacuzziji ili bazeni. Mo\u017eete biti &#8220;ekonomi\u010dan i ekologi\u010dan&#8221; istovremeno.[\/vc_column_text][\/vc_column_inner][vc_column_inner width=&#8221;1\/3&#8243;][vc_empty_space height=&#8221;25px&#8221;][vc_single_image image=&#8221;872&#8243; img_size=&#8221;360&#215;200&#8243;][\/vc_column_inner][\/vc_row_inner][\/vc_column][\/vc_row][vc_row css=&#8221;.vc_custom_1488615870780{padding-top: 40px !important;padding-bottom: 40px !important;background-image: url(https:\/\/test.twoeco.sk\/wp-content\/uploads\/2016\/05\/fotka-certifikaty-back-1.jpg?id=875) !important;background-position: center !important;background-repeat: no-repeat !important;background-size: cover !important;}&#8221; el_id=&#8221;certifikaty&#8221;][vc_column 0=&#8221;&#8221;][lab_heading title=&#8221;Certifikati &#8221; el_class=&#8221;title centered certifikaty&#8221;][\/lab_heading][vc_empty_space height=&#8221;25px&#8221;][vc_row_inner 0=&#8221;&#8221;][vc_column_inner 0=&#8221;&#8221;][\/vc_column_inner][\/vc_row_inner][vc_row_inner 0=&#8221;&#8221;][vc_column_inner width=&#8221;1\/6&#8243;][\/vc_column_inner][vc_column_inner el_class=&#8221;bielyfont&#8221; width=&#8221;7\/12&#8243;][vc_column_text el_class=&#8221;bielyfont&#8221;]<strong>Marke Two ECO\u00ae i ionimax\u00ae su registrirane trgova\u010dke marke tvrtke Two ECO,\u00a0s.r.o.. Nositelji smo vi\u0161e certifikata<\/strong>[\/vc_column_text][\/vc_column_inner][vc_column_inner width=&#8221;1\/4&#8243;][vc_btn title=&#8221;Viac&#8221; style=&#8221;outline-custom&#8221; outline_custom_color=&#8221;#92c83e&#8221; outline_custom_hover_background=&#8221;#a8c677&#8243; outline_custom_hover_text=&#8221;#ffffff&#8221; align=&#8221;left&#8221; i_align=&#8221;right&#8221; i_icon_fontawesome=&#8221;fa fa-chevron-right&#8221; add_icon=&#8221;true&#8221; link=&#8221;url:https%3A%2F%2Ftest.twoeco.sk%2Fcertifikaty%2F|||&#8221; el_class=&#8221;okruhle schovat&#8221; css=&#8221;.vc_custom_1489128415602{padding-top: -20px !important;padding-bottom: 20px !important;}&#8221;][\/vc_column_inner][\/vc_row_inner][\/vc_column][\/vc_row][vc_row full_width=&#8221;stretch_row&#8221; css=&#8221;.vc_custom_1485634923512{border-bottom-width: 1px !important;padding-top: 40px !important;background-color: #fafafa !important;border-bottom-color: #dddddd !important;}&#8221; el_id=&#8221;zakupit&#8221;][vc_column width=&#8221;1\/6&#8243;][\/vc_column][vc_column width=&#8221;2\/3&#8243;][lab_heading title=&#8221;Zanima me&#8221; el_class=&#8221;title centered&#8221;]Ostavite nam podatke za kontakt i vratit \u0107emo vam se.[\/lab_heading][lab_contact_form name_title=&#8221;Ime:&#8221; message_title=&#8221;Upravljanje:&#8221; show_subject_field=&#8221;&#8221; submit_title=&#8221;Poslati&#8221; submit_success=&#8221;Hvala #, poslana je poruka!&#8221; alert_errors=&#8221;&#8221; el_class=&#8221;textareabackground&#8221; email_receiver=&#8221;k.michelikova@icloud.com&#8221;][\/vc_column][vc_column width=&#8221;1\/6&#8243;][\/vc_column][\/vc_row]<\/p>\n<\/div>","protected":false},"excerpt":{"rendered":"<p>[vc_row no_bottom_margin=&#8221;yes&#8221;][vc_column 0=&#8221;&#8221;][rev_slider_vc alias=&#8221;domacnost-hr&#8221;][\/vc_column][\/vc_row][vc_row css=&#8221;.vc_custom_1489101922032{padding-bottom: 20px !important;}&#8221;][vc_column width=&#8221;1\/2&#8243;][vc_row_inner 0=&#8221;&#8221;][vc_column_inner width=&#8221;1\/2&#8243;][vc_single_image image=&#8221;1144&#8243; img_size=&#8221;full&#8221; alignment=&#8221;center&#8221; css_animation=&#8221;right-to-left&#8221; el_class=&#8221;retina centered devices topmargincorrect&#8221; css=&#8221;.vc_custom_1489141795376{background-position: center !important;background-repeat: no-repeat !important;background-size: cover !important;}&#8221;][\/vc_column_inner][vc_column_inner width=&#8221;1\/2&#8243;][lab_heading title=&#8221;ionimax\u00ae&#8221;][\/lab_heading][vc_column_text css=&#8221;.vc_custom_1519732464074{margin-bottom: 9px !important;}&#8221;]Ionski polarizacijski aparat \u2013 ionimax \u2013 je ure\u0111aj za tretman vode, koji spre\u010dava nastanak kamenca, poma\u017ee njegovom odstranjivanju, te ima mnogo drugih prednosti.[\/vc_column_text][vc_btn title=&#8221;\u017delim znati vi\u0161e&#8221;&hellip;<\/p>\n","protected":false},"author":3,"featured_media":0,"parent":0,"menu_order":0,"comment_status":"closed","ping_status":"closed","template":"","meta":{"_acf_changed":false,"footnotes":""},"class_list":["post-2339","page","type-page","status-publish","hentry"],"acf":[],"yoast_head":"<!-- This site is optimized with the Yoast SEO plugin v23.6 - https:\/\/yoast.com\/wordpress\/plugins\/seo\/ -->\n<title>Two Eco<\/title>\n<meta name=\"robots\" content=\"index, follow, max-snippet:-1, max-image-preview:large, max-video-preview:-1\" \/>\n<link rel=\"canonical\" href=\"https:\/\/test.twoeco.sk\/hr\/\" \/>\n<meta property=\"og:locale\" content=\"hr_HR\" \/>\n<meta property=\"og:type\" content=\"article\" \/>\n<meta property=\"og:title\" content=\"Two Eco\" \/>\n<meta property=\"og:description\" content=\"[vc_row no_bottom_margin=&#8221;yes&#8221;][vc_column 0=&#8221;&#8221;][rev_slider_vc alias=&#8221;domacnost-hr&#8221;][\/vc_column][\/vc_row][vc_row css=&#8221;.vc_custom_1489101922032{padding-bottom: 20px !important;}&#8221;][vc_column width=&#8221;1\/2&#8243;][vc_row_inner 0=&#8221;&#8221;][vc_column_inner width=&#8221;1\/2&#8243;][vc_single_image image=&#8221;1144&#8243; img_size=&#8221;full&#8221; alignment=&#8221;center&#8221; css_animation=&#8221;right-to-left&#8221; el_class=&#8221;retina centered devices topmargincorrect&#8221; css=&#8221;.vc_custom_1489141795376{background-position: center !important;background-repeat: no-repeat !important;background-size: cover !important;}&#8221;][\/vc_column_inner][vc_column_inner width=&#8221;1\/2&#8243;][lab_heading title=&#8221;ionimax\u00ae&#8221;][\/lab_heading][vc_column_text css=&#8221;.vc_custom_1519732464074{margin-bottom: 9px !important;}&#8221;]Ionski polarizacijski aparat \u2013 ionimax \u2013 je ure\u0111aj za tretman vode, koji spre\u010dava nastanak kamenca, poma\u017ee njegovom odstranjivanju, te ima mnogo drugih prednosti.[\/vc_column_text][vc_btn title=&#8221;\u017delim znati vi\u0161e&#8221;&hellip;\" \/>\n<meta property=\"og:url\" content=\"https:\/\/test.twoeco.sk\/hr\/\" \/>\n<meta property=\"og:site_name\" content=\"Two Eco\" \/>\n<meta property=\"article:publisher\" content=\"https:\/\/www.facebook.com\/Ionimax-1357153714295887\/\" \/>\n<meta property=\"article:modified_time\" content=\"2018-02-27T13:20:37+00:00\" \/>\n<meta name=\"twitter:card\" content=\"summary_large_image\" \/>\n<meta name=\"twitter:label1\" content=\"Est. reading time\" \/>\n\t<meta name=\"twitter:data1\" content=\"7 minutes\" \/>\n<script type=\"application\/ld+json\" class=\"yoast-schema-graph\">{\"@context\":\"https:\/\/schema.org\",\"@graph\":[{\"@type\":\"WebPage\",\"@id\":\"https:\/\/test.twoeco.sk\/hr\/\",\"url\":\"https:\/\/test.twoeco.sk\/hr\/\",\"name\":\"Two Eco\",\"isPartOf\":{\"@id\":\"https:\/\/test.twoeco.sk\/#website\"},\"datePublished\":\"2016-05-11T11:17:21+00:00\",\"dateModified\":\"2018-02-27T13:20:37+00:00\",\"breadcrumb\":{\"@id\":\"https:\/\/test.twoeco.sk\/hr\/#breadcrumb\"},\"inLanguage\":\"hr-HR\",\"potentialAction\":[{\"@type\":\"ReadAction\",\"target\":[\"https:\/\/test.twoeco.sk\/hr\/\"]}]},{\"@type\":\"BreadcrumbList\",\"@id\":\"https:\/\/test.twoeco.sk\/hr\/#breadcrumb\",\"itemListElement\":[{\"@type\":\"ListItem\",\"position\":1,\"name\":\"Home\",\"item\":\"https:\/\/test.twoeco.sk\/hr\/\"},{\"@type\":\"ListItem\",\"position\":2,\"name\":\"Homepage\"}]},{\"@type\":\"WebSite\",\"@id\":\"https:\/\/test.twoeco.sk\/#website\",\"url\":\"https:\/\/test.twoeco.sk\/\",\"name\":\"Two Eco\",\"description\":\"Viac ako \u010dist\u00e1 voda\",\"publisher\":{\"@id\":\"https:\/\/test.twoeco.sk\/#organization\"},\"potentialAction\":[{\"@type\":\"SearchAction\",\"target\":{\"@type\":\"EntryPoint\",\"urlTemplate\":\"https:\/\/test.twoeco.sk\/?s={search_term_string}\"},\"query-input\":{\"@type\":\"PropertyValueSpecification\",\"valueRequired\":true,\"valueName\":\"search_term_string\"}}],\"inLanguage\":\"hr-HR\"},{\"@type\":\"Organization\",\"@id\":\"https:\/\/test.twoeco.sk\/#organization\",\"name\":\"Two ECO, s.r.o.\",\"url\":\"https:\/\/test.twoeco.sk\/\",\"logo\":{\"@type\":\"ImageObject\",\"inLanguage\":\"hr-HR\",\"@id\":\"https:\/\/test.twoeco.sk\/#\/schema\/logo\/image\/\",\"url\":\"https:\/\/test.twoeco.sk\/wp-content\/uploads\/2016\/05\/logo-two-eco-farba.png\",\"contentUrl\":\"https:\/\/test.twoeco.sk\/wp-content\/uploads\/2016\/05\/logo-two-eco-farba.png\",\"width\":318,\"height\":74,\"caption\":\"Two ECO, s.r.o.\"},\"image\":{\"@id\":\"https:\/\/test.twoeco.sk\/#\/schema\/logo\/image\/\"},\"sameAs\":[\"https:\/\/www.facebook.com\/Ionimax-1357153714295887\/\"]}]}<\/script>\n<!-- \/ Yoast SEO plugin. -->","yoast_head_json":{"title":"Two Eco","robots":{"index":"index","follow":"follow","max-snippet":"max-snippet:-1","max-image-preview":"max-image-preview:large","max-video-preview":"max-video-preview:-1"},"canonical":"https:\/\/test.twoeco.sk\/hr\/","og_locale":"hr_HR","og_type":"article","og_title":"Two Eco","og_description":"[vc_row no_bottom_margin=&#8221;yes&#8221;][vc_column 0=&#8221;&#8221;][rev_slider_vc alias=&#8221;domacnost-hr&#8221;][\/vc_column][\/vc_row][vc_row css=&#8221;.vc_custom_1489101922032{padding-bottom: 20px !important;}&#8221;][vc_column width=&#8221;1\/2&#8243;][vc_row_inner 0=&#8221;&#8221;][vc_column_inner width=&#8221;1\/2&#8243;][vc_single_image image=&#8221;1144&#8243; img_size=&#8221;full&#8221; alignment=&#8221;center&#8221; css_animation=&#8221;right-to-left&#8221; el_class=&#8221;retina centered devices topmargincorrect&#8221; css=&#8221;.vc_custom_1489141795376{background-position: center !important;background-repeat: no-repeat !important;background-size: cover !important;}&#8221;][\/vc_column_inner][vc_column_inner width=&#8221;1\/2&#8243;][lab_heading title=&#8221;ionimax\u00ae&#8221;][\/lab_heading][vc_column_text css=&#8221;.vc_custom_1519732464074{margin-bottom: 9px !important;}&#8221;]Ionski polarizacijski aparat \u2013 ionimax \u2013 je ure\u0111aj za tretman vode, koji spre\u010dava nastanak kamenca, poma\u017ee njegovom odstranjivanju, te ima mnogo drugih prednosti.[\/vc_column_text][vc_btn title=&#8221;\u017delim znati vi\u0161e&#8221;&hellip;","og_url":"https:\/\/test.twoeco.sk\/hr\/","og_site_name":"Two Eco","article_publisher":"https:\/\/www.facebook.com\/Ionimax-1357153714295887\/","article_modified_time":"2018-02-27T13:20:37+00:00","twitter_card":"summary_large_image","twitter_misc":{"Est. reading time":"7 minutes"},"schema":{"@context":"https:\/\/schema.org","@graph":[{"@type":"WebPage","@id":"https:\/\/test.twoeco.sk\/hr\/","url":"https:\/\/test.twoeco.sk\/hr\/","name":"Two Eco","isPartOf":{"@id":"https:\/\/test.twoeco.sk\/#website"},"datePublished":"2016-05-11T11:17:21+00:00","dateModified":"2018-02-27T13:20:37+00:00","breadcrumb":{"@id":"https:\/\/test.twoeco.sk\/hr\/#breadcrumb"},"inLanguage":"hr-HR","potentialAction":[{"@type":"ReadAction","target":["https:\/\/test.twoeco.sk\/hr\/"]}]},{"@type":"BreadcrumbList","@id":"https:\/\/test.twoeco.sk\/hr\/#breadcrumb","itemListElement":[{"@type":"ListItem","position":1,"name":"Home","item":"https:\/\/test.twoeco.sk\/hr\/"},{"@type":"ListItem","position":2,"name":"Homepage"}]},{"@type":"WebSite","@id":"https:\/\/test.twoeco.sk\/#website","url":"https:\/\/test.twoeco.sk\/","name":"Two Eco","description":"Viac ako \u010dist\u00e1 voda","publisher":{"@id":"https:\/\/test.twoeco.sk\/#organization"},"potentialAction":[{"@type":"SearchAction","target":{"@type":"EntryPoint","urlTemplate":"https:\/\/test.twoeco.sk\/?s={search_term_string}"},"query-input":{"@type":"PropertyValueSpecification","valueRequired":true,"valueName":"search_term_string"}}],"inLanguage":"hr-HR"},{"@type":"Organization","@id":"https:\/\/test.twoeco.sk\/#organization","name":"Two ECO, s.r.o.","url":"https:\/\/test.twoeco.sk\/","logo":{"@type":"ImageObject","inLanguage":"hr-HR","@id":"https:\/\/test.twoeco.sk\/#\/schema\/logo\/image\/","url":"https:\/\/test.twoeco.sk\/wp-content\/uploads\/2016\/05\/logo-two-eco-farba.png","contentUrl":"https:\/\/test.twoeco.sk\/wp-content\/uploads\/2016\/05\/logo-two-eco-farba.png","width":318,"height":74,"caption":"Two ECO, s.r.o."},"image":{"@id":"https:\/\/test.twoeco.sk\/#\/schema\/logo\/image\/"},"sameAs":["https:\/\/www.facebook.com\/Ionimax-1357153714295887\/"]}]}},"_links":{"self":[{"href":"https:\/\/test.twoeco.sk\/hr\/wp-json\/wp\/v2\/pages\/2339"}],"collection":[{"href":"https:\/\/test.twoeco.sk\/hr\/wp-json\/wp\/v2\/pages"}],"about":[{"href":"https:\/\/test.twoeco.sk\/hr\/wp-json\/wp\/v2\/types\/page"}],"author":[{"embeddable":true,"href":"https:\/\/test.twoeco.sk\/hr\/wp-json\/wp\/v2\/users\/3"}],"replies":[{"embeddable":true,"href":"https:\/\/test.twoeco.sk\/hr\/wp-json\/wp\/v2\/comments?post=2339"}],"version-history":[{"count":15,"href":"https:\/\/test.twoeco.sk\/hr\/wp-json\/wp\/v2\/pages\/2339\/revisions"}],"predecessor-version":[{"id":2411,"href":"https:\/\/test.twoeco.sk\/hr\/wp-json\/wp\/v2\/pages\/2339\/revisions\/2411"}],"wp:attachment":[{"href":"https:\/\/test.twoeco.sk\/hr\/wp-json\/wp\/v2\/media?parent=2339"}],"curies":[{"name":"wp","href":"https:\/\/api.w.org\/{rel}","templated":true}]}}