{"id":2097,"date":"2017-08-08T17:04:09","date_gmt":"2017-08-08T15:04:09","guid":{"rendered":"https:\/\/test.twoeco.sk\/chutna-voda\/"},"modified":"2017-08-08T17:15:14","modified_gmt":"2017-08-08T15:15:14","slug":"chutna-voda","status":"publish","type":"page","link":"https:\/\/test.twoeco.sk\/fr\/chutna-voda\/","title":{"rendered":"Chutn\u00e1 voda"},"content":{"rendered":"<div class=\"wpb-content-wrapper\"><p>[vc_row css=\u00a0\u00bb.vc_custom_1489102263611{padding-top: 50px !important;}\u00a0\u00bb][vc_column][vc_row_inner][vc_column_inner][lab_heading title=\u00a0\u00bbEau de bon go\u00fbt \u00a0\u00bb el_class=\u00a0\u00bbtitle centered\u00a0\u00bb]Offrez-vous l&rsquo;eau de robinet avec l&rsquo;alcalinit\u00e9 un tout petit \u00e9lev\u00e9, pour votre r\u00e9gime liquide[\/lab_heading][\/vc_column_inner][\/vc_row_inner][vc_row_inner][vc_column_inner width=\u00a0\u00bb1\/2&Prime;][lab_heading title=\u00a0\u00bbEau de bon go\u00fbt \u00ab\u00a0][\/lab_heading][vc_column_text]<\/p>\n<ul>\n<li><strong> R\u00eavez-vous du go\u00fbt de l&rsquo;eau de source? <\/strong><\/li>\n<li><strong> Cherchez- vous \u00e0 observer un r\u00e9gime liquide &#8211; pas seulement en \u00e9t\u00e9? <\/strong><\/li>\n<li><strong> R\u00e9duisez-vous l&rsquo;utilisation des bouteilles en mati\u00e8re plastique? <\/strong><\/li>\n<li><strong> Voulez-vous offrir \u00e0 votre famille une alimentation sainte? <\/strong><\/li>\n<li><strong> Etes-vous int\u00e9ress\u00e9 au sujet de la d\u00e9sacidification et de la basicit\u00e9 de l&rsquo;organisme? Seulement le langage d&rsquo;un vigneron peut exprimer le go\u00fbt de l&rsquo;eau trait\u00e9e par IONIMAX : \u201cdouceur d&rsquo;eau sur la langue\u201d ou \u201cson go\u00fbt est rond\u201d\u2026 <\/strong><\/li>\n<\/ul>\n<p style=\"display: inline !important;\">Pourquoi cette exaltation? L&rsquo;eau trait\u00e9e et ionis\u00e9e et change sa structure.<\/p>\n<p>Les lois de la nature et de la physique rendent possible de changer, par ionisation, la structure irr\u00e9guli\u00e8re d&rsquo;eau, aux agglom\u00e9rats des multiples mol\u00e9cules d&rsquo;eau H2O, \u00e0 la forme d&rsquo;une mol\u00e9cule naturellement r\u00e9guli\u00e8re pentagone \u2013 hexagone. Vous pouvez imaginer sa forme pareille au flocon de neige.<\/p>\n<p><strong>L&rsquo;agglom\u00e9rat des mol\u00e9cules dans l&rsquo;eau courant fait 14-16 mais pour l&rsquo;eau ionis\u00e9e, il fait 5-6 ce qui signifie, qu&rsquo;elle est devenue plus digestible. <\/strong><\/p>\n<p>IONIMAX convertie de l&rsquo;eau courante du robinet au retour \u00e0 la vitalit\u00e9. En r\u00e9alit\u00e9, l&rsquo;eau trait\u00e9e de cette mani\u00e8re <strong>p\u00e9n\u00e8tre dans les cellules de votre organisme mieux et plus facilement et par cet effet, vous totalisez plus d&rsquo;\u00e9nergie<\/strong>. En buvant cette eau, vous \u00eates mieux hydrat\u00e9 et votre r\u00e9gime liquide est meilleur, gr\u00e2ce \u00e0 tel traitement d&rsquo;eau, avec les cons\u00e9quences notables pour la sant\u00e9 humaine. La d\u00e9toxication et le rejet des nuisances d&rsquo;organisme se font mieux aussi.<\/p>\n<p>IONIMAX rend l&rsquo;eau \u00e0 l&rsquo;\u00e9tat ionis\u00e9, ce qui augmente l\u00e9g\u00e8rement son pH. En fonction de la composition locale d&rsquo;eau, l&rsquo;augmentation fait de 0,2 \u00e0 0,4 sur l&rsquo;\u00e9chelle pH.<\/p>\n<p>Ce qui est tr\u00e8s propice pour l&rsquo;organisme humain mais pas favorable pour les microorganismes, qui disparaissent naturellement de ces milieux. Nos mesures ont confirm\u00e9 leur d\u00e9croissement. Dans l&rsquo;eau chaude de la tuyauterie, cet effet est m\u00eame plus prononc\u00e9, le d\u00e9croissement fait de plus que dix fois.[\/vc_column_text][\/vc_column_inner][vc_column_inner width=\u00a0\u00bb1\/2&Prime;][vc_single_image image=\u00a0\u00bb865&Prime; img_size=\u00a0\u00bbfull\u00a0\u00bb alignment=\u00a0\u00bbcenter\u00a0\u00bb css=\u00a0\u00bb.vc_custom_1489132990788{margin-top: 24px !important;}\u00a0\u00bb][lab_heading title=\u00a0\u00bbL&rsquo;eau puis\u00e9e directement de votre robinet trait\u00e9 par IONIMAX : \u00ab\u00a0][\/lab_heading][vc_column_text]<\/p>\n<ul>\n<li>\u00a0<strong>All\u00e8ge des probl\u00e8mes cutan\u00e9s et des probl\u00e8mes rhumatisants<\/strong><\/li>\n<li><strong> All\u00e8ge des probl\u00e8mes d&rsquo;estomac et de l&rsquo;appareil intestinal <\/strong><\/li>\n<li><strong> Tonifie le proc\u00e9d\u00e9 du m\u00e9tabolisme <\/strong><\/li>\n<li><strong> Am\u00e9liore l&rsquo;\u00e9quilibre psychique et physique <\/strong><\/li>\n<li><strong> Stabilise la circulation sanguine <\/strong><\/li>\n<li><strong> Acc\u00e9l\u00e8re la cure de blessures <\/strong><\/li>\n<li><strong> Active la force vitale <\/strong><\/li>\n<li><strong> Diminue la sensitivit\u00e9 au changement de climat <\/strong><\/li>\n<li><strong> Son go\u00fbt est meilleur et la long\u00e9vit\u00e9 prolong\u00e9e <\/strong><\/li>\n<li><strong> Rejet les substances nocives d\u00e9pos\u00e9es au corps <\/strong><\/li>\n<li><strong> Diminue l&rsquo;acidit\u00e9 exc\u00e9dentaire d&rsquo;organisme <\/strong><\/li>\n<li><strong> Fortifie l&rsquo;immunit\u00e9 <\/strong><\/li>\n<\/ul>\n<p>[\/vc_column_text][\/vc_column_inner][\/vc_row_inner][\/vc_column][\/vc_row]<\/p>\n<\/div>","protected":false},"excerpt":{"rendered":"<p>[vc_row css=\u00a0\u00bb.vc_custom_1489102263611{padding-top: 50px !important;}\u00a0\u00bb][vc_column][vc_row_inner][vc_column_inner][lab_heading title=\u00a0\u00bbEau de bon go\u00fbt \u00a0\u00bb el_class=\u00a0\u00bbtitle centered\u00a0\u00bb]Offrez-vous l&rsquo;eau de robinet avec l&rsquo;alcalinit\u00e9 un tout petit \u00e9lev\u00e9, pour votre r\u00e9gime liquide[\/lab_heading][\/vc_column_inner][\/vc_row_inner][vc_row_inner][vc_column_inner width=\u00a0\u00bb1\/2&Prime;][lab_heading title=\u00a0\u00bbEau de bon go\u00fbt \u00ab\u00a0][\/lab_heading][vc_column_text] R\u00eavez-vous du go\u00fbt de l&rsquo;eau de source? Cherchez- vous \u00e0 observer un r\u00e9gime liquide &#8211; pas seulement en \u00e9t\u00e9? R\u00e9duisez-vous l&rsquo;utilisation des bouteilles en mati\u00e8re&hellip;<\/p>\n","protected":false},"author":3,"featured_media":0,"parent":0,"menu_order":0,"comment_status":"closed","ping_status":"closed","template":"","meta":{"_acf_changed":false,"footnotes":""},"class_list":["post-2097","page","type-page","status-publish","hentry"],"acf":[],"yoast_head":"<!-- This site is optimized with the Yoast SEO plugin v23.6 - https:\/\/yoast.com\/wordpress\/plugins\/seo\/ -->\n<title>Chutn\u00e1 voda - Two Eco<\/title>\n<meta name=\"robots\" content=\"index, follow, max-snippet:-1, max-image-preview:large, max-video-preview:-1\" \/>\n<link rel=\"canonical\" href=\"https:\/\/test.twoeco.sk\/fr\/chutna-voda\/\" \/>\n<meta property=\"og:locale\" content=\"fr_FR\" \/>\n<meta property=\"og:type\" content=\"article\" \/>\n<meta property=\"og:title\" content=\"Chutn\u00e1 voda - Two Eco\" \/>\n<meta property=\"og:description\" content=\"[vc_row css=\u00a0\u00bb.vc_custom_1489102263611{padding-top: 50px !important;}\u00a0\u00bb][vc_column][vc_row_inner][vc_column_inner][lab_heading title=\u00a0\u00bbEau de bon go\u00fbt \u00a0\u00bb el_class=\u00a0\u00bbtitle centered\u00a0\u00bb]Offrez-vous l&rsquo;eau de robinet avec l&rsquo;alcalinit\u00e9 un tout petit \u00e9lev\u00e9, pour votre r\u00e9gime liquide[\/lab_heading][\/vc_column_inner][\/vc_row_inner][vc_row_inner][vc_column_inner width=\u00a0\u00bb1\/2&Prime;][lab_heading title=\u00a0\u00bbEau de bon go\u00fbt \u00ab\u00a0][\/lab_heading][vc_column_text] R\u00eavez-vous du go\u00fbt de l&rsquo;eau de source? Cherchez- vous \u00e0 observer un r\u00e9gime liquide &#8211; pas seulement en \u00e9t\u00e9? R\u00e9duisez-vous l&rsquo;utilisation des bouteilles en mati\u00e8re&hellip;\" \/>\n<meta property=\"og:url\" content=\"https:\/\/test.twoeco.sk\/fr\/chutna-voda\/\" \/>\n<meta property=\"og:site_name\" content=\"Two Eco\" \/>\n<meta property=\"article:publisher\" content=\"https:\/\/www.facebook.com\/Ionimax-1357153714295887\/\" \/>\n<meta property=\"article:modified_time\" content=\"2017-08-08T15:15:14+00:00\" \/>\n<meta name=\"twitter:card\" content=\"summary_large_image\" \/>\n<meta name=\"twitter:label1\" content=\"Dur\u00e9e de lecture estim\u00e9e\" \/>\n\t<meta name=\"twitter:data1\" content=\"3 minutes\" \/>\n<script type=\"application\/ld+json\" class=\"yoast-schema-graph\">{\"@context\":\"https:\/\/schema.org\",\"@graph\":[{\"@type\":\"WebPage\",\"@id\":\"https:\/\/test.twoeco.sk\/fr\/chutna-voda\/\",\"url\":\"https:\/\/test.twoeco.sk\/fr\/chutna-voda\/\",\"name\":\"Chutn\u00e1 voda - Two Eco\",\"isPartOf\":{\"@id\":\"https:\/\/test.twoeco.sk\/#website\"},\"datePublished\":\"2017-08-08T15:04:09+00:00\",\"dateModified\":\"2017-08-08T15:15:14+00:00\",\"breadcrumb\":{\"@id\":\"https:\/\/test.twoeco.sk\/fr\/chutna-voda\/#breadcrumb\"},\"inLanguage\":\"fr-FR\",\"potentialAction\":[{\"@type\":\"ReadAction\",\"target\":[\"https:\/\/test.twoeco.sk\/fr\/chutna-voda\/\"]}]},{\"@type\":\"BreadcrumbList\",\"@id\":\"https:\/\/test.twoeco.sk\/fr\/chutna-voda\/#breadcrumb\",\"itemListElement\":[{\"@type\":\"ListItem\",\"position\":1,\"name\":\"Home\",\"item\":\"https:\/\/test.twoeco.sk\/fr\/\"},{\"@type\":\"ListItem\",\"position\":2,\"name\":\"Chutn\u00e1 voda\"}]},{\"@type\":\"WebSite\",\"@id\":\"https:\/\/test.twoeco.sk\/#website\",\"url\":\"https:\/\/test.twoeco.sk\/\",\"name\":\"Two Eco\",\"description\":\"Viac ako \u010dist\u00e1 voda\",\"publisher\":{\"@id\":\"https:\/\/test.twoeco.sk\/#organization\"},\"potentialAction\":[{\"@type\":\"SearchAction\",\"target\":{\"@type\":\"EntryPoint\",\"urlTemplate\":\"https:\/\/test.twoeco.sk\/?s={search_term_string}\"},\"query-input\":{\"@type\":\"PropertyValueSpecification\",\"valueRequired\":true,\"valueName\":\"search_term_string\"}}],\"inLanguage\":\"fr-FR\"},{\"@type\":\"Organization\",\"@id\":\"https:\/\/test.twoeco.sk\/#organization\",\"name\":\"Two ECO, s.r.o.\",\"url\":\"https:\/\/test.twoeco.sk\/\",\"logo\":{\"@type\":\"ImageObject\",\"inLanguage\":\"fr-FR\",\"@id\":\"https:\/\/test.twoeco.sk\/#\/schema\/logo\/image\/\",\"url\":\"https:\/\/test.twoeco.sk\/wp-content\/uploads\/2016\/05\/logo-two-eco-farba.png\",\"contentUrl\":\"https:\/\/test.twoeco.sk\/wp-content\/uploads\/2016\/05\/logo-two-eco-farba.png\",\"width\":318,\"height\":74,\"caption\":\"Two ECO, s.r.o.\"},\"image\":{\"@id\":\"https:\/\/test.twoeco.sk\/#\/schema\/logo\/image\/\"},\"sameAs\":[\"https:\/\/www.facebook.com\/Ionimax-1357153714295887\/\"]}]}<\/script>\n<!-- \/ Yoast SEO plugin. -->","yoast_head_json":{"title":"Chutn\u00e1 voda - Two Eco","robots":{"index":"index","follow":"follow","max-snippet":"max-snippet:-1","max-image-preview":"max-image-preview:large","max-video-preview":"max-video-preview:-1"},"canonical":"https:\/\/test.twoeco.sk\/fr\/chutna-voda\/","og_locale":"fr_FR","og_type":"article","og_title":"Chutn\u00e1 voda - Two Eco","og_description":"[vc_row css=\u00a0\u00bb.vc_custom_1489102263611{padding-top: 50px !important;}\u00a0\u00bb][vc_column][vc_row_inner][vc_column_inner][lab_heading title=\u00a0\u00bbEau de bon go\u00fbt \u00a0\u00bb el_class=\u00a0\u00bbtitle centered\u00a0\u00bb]Offrez-vous l&rsquo;eau de robinet avec l&rsquo;alcalinit\u00e9 un tout petit \u00e9lev\u00e9, pour votre r\u00e9gime liquide[\/lab_heading][\/vc_column_inner][\/vc_row_inner][vc_row_inner][vc_column_inner width=\u00a0\u00bb1\/2&Prime;][lab_heading title=\u00a0\u00bbEau de bon go\u00fbt \u00ab\u00a0][\/lab_heading][vc_column_text] R\u00eavez-vous du go\u00fbt de l&rsquo;eau de source? Cherchez- vous \u00e0 observer un r\u00e9gime liquide &#8211; pas seulement en \u00e9t\u00e9? R\u00e9duisez-vous l&rsquo;utilisation des bouteilles en mati\u00e8re&hellip;","og_url":"https:\/\/test.twoeco.sk\/fr\/chutna-voda\/","og_site_name":"Two Eco","article_publisher":"https:\/\/www.facebook.com\/Ionimax-1357153714295887\/","article_modified_time":"2017-08-08T15:15:14+00:00","twitter_card":"summary_large_image","twitter_misc":{"Dur\u00e9e de lecture estim\u00e9e":"3 minutes"},"schema":{"@context":"https:\/\/schema.org","@graph":[{"@type":"WebPage","@id":"https:\/\/test.twoeco.sk\/fr\/chutna-voda\/","url":"https:\/\/test.twoeco.sk\/fr\/chutna-voda\/","name":"Chutn\u00e1 voda - Two Eco","isPartOf":{"@id":"https:\/\/test.twoeco.sk\/#website"},"datePublished":"2017-08-08T15:04:09+00:00","dateModified":"2017-08-08T15:15:14+00:00","breadcrumb":{"@id":"https:\/\/test.twoeco.sk\/fr\/chutna-voda\/#breadcrumb"},"inLanguage":"fr-FR","potentialAction":[{"@type":"ReadAction","target":["https:\/\/test.twoeco.sk\/fr\/chutna-voda\/"]}]},{"@type":"BreadcrumbList","@id":"https:\/\/test.twoeco.sk\/fr\/chutna-voda\/#breadcrumb","itemListElement":[{"@type":"ListItem","position":1,"name":"Home","item":"https:\/\/test.twoeco.sk\/fr\/"},{"@type":"ListItem","position":2,"name":"Chutn\u00e1 voda"}]},{"@type":"WebSite","@id":"https:\/\/test.twoeco.sk\/#website","url":"https:\/\/test.twoeco.sk\/","name":"Two Eco","description":"Viac ako \u010dist\u00e1 voda","publisher":{"@id":"https:\/\/test.twoeco.sk\/#organization"},"potentialAction":[{"@type":"SearchAction","target":{"@type":"EntryPoint","urlTemplate":"https:\/\/test.twoeco.sk\/?s={search_term_string}"},"query-input":{"@type":"PropertyValueSpecification","valueRequired":true,"valueName":"search_term_string"}}],"inLanguage":"fr-FR"},{"@type":"Organization","@id":"https:\/\/test.twoeco.sk\/#organization","name":"Two ECO, s.r.o.","url":"https:\/\/test.twoeco.sk\/","logo":{"@type":"ImageObject","inLanguage":"fr-FR","@id":"https:\/\/test.twoeco.sk\/#\/schema\/logo\/image\/","url":"https:\/\/test.twoeco.sk\/wp-content\/uploads\/2016\/05\/logo-two-eco-farba.png","contentUrl":"https:\/\/test.twoeco.sk\/wp-content\/uploads\/2016\/05\/logo-two-eco-farba.png","width":318,"height":74,"caption":"Two ECO, s.r.o."},"image":{"@id":"https:\/\/test.twoeco.sk\/#\/schema\/logo\/image\/"},"sameAs":["https:\/\/www.facebook.com\/Ionimax-1357153714295887\/"]}]}},"_links":{"self":[{"href":"https:\/\/test.twoeco.sk\/fr\/wp-json\/wp\/v2\/pages\/2097"}],"collection":[{"href":"https:\/\/test.twoeco.sk\/fr\/wp-json\/wp\/v2\/pages"}],"about":[{"href":"https:\/\/test.twoeco.sk\/fr\/wp-json\/wp\/v2\/types\/page"}],"author":[{"embeddable":true,"href":"https:\/\/test.twoeco.sk\/fr\/wp-json\/wp\/v2\/users\/3"}],"replies":[{"embeddable":true,"href":"https:\/\/test.twoeco.sk\/fr\/wp-json\/wp\/v2\/comments?post=2097"}],"version-history":[{"count":6,"href":"https:\/\/test.twoeco.sk\/fr\/wp-json\/wp\/v2\/pages\/2097\/revisions"}],"predecessor-version":[{"id":2103,"href":"https:\/\/test.twoeco.sk\/fr\/wp-json\/wp\/v2\/pages\/2097\/revisions\/2103"}],"wp:attachment":[{"href":"https:\/\/test.twoeco.sk\/fr\/wp-json\/wp\/v2\/media?parent=2097"}],"curies":[{"name":"wp","href":"https:\/\/api.w.org\/{rel}","templated":true}]}}