{"id":2085,"date":"2017-03-10T09:16:26","date_gmt":"2017-03-10T08:16:26","guid":{"rendered":"https:\/\/test.twoeco.sk\/zachovane-ziviny-stopove-prvky-a-mineraly\/"},"modified":"2017-08-08T14:54:19","modified_gmt":"2017-08-08T12:54:19","slug":"zachovane-ziviny-stopove-prvky-a-mineraly","status":"publish","type":"page","link":"https:\/\/test.twoeco.sk\/fr\/zachovane-ziviny-stopove-prvky-a-mineraly\/","title":{"rendered":"Zachovan\u00e9 \u017eiviny, stopov\u00e9 prvky a miner\u00e1ly"},"content":{"rendered":"<div class=\"wpb-content-wrapper\"><p>[vc_row css=\u00a0\u00bb.vc_custom_1489102263611{padding-top: 50px !important;}\u00a0\u00bb][vc_column][vc_row_inner][vc_column_inner][lab_heading title=\u00a0\u00bbLes nutriments, les micro-aliments et les min\u00e9raux sauv\u00e9s \u00a0\u00bb el_class=\u00a0\u00bbtitle centered\u00a0\u00bb]Buvez seulement de l&rsquo;eau de bon go\u00fbt, qui conserve ce que votre corps appr\u00e9cie<br \/>\n[\/lab_heading][\/vc_column_inner][\/vc_row_inner][vc_row_inner][vc_column_inner width=\u00a0\u00bb1\/2&Prime;][lab_heading title=\u00a0\u00bbLes nutriments, les micro-aliments et les min\u00e9raux sauv\u00e9s \u00ab\u00a0][\/lab_heading][vc_column_text]<\/p>\n<ul>\n<li><strong>Etes-vous int\u00e9ress\u00e9 par la qualit\u00e9 et de la composition d&rsquo;eau dans votre r\u00e9seau d&rsquo;eau?<\/strong><\/li>\n<li><strong>Ne voulez-vous pas filtrer votre eau potable de mani\u00e8re fautive ou inutile?<\/strong><\/li>\n<li><strong>Cherchez- vous une hydratation de qualit\u00e9 pour vous, pour les animaux, pour l&rsquo;arrosage de la v\u00e9g\u00e9tation?<\/strong><\/li>\n<\/ul>\n<p>Vous savez bien probablement, qu&rsquo;on ne doit pas boire de l&rsquo;eau distill\u00e9e.<\/p>\n<p><strong>Mais quelle est la qualit\u00e9 d&rsquo;eau \u00e0 vos environs?<\/strong> Est-elle vraiment si pollu\u00e9e et toxique, comme on en parle de temps en temps? Nous savons que notre environnement change et que dans certains pays m\u00eame l&rsquo;eau de douche peut \u00eatre toxique. Est-il donc n\u00e9cessaire de proc\u00e9der \u00e0 la filtration? L&rsquo;eau potable dans notre pays, en R\u00e9publique slovaque, provient le plus souvent de sources souterraines (de plus que 80 %), moins 20 % de l&rsquo;eau potable provient des sources des eaux superficielles. Les caract\u00e9ristiques et les param\u00e8tres de qualit\u00e9 d&rsquo;eau sont prescrits et surveill\u00e9s, les r\u00e9sultats sont disponibles au public. Les non-conformit\u00e9s et les d\u00e9passements de normes sont bien rares. Nous pouvons constater que dans notre pays, la situation, en ce qui concerne la pollution d&rsquo;eau, reste favorable.<\/p>\n<p>Au niveau national, les exigences concernant la qualit\u00e9 d&rsquo;eau potable sont r\u00e9gl\u00e9es par la Loi N\u00b0 355\/2007 R\u00e9c. sur la protection, la promotion et le d\u00e9veloppement de la sant\u00e9 publique et de la modification et l&rsquo;amendement de certaines lois, au texte de la r\u00e9glementation post\u00e9rieure et du D\u00e9cret du gouvernement de la R\u00e9publique slovaque N\u00b0 354\/2006 R\u00e9c., qui prescrit les exigences sur l&rsquo;eau destin\u00e9e \u00e0 la consommation humaine et le suivi de la qualit\u00e9 d&rsquo;eau destin\u00e9e \u00e0 la consommation humaine dans le texte du D\u00e9cret du gouvernement de la R\u00e9publique slovaque N\u00b0 496\/2010 R\u00e9c.. Si la situation dans votre r\u00e9gion est diff\u00e9rente, nous vous recommandons de combiner l&rsquo;ioniseur d&rsquo;eau IONIMAX avec une filtration. Mode d&#8217;emploi pour une installation du filtre et de IONIMAX est disponible dans au tract en annexe.[\/vc_column_text][lab_heading title=\u00a0\u00bbEn ce qui concerne la teneur des substances min\u00e9rales dilu\u00e9es, l&rsquo;eau peut \u00eatre : \u00ab\u00a0][\/lab_heading][vc_column_text]<\/p>\n<ul>\n<li><strong>Distill\u00e9e<\/strong> \u2013 priv\u00e9e des substances min\u00e9rales<\/li>\n<li><strong>Douce<\/strong> \u2013 contenance des substances min\u00e9rales tr\u00e8s limit\u00e9e<\/li>\n<li><strong>Dure<\/strong> \u2013 de sources souterraines, contenance des substances min\u00e9rales plus \u00e9lev\u00e9e<\/li>\n<\/ul>\n<p>[\/vc_column_text][\/vc_column_inner][vc_column_inner width=\u00a0\u00bb1\/2&Prime; css=\u00a0\u00bb.vc_custom_1489133636520{margin-top: 24px !important;}\u00a0\u00bb][vc_column_text]<strong>Bien s\u00fbr, les substances min\u00e9rales ont leur importance pour la vie de tous les \u00eatres vivants<\/strong>. Pour l&rsquo;\u00eatre humaine, ces substances prennent part non seulement au d\u00e9veloppement du corps et de ses divers tissus ; elles prennent part aux proc\u00e9d\u00e9s de m\u00e9tabolisme vitaux qui se d\u00e9roulent \u00e0 l&rsquo;organisme. Ils font une partie perp\u00e9tuelle et in\u00e9vitable de toutes les cellules et des fluides de corps. Ils font partie de multiples syst\u00e8mes enzymatiques, hormones, vitamines, diff\u00e9rentes mol\u00e9cules fonctionnelles.<\/p>\n<p>On appelle <strong>l&rsquo;alimentation min\u00e9rale des plantes<\/strong> la r\u00e9ception des substances min\u00e9rales (anorganiques). La source de l&rsquo;alimentation en min\u00e9raux de plantes et la terre (solution nutritive) et pour les plantes hydrophytes, c&rsquo;est l&rsquo;eau. L&rsquo;organe de r\u00e9ception fait la racine. Parmi tous les \u00e9l\u00e9ments connus, on a d\u00e9couvert aux plantes presque tous, mais ils ne sont pas tous in\u00e9vitables, importantes pour la plante. Les \u00e9l\u00e9ments vitaux sont appel\u00e9s aussi les <strong>\u00e9l\u00e9ments biog\u00e9niques<\/strong>. La plante ne peut pas vivre normalement sans les \u00e9l\u00e9ments vitaux et aucun de ces \u00e9l\u00e9ments ne peut pas \u00eatre remplac\u00e9 par un autre.[\/vc_column_text][vc_single_image image=\u00a0\u00bb893&Prime; img_size=\u00a0\u00bbfull\u00a0\u00bb alignment=\u00a0\u00bbcenter\u00a0\u00bb][\/vc_column_inner][\/vc_row_inner][vc_row_inner][vc_column_inner][lab_heading title=\u00a0\u00bbExigences contradictoires concernant l&rsquo;eau de robinet? L&rsquo;eau dure ou douce? \u00ab\u00a0][\/lab_heading][vc_column_text]<strong>Pour la sant\u00e9 humaine<\/strong>, il est important bien s\u00fbr de boire l&rsquo;eau <strong>plut\u00f4t min\u00e9rale et donc dure<\/strong>. Pour l&rsquo;eau qui doit <strong>servir au lavage de linge, nettoyage<\/strong> etc. dans la maison, nous exigions de l\u00b4eau plut\u00f4t douce. Mais comment articuler les exigences si oppos\u00e9es?<\/p>\n<p><strong>La solution id\u00e9ale est d&rsquo;utiliser l&rsquo;ioniseur d&rsquo;eau IONIMAX, qui n&rsquo;alt\u00e8re pas la composition chimique d&rsquo;eau dans la conduite, mais qui change sa structure physique. Vous obtenez de l&rsquo;eau dure mais au caract\u00e8re de l&rsquo;eau douce<\/strong>. Dans telle eau, les min\u00e9raux et les nutriments sont conserv\u00e9s m\u00eame ionis\u00e9 pour une digestion facilit\u00e9e mais en m\u00eame temps, ils ne sont plus capables de <strong>cr\u00e9er les liaisons rigides, cristallines sur vos conduites, appareils m\u00e9nagers, climatisation, linge et dans tous les cas <\/strong><\/p>\n<p><strong>o\u00f9 jadis, ils faisaient les difficult\u00e9s.<\/strong> En m\u00eame temps IONIMAX n&rsquo;occupe presque aucun espace et n&rsquo;alt\u00e8re pas le design do vos espaces.[\/vc_column_text][\/vc_column_inner][\/vc_row_inner][\/vc_column][\/vc_row]<\/p>\n<\/div>","protected":false},"excerpt":{"rendered":"<p>[vc_row css=\u00a0\u00bb.vc_custom_1489102263611{padding-top: 50px !important;}\u00a0\u00bb][vc_column][vc_row_inner][vc_column_inner][lab_heading title=\u00a0\u00bbLes nutriments, les micro-aliments et les min\u00e9raux sauv\u00e9s \u00a0\u00bb el_class=\u00a0\u00bbtitle centered\u00a0\u00bb]Buvez seulement de l&rsquo;eau de bon go\u00fbt, qui conserve ce que votre corps appr\u00e9cie [\/lab_heading][\/vc_column_inner][\/vc_row_inner][vc_row_inner][vc_column_inner width=\u00a0\u00bb1\/2&Prime;][lab_heading title=\u00a0\u00bbLes nutriments, les micro-aliments et les min\u00e9raux sauv\u00e9s \u00ab\u00a0][\/lab_heading][vc_column_text] Etes-vous int\u00e9ress\u00e9 par la qualit\u00e9 et de la composition d&rsquo;eau dans votre r\u00e9seau d&rsquo;eau? Ne voulez-vous&hellip;<\/p>\n","protected":false},"author":3,"featured_media":0,"parent":0,"menu_order":0,"comment_status":"closed","ping_status":"closed","template":"","meta":{"_acf_changed":false,"footnotes":""},"class_list":["post-2085","page","type-page","status-publish","hentry"],"acf":[],"yoast_head":"<!-- This site is optimized with the Yoast SEO plugin v23.6 - https:\/\/yoast.com\/wordpress\/plugins\/seo\/ -->\n<title>Zachovan\u00e9 \u017eiviny, stopov\u00e9 prvky a miner\u00e1ly - Two Eco<\/title>\n<meta name=\"robots\" content=\"index, follow, max-snippet:-1, max-image-preview:large, max-video-preview:-1\" \/>\n<link rel=\"canonical\" href=\"https:\/\/test.twoeco.sk\/fr\/zachovane-ziviny-stopove-prvky-a-mineraly\/\" \/>\n<meta property=\"og:locale\" content=\"fr_FR\" \/>\n<meta property=\"og:type\" content=\"article\" \/>\n<meta property=\"og:title\" content=\"Zachovan\u00e9 \u017eiviny, stopov\u00e9 prvky a miner\u00e1ly - Two Eco\" \/>\n<meta property=\"og:description\" content=\"[vc_row css=\u00a0\u00bb.vc_custom_1489102263611{padding-top: 50px !important;}\u00a0\u00bb][vc_column][vc_row_inner][vc_column_inner][lab_heading title=\u00a0\u00bbLes nutriments, les micro-aliments et les min\u00e9raux sauv\u00e9s \u00a0\u00bb el_class=\u00a0\u00bbtitle centered\u00a0\u00bb]Buvez seulement de l&rsquo;eau de bon go\u00fbt, qui conserve ce que votre corps appr\u00e9cie [\/lab_heading][\/vc_column_inner][\/vc_row_inner][vc_row_inner][vc_column_inner width=\u00a0\u00bb1\/2&Prime;][lab_heading title=\u00a0\u00bbLes nutriments, les micro-aliments et les min\u00e9raux sauv\u00e9s \u00ab\u00a0][\/lab_heading][vc_column_text] Etes-vous int\u00e9ress\u00e9 par la qualit\u00e9 et de la composition d&rsquo;eau dans votre r\u00e9seau d&rsquo;eau? Ne voulez-vous&hellip;\" \/>\n<meta property=\"og:url\" content=\"https:\/\/test.twoeco.sk\/fr\/zachovane-ziviny-stopove-prvky-a-mineraly\/\" \/>\n<meta property=\"og:site_name\" content=\"Two Eco\" \/>\n<meta property=\"article:publisher\" content=\"https:\/\/www.facebook.com\/Ionimax-1357153714295887\/\" \/>\n<meta property=\"article:modified_time\" content=\"2017-08-08T12:54:19+00:00\" \/>\n<meta name=\"twitter:card\" content=\"summary_large_image\" \/>\n<meta name=\"twitter:label1\" content=\"Dur\u00e9e de lecture estim\u00e9e\" \/>\n\t<meta name=\"twitter:data1\" content=\"5 minutes\" \/>\n<script type=\"application\/ld+json\" class=\"yoast-schema-graph\">{\"@context\":\"https:\/\/schema.org\",\"@graph\":[{\"@type\":\"WebPage\",\"@id\":\"https:\/\/test.twoeco.sk\/fr\/zachovane-ziviny-stopove-prvky-a-mineraly\/\",\"url\":\"https:\/\/test.twoeco.sk\/fr\/zachovane-ziviny-stopove-prvky-a-mineraly\/\",\"name\":\"Zachovan\u00e9 \u017eiviny, stopov\u00e9 prvky a miner\u00e1ly - Two Eco\",\"isPartOf\":{\"@id\":\"https:\/\/test.twoeco.sk\/#website\"},\"datePublished\":\"2017-03-10T08:16:26+00:00\",\"dateModified\":\"2017-08-08T12:54:19+00:00\",\"breadcrumb\":{\"@id\":\"https:\/\/test.twoeco.sk\/fr\/zachovane-ziviny-stopove-prvky-a-mineraly\/#breadcrumb\"},\"inLanguage\":\"fr-FR\",\"potentialAction\":[{\"@type\":\"ReadAction\",\"target\":[\"https:\/\/test.twoeco.sk\/fr\/zachovane-ziviny-stopove-prvky-a-mineraly\/\"]}]},{\"@type\":\"BreadcrumbList\",\"@id\":\"https:\/\/test.twoeco.sk\/fr\/zachovane-ziviny-stopove-prvky-a-mineraly\/#breadcrumb\",\"itemListElement\":[{\"@type\":\"ListItem\",\"position\":1,\"name\":\"Home\",\"item\":\"https:\/\/test.twoeco.sk\/fr\/\"},{\"@type\":\"ListItem\",\"position\":2,\"name\":\"Zachovan\u00e9 \u017eiviny, stopov\u00e9 prvky a miner\u00e1ly\"}]},{\"@type\":\"WebSite\",\"@id\":\"https:\/\/test.twoeco.sk\/#website\",\"url\":\"https:\/\/test.twoeco.sk\/\",\"name\":\"Two Eco\",\"description\":\"Viac ako \u010dist\u00e1 voda\",\"publisher\":{\"@id\":\"https:\/\/test.twoeco.sk\/#organization\"},\"potentialAction\":[{\"@type\":\"SearchAction\",\"target\":{\"@type\":\"EntryPoint\",\"urlTemplate\":\"https:\/\/test.twoeco.sk\/?s={search_term_string}\"},\"query-input\":{\"@type\":\"PropertyValueSpecification\",\"valueRequired\":true,\"valueName\":\"search_term_string\"}}],\"inLanguage\":\"fr-FR\"},{\"@type\":\"Organization\",\"@id\":\"https:\/\/test.twoeco.sk\/#organization\",\"name\":\"Two ECO, s.r.o.\",\"url\":\"https:\/\/test.twoeco.sk\/\",\"logo\":{\"@type\":\"ImageObject\",\"inLanguage\":\"fr-FR\",\"@id\":\"https:\/\/test.twoeco.sk\/#\/schema\/logo\/image\/\",\"url\":\"https:\/\/test.twoeco.sk\/wp-content\/uploads\/2016\/05\/logo-two-eco-farba.png\",\"contentUrl\":\"https:\/\/test.twoeco.sk\/wp-content\/uploads\/2016\/05\/logo-two-eco-farba.png\",\"width\":318,\"height\":74,\"caption\":\"Two ECO, s.r.o.\"},\"image\":{\"@id\":\"https:\/\/test.twoeco.sk\/#\/schema\/logo\/image\/\"},\"sameAs\":[\"https:\/\/www.facebook.com\/Ionimax-1357153714295887\/\"]}]}<\/script>\n<!-- \/ Yoast SEO plugin. -->","yoast_head_json":{"title":"Zachovan\u00e9 \u017eiviny, stopov\u00e9 prvky a miner\u00e1ly - Two Eco","robots":{"index":"index","follow":"follow","max-snippet":"max-snippet:-1","max-image-preview":"max-image-preview:large","max-video-preview":"max-video-preview:-1"},"canonical":"https:\/\/test.twoeco.sk\/fr\/zachovane-ziviny-stopove-prvky-a-mineraly\/","og_locale":"fr_FR","og_type":"article","og_title":"Zachovan\u00e9 \u017eiviny, stopov\u00e9 prvky a miner\u00e1ly - Two Eco","og_description":"[vc_row css=\u00a0\u00bb.vc_custom_1489102263611{padding-top: 50px !important;}\u00a0\u00bb][vc_column][vc_row_inner][vc_column_inner][lab_heading title=\u00a0\u00bbLes nutriments, les micro-aliments et les min\u00e9raux sauv\u00e9s \u00a0\u00bb el_class=\u00a0\u00bbtitle centered\u00a0\u00bb]Buvez seulement de l&rsquo;eau de bon go\u00fbt, qui conserve ce que votre corps appr\u00e9cie [\/lab_heading][\/vc_column_inner][\/vc_row_inner][vc_row_inner][vc_column_inner width=\u00a0\u00bb1\/2&Prime;][lab_heading title=\u00a0\u00bbLes nutriments, les micro-aliments et les min\u00e9raux sauv\u00e9s \u00ab\u00a0][\/lab_heading][vc_column_text] Etes-vous int\u00e9ress\u00e9 par la qualit\u00e9 et de la composition d&rsquo;eau dans votre r\u00e9seau d&rsquo;eau? Ne voulez-vous&hellip;","og_url":"https:\/\/test.twoeco.sk\/fr\/zachovane-ziviny-stopove-prvky-a-mineraly\/","og_site_name":"Two Eco","article_publisher":"https:\/\/www.facebook.com\/Ionimax-1357153714295887\/","article_modified_time":"2017-08-08T12:54:19+00:00","twitter_card":"summary_large_image","twitter_misc":{"Dur\u00e9e de lecture estim\u00e9e":"5 minutes"},"schema":{"@context":"https:\/\/schema.org","@graph":[{"@type":"WebPage","@id":"https:\/\/test.twoeco.sk\/fr\/zachovane-ziviny-stopove-prvky-a-mineraly\/","url":"https:\/\/test.twoeco.sk\/fr\/zachovane-ziviny-stopove-prvky-a-mineraly\/","name":"Zachovan\u00e9 \u017eiviny, stopov\u00e9 prvky a miner\u00e1ly - Two Eco","isPartOf":{"@id":"https:\/\/test.twoeco.sk\/#website"},"datePublished":"2017-03-10T08:16:26+00:00","dateModified":"2017-08-08T12:54:19+00:00","breadcrumb":{"@id":"https:\/\/test.twoeco.sk\/fr\/zachovane-ziviny-stopove-prvky-a-mineraly\/#breadcrumb"},"inLanguage":"fr-FR","potentialAction":[{"@type":"ReadAction","target":["https:\/\/test.twoeco.sk\/fr\/zachovane-ziviny-stopove-prvky-a-mineraly\/"]}]},{"@type":"BreadcrumbList","@id":"https:\/\/test.twoeco.sk\/fr\/zachovane-ziviny-stopove-prvky-a-mineraly\/#breadcrumb","itemListElement":[{"@type":"ListItem","position":1,"name":"Home","item":"https:\/\/test.twoeco.sk\/fr\/"},{"@type":"ListItem","position":2,"name":"Zachovan\u00e9 \u017eiviny, stopov\u00e9 prvky a miner\u00e1ly"}]},{"@type":"WebSite","@id":"https:\/\/test.twoeco.sk\/#website","url":"https:\/\/test.twoeco.sk\/","name":"Two Eco","description":"Viac ako \u010dist\u00e1 voda","publisher":{"@id":"https:\/\/test.twoeco.sk\/#organization"},"potentialAction":[{"@type":"SearchAction","target":{"@type":"EntryPoint","urlTemplate":"https:\/\/test.twoeco.sk\/?s={search_term_string}"},"query-input":{"@type":"PropertyValueSpecification","valueRequired":true,"valueName":"search_term_string"}}],"inLanguage":"fr-FR"},{"@type":"Organization","@id":"https:\/\/test.twoeco.sk\/#organization","name":"Two ECO, s.r.o.","url":"https:\/\/test.twoeco.sk\/","logo":{"@type":"ImageObject","inLanguage":"fr-FR","@id":"https:\/\/test.twoeco.sk\/#\/schema\/logo\/image\/","url":"https:\/\/test.twoeco.sk\/wp-content\/uploads\/2016\/05\/logo-two-eco-farba.png","contentUrl":"https:\/\/test.twoeco.sk\/wp-content\/uploads\/2016\/05\/logo-two-eco-farba.png","width":318,"height":74,"caption":"Two ECO, s.r.o."},"image":{"@id":"https:\/\/test.twoeco.sk\/#\/schema\/logo\/image\/"},"sameAs":["https:\/\/www.facebook.com\/Ionimax-1357153714295887\/"]}]}},"_links":{"self":[{"href":"https:\/\/test.twoeco.sk\/fr\/wp-json\/wp\/v2\/pages\/2085"}],"collection":[{"href":"https:\/\/test.twoeco.sk\/fr\/wp-json\/wp\/v2\/pages"}],"about":[{"href":"https:\/\/test.twoeco.sk\/fr\/wp-json\/wp\/v2\/types\/page"}],"author":[{"embeddable":true,"href":"https:\/\/test.twoeco.sk\/fr\/wp-json\/wp\/v2\/users\/3"}],"replies":[{"embeddable":true,"href":"https:\/\/test.twoeco.sk\/fr\/wp-json\/wp\/v2\/comments?post=2085"}],"version-history":[{"count":2,"href":"https:\/\/test.twoeco.sk\/fr\/wp-json\/wp\/v2\/pages\/2085\/revisions"}],"predecessor-version":[{"id":2089,"href":"https:\/\/test.twoeco.sk\/fr\/wp-json\/wp\/v2\/pages\/2085\/revisions\/2089"}],"wp:attachment":[{"href":"https:\/\/test.twoeco.sk\/fr\/wp-json\/wp\/v2\/media?parent=2085"}],"curies":[{"name":"wp","href":"https:\/\/api.w.org\/{rel}","templated":true}]}}