{"id":1644,"date":"2017-03-10T09:16:26","date_gmt":"2017-03-10T08:16:26","guid":{"rendered":"https:\/\/test.twoeco.sk\/zachovane-ziviny-stopove-prvky-a-mineraly\/"},"modified":"2017-08-11T10:36:10","modified_gmt":"2017-08-11T08:36:10","slug":"zachovane-ziviny-stopove-prvky-a-mineraly","status":"publish","type":"page","link":"https:\/\/test.twoeco.sk\/de\/zachovane-ziviny-stopove-prvky-a-mineraly\/","title":{"rendered":"Zachovan\u00e9 \u017eiviny, stopov\u00e9 prvky a miner\u00e1ly"},"content":{"rendered":"<div class=\"wpb-content-wrapper\"><p>[vc_row css=&#8220;.vc_custom_1489102263611{padding-top: 50px !important;}&#8220;][vc_column][vc_row_inner][vc_column_inner][lab_heading title=&#8220;N\u00e4hrstoffe, Spurenelemente und Mineralstoffe bleiben erhalten&#8220; el_class=&#8220;title centered&#8220;]Trinken Sie nur k\u00f6stliches Wasser, das das Wichtigste f\u00fcr Ihren K\u00f6rper enth\u00e4lt<br \/>\n[\/lab_heading][\/vc_column_inner][\/vc_row_inner][vc_row_inner][vc_column_inner width=&#8220;1\/2&#8243;][lab_heading title=&#8220;N\u00e4hrstoffe, Spurenelemente und Mineralstoffe bleiben erhalten&#8220;][\/lab_heading][vc_column_text]<\/p>\n<ul>\n<li><strong>Interessieren Sie sich f\u00fcr die Qualit\u00e4t und die Zusammensetzung des Wassers in Ihrer Trinkwasserleitung?\u00a0<\/strong><\/li>\n<li><strong>Wollen Sie vermeiden, dass Sie Ihr Trinkwasser auf eine ungeeignete Art und Weise oder umsonst filtrieren?\u00a0<\/strong><\/li>\n<li><strong>Sind Sie auf der Suche nach einer qualitativ hochwertigen Hydratation f\u00fcr sich selbst, f\u00fcr Ihre Tiere und Ihre Pflanzen?<\/strong><\/li>\n<\/ul>\n<p>Sie werden sicher damit einverstanden sein, dass keiner von uns destilliertes Wasser trinken sollte.<\/p>\n<p><strong>Wie steht es aber um die Wasserqualit\u00e4t bei uns?<\/strong> Ist das Wasser tats\u00e4chlich so verschmutzt und vergiftet, wie man manchmal sagt? Wir wissen, dass sich unsere Umwelt ver\u00e4ndert und in einigen L\u00e4ndern kann schon das Duschen mit Leitungswasser schwere gesundheitliche Sch\u00e4den zur Folge haben. Ist es also erforderlich, das Wasser zu filtrieren?\u00a0Das Trinkwasser in der Slowakischen Republik stammt \u00fcberwiegend aus unterirdischen Quellen (mehr als\u00a0 80%), weniger als 20% stammen aus Oberfl\u00e4chenquellen. Die Parameter und die Anforderungen an das Trinkwasser sind klar vorgegeben, werden \u00fcberwacht und die Ergebnisse ver\u00f6ffentlicht. Zur \u00dcberschreitung von Normen kommt es sehr selten. Man k\u00f6nnte sagen, dass die Situation rund um die Wassersauberkeit bei uns bislang g\u00fcnstig ist.<\/p>\n<p>Auf nationaler Ebene werden die Anforderungen an die Trinkwasserqualit\u00e4t durch das Gesetz Nr. 355\/2007 Gbl. \u00fcber den Schutz, die F\u00f6rderung und die Entwicklung der \u00f6ffentlichen Gesundheit und \u00fcber die \u00c4nderung und Erg\u00e4nzung einiger Gesetze in der Fassung sp\u00e4terer Vorschriften und durch die Verordnung der Regierung der SR Nr. 354\/2006 Gbl, durch die die Anforderungen an das zum menschlichen Verbrauch bestimmte Wasser und die Kontrolle der Qualit\u00e4t des zum menschlichen Verbrauch bestimmten Wassers in der Fassung der Verordnung der Regierung der SR Nr. 496\/2010 Gbl. festgelegt werden, definiert. Sollte dem in Ihrer Region anders sein, so empfehlen wir, den Ionimax-Wasserionisierer mit einer Filteranlage zu kombinieren. Eine Anleitung zur Positionierung des Filters und des Ionimax-Ionisierers finden Sie auf der Packungsbeilage.[\/vc_column_text][lab_heading title=&#8220;Je nach dem Gehalt von gel\u00f6sten Mineralstoffen im Wasser gibt es:&#8220;][\/lab_heading][vc_column_text]<\/p>\n<ul>\n<li><strong>Destilliertes Wasser<\/strong> \u2013entmineralisiert<\/li>\n<li><strong>Weiches Wasser<\/strong> \u2013 enth\u00e4lt nur wenig Mineralstoffe<\/li>\n<li><strong>Hartes Wasser<\/strong> \u2013 aus unterirdischen Quellen, enth\u00e4lt einen h\u00f6heren Gehalt an\u00a0Mineralstoffen<\/li>\n<\/ul>\n<p>[\/vc_column_text][\/vc_column_inner][vc_column_inner width=&#8220;1\/2&#8243; css=&#8220;.vc_custom_1489133636520{margin-top: 24px !important;}&#8220;][vc_column_text]<strong>Mineralstoffe sind selbstverst\u00e4ndlich f\u00fcr alle Organismen lebenswichtig.<\/strong> Beim Menschen nehmen sie nicht nur am Aufbau des K\u00f6rpers und der diversen Gewebe teil \u2013 sie schalten sich auch bei lebenswichtigen metabolischen Prozessen ein, die im menschlichen K\u00f6rper verlaufen. Sie sind ein st\u00e4ndiger und unentbehrlicher Bestandteil aller Zellen und K\u00f6rperfl\u00fcssigkeiten. Sie sind ein Bestandteil diverser Enzymsysteme, Hormone, Vitamine, Funktionsmolek\u00fcle.<\/p>\n<p><strong>Unter der Mineralern\u00e4hrung von Pflanzen<\/strong> versteht man die Aufnahme von mineralischen (anorganischen) Stoffen. Die Quelle f\u00fcr die Mineralern\u00e4hrung von Pflanzen ist der Boden (N\u00e4hrl\u00f6sung), bei Wasserpflanzen ist es das Wasser. Das Aufnahmeorgan ist die Wurzel. Von den bislang bekannten Elementen wurden in den Pflanzen nahezu alle nachgewiesen, aber nicht alle davon sind f\u00fcr die Pflanze notwendig und wichtig. Lebensnotwendige Elemente bezeichnet man als <strong>biogene Elemente<\/strong>. Ohne biogene Elemente kann die Pflanze nicht normal leben und keines dieser Elemente l\u00e4sst sich durch ein anderes ersetzen.[\/vc_column_text][vc_single_image image=&#8220;893&#8243; img_size=&#8220;full&#8220; alignment=&#8220;center&#8220;][\/vc_column_inner][\/vc_row_inner][vc_row_inner][vc_column_inner][lab_heading title=&#8220;Widerspr\u00fcchliche Anforderungen an das Wasser im Haushalt? Hartes Wasser kontra weiches Wasser?&#8220;][\/lab_heading][vc_column_text]<strong>F\u00fcr die Gesundheit des Menschen<\/strong> ist es selbstverst\u00e4ndlich wichtig, <strong>st\u00e4rker mineralisiertes, also hartes Wasser zu trinken.<\/strong> Wasser, das f\u00fcr <strong>Wasch- und Reinigungszwecke u. \u00e4. im Haushalt dienen soll<\/strong>, sollte im Gegensatz dazu wieder <strong>weich sein<\/strong>. Wie kann man diese beiden gegens\u00e4tzlichen Anforderungen unter einen Hut bringen?<\/p>\n<p><strong>Eine ideale L\u00f6sung ist es, den Ionimax-Wasserionisierer zu verwenden, der nicht die chemische Zusammensetzung des Wassers in der Leitung \u00e4ndert, sondern die physikalische Struktur. So erhalten Sie hartes Wasser mit Eigenschaften eines weichen Wassers. <\/strong>Mineral- und N\u00e4hrstoffe bleiben im Wasser erhalten und k\u00f6nnen sogar dank Ionisierung besser absorbiert werden. Gleichzeitig k\u00f6nnen sie <strong>keine festen, kristallischen Bindungen in der Leitung, den Verbrauchern, der Klimaanlage, der W\u00e4sche und \u00fcberall dort, wo sie Ihnen fr\u00fcher Probleme bereitet haben, bilden. <\/strong>Ionimax steht nicht im Weg und st\u00f6rt die \u00c4sthetik ihres Heims nicht.[\/vc_column_text][\/vc_column_inner][\/vc_row_inner][\/vc_column][\/vc_row]<\/p>\n<\/div>","protected":false},"excerpt":{"rendered":"<p>[vc_row css=&#8220;.vc_custom_1489102263611{padding-top: 50px !important;}&#8220;][vc_column][vc_row_inner][vc_column_inner][lab_heading title=&#8220;N\u00e4hrstoffe, Spurenelemente und Mineralstoffe bleiben erhalten&#8220; el_class=&#8220;title centered&#8220;]Trinken Sie nur k\u00f6stliches Wasser, das das Wichtigste f\u00fcr Ihren K\u00f6rper enth\u00e4lt [\/lab_heading][\/vc_column_inner][\/vc_row_inner][vc_row_inner][vc_column_inner width=&#8220;1\/2&#8243;][lab_heading title=&#8220;N\u00e4hrstoffe, Spurenelemente und Mineralstoffe bleiben erhalten&#8220;][\/lab_heading][vc_column_text] Interessieren Sie sich f\u00fcr die Qualit\u00e4t und die Zusammensetzung des Wassers in Ihrer Trinkwasserleitung?\u00a0 Wollen Sie vermeiden, dass Sie Ihr Trinkwasser auf eine ungeeignete&hellip;<\/p>\n","protected":false},"author":3,"featured_media":0,"parent":0,"menu_order":0,"comment_status":"closed","ping_status":"closed","template":"","meta":{"_acf_changed":false,"footnotes":""},"class_list":["post-1644","page","type-page","status-publish","hentry"],"acf":[],"yoast_head":"<!-- This site is optimized with the Yoast SEO plugin v23.6 - https:\/\/yoast.com\/wordpress\/plugins\/seo\/ -->\n<title>Zachovan\u00e9 \u017eiviny, stopov\u00e9 prvky a miner\u00e1ly - Two Eco<\/title>\n<meta name=\"robots\" content=\"index, follow, max-snippet:-1, max-image-preview:large, max-video-preview:-1\" \/>\n<link rel=\"canonical\" href=\"https:\/\/test.twoeco.sk\/de\/zachovane-ziviny-stopove-prvky-a-mineraly\/\" \/>\n<meta property=\"og:locale\" content=\"de_DE\" \/>\n<meta property=\"og:type\" content=\"article\" \/>\n<meta property=\"og:title\" content=\"Zachovan\u00e9 \u017eiviny, stopov\u00e9 prvky a miner\u00e1ly - Two Eco\" \/>\n<meta property=\"og:description\" content=\"[vc_row css=&#8220;.vc_custom_1489102263611{padding-top: 50px !important;}&#8220;][vc_column][vc_row_inner][vc_column_inner][lab_heading title=&#8220;N\u00e4hrstoffe, Spurenelemente und Mineralstoffe bleiben erhalten&#8220; el_class=&#8220;title centered&#8220;]Trinken Sie nur k\u00f6stliches Wasser, das das Wichtigste f\u00fcr Ihren K\u00f6rper enth\u00e4lt [\/lab_heading][\/vc_column_inner][\/vc_row_inner][vc_row_inner][vc_column_inner width=&#8220;1\/2&#8243;][lab_heading title=&#8220;N\u00e4hrstoffe, Spurenelemente und Mineralstoffe bleiben erhalten&#8220;][\/lab_heading][vc_column_text] Interessieren Sie sich f\u00fcr die Qualit\u00e4t und die Zusammensetzung des Wassers in Ihrer Trinkwasserleitung?\u00a0 Wollen Sie vermeiden, dass Sie Ihr Trinkwasser auf eine ungeeignete&hellip;\" \/>\n<meta property=\"og:url\" content=\"https:\/\/test.twoeco.sk\/de\/zachovane-ziviny-stopove-prvky-a-mineraly\/\" \/>\n<meta property=\"og:site_name\" content=\"Two Eco\" \/>\n<meta property=\"article:publisher\" content=\"https:\/\/www.facebook.com\/Ionimax-1357153714295887\/\" \/>\n<meta property=\"article:modified_time\" content=\"2017-08-11T08:36:10+00:00\" \/>\n<meta name=\"twitter:card\" content=\"summary_large_image\" \/>\n<meta name=\"twitter:label1\" content=\"Gesch\u00e4tzte Lesezeit\" \/>\n\t<meta name=\"twitter:data1\" content=\"4\u00a0Minuten\" \/>\n<script type=\"application\/ld+json\" class=\"yoast-schema-graph\">{\"@context\":\"https:\/\/schema.org\",\"@graph\":[{\"@type\":\"WebPage\",\"@id\":\"https:\/\/test.twoeco.sk\/de\/zachovane-ziviny-stopove-prvky-a-mineraly\/\",\"url\":\"https:\/\/test.twoeco.sk\/de\/zachovane-ziviny-stopove-prvky-a-mineraly\/\",\"name\":\"Zachovan\u00e9 \u017eiviny, stopov\u00e9 prvky a miner\u00e1ly - Two Eco\",\"isPartOf\":{\"@id\":\"https:\/\/test.twoeco.sk\/#website\"},\"datePublished\":\"2017-03-10T08:16:26+00:00\",\"dateModified\":\"2017-08-11T08:36:10+00:00\",\"breadcrumb\":{\"@id\":\"https:\/\/test.twoeco.sk\/de\/zachovane-ziviny-stopove-prvky-a-mineraly\/#breadcrumb\"},\"inLanguage\":\"de\",\"potentialAction\":[{\"@type\":\"ReadAction\",\"target\":[\"https:\/\/test.twoeco.sk\/de\/zachovane-ziviny-stopove-prvky-a-mineraly\/\"]}]},{\"@type\":\"BreadcrumbList\",\"@id\":\"https:\/\/test.twoeco.sk\/de\/zachovane-ziviny-stopove-prvky-a-mineraly\/#breadcrumb\",\"itemListElement\":[{\"@type\":\"ListItem\",\"position\":1,\"name\":\"Home\",\"item\":\"https:\/\/test.twoeco.sk\/de\/\"},{\"@type\":\"ListItem\",\"position\":2,\"name\":\"Zachovan\u00e9 \u017eiviny, stopov\u00e9 prvky a miner\u00e1ly\"}]},{\"@type\":\"WebSite\",\"@id\":\"https:\/\/test.twoeco.sk\/#website\",\"url\":\"https:\/\/test.twoeco.sk\/\",\"name\":\"Two Eco\",\"description\":\"Viac ako \u010dist\u00e1 voda\",\"publisher\":{\"@id\":\"https:\/\/test.twoeco.sk\/#organization\"},\"potentialAction\":[{\"@type\":\"SearchAction\",\"target\":{\"@type\":\"EntryPoint\",\"urlTemplate\":\"https:\/\/test.twoeco.sk\/?s={search_term_string}\"},\"query-input\":{\"@type\":\"PropertyValueSpecification\",\"valueRequired\":true,\"valueName\":\"search_term_string\"}}],\"inLanguage\":\"de\"},{\"@type\":\"Organization\",\"@id\":\"https:\/\/test.twoeco.sk\/#organization\",\"name\":\"Two ECO, s.r.o.\",\"url\":\"https:\/\/test.twoeco.sk\/\",\"logo\":{\"@type\":\"ImageObject\",\"inLanguage\":\"de\",\"@id\":\"https:\/\/test.twoeco.sk\/#\/schema\/logo\/image\/\",\"url\":\"https:\/\/test.twoeco.sk\/wp-content\/uploads\/2016\/05\/logo-two-eco-farba.png\",\"contentUrl\":\"https:\/\/test.twoeco.sk\/wp-content\/uploads\/2016\/05\/logo-two-eco-farba.png\",\"width\":318,\"height\":74,\"caption\":\"Two ECO, s.r.o.\"},\"image\":{\"@id\":\"https:\/\/test.twoeco.sk\/#\/schema\/logo\/image\/\"},\"sameAs\":[\"https:\/\/www.facebook.com\/Ionimax-1357153714295887\/\"]}]}<\/script>\n<!-- \/ Yoast SEO plugin. -->","yoast_head_json":{"title":"Zachovan\u00e9 \u017eiviny, stopov\u00e9 prvky a miner\u00e1ly - Two Eco","robots":{"index":"index","follow":"follow","max-snippet":"max-snippet:-1","max-image-preview":"max-image-preview:large","max-video-preview":"max-video-preview:-1"},"canonical":"https:\/\/test.twoeco.sk\/de\/zachovane-ziviny-stopove-prvky-a-mineraly\/","og_locale":"de_DE","og_type":"article","og_title":"Zachovan\u00e9 \u017eiviny, stopov\u00e9 prvky a miner\u00e1ly - Two Eco","og_description":"[vc_row css=&#8220;.vc_custom_1489102263611{padding-top: 50px !important;}&#8220;][vc_column][vc_row_inner][vc_column_inner][lab_heading title=&#8220;N\u00e4hrstoffe, Spurenelemente und Mineralstoffe bleiben erhalten&#8220; el_class=&#8220;title centered&#8220;]Trinken Sie nur k\u00f6stliches Wasser, das das Wichtigste f\u00fcr Ihren K\u00f6rper enth\u00e4lt [\/lab_heading][\/vc_column_inner][\/vc_row_inner][vc_row_inner][vc_column_inner width=&#8220;1\/2&#8243;][lab_heading title=&#8220;N\u00e4hrstoffe, Spurenelemente und Mineralstoffe bleiben erhalten&#8220;][\/lab_heading][vc_column_text] Interessieren Sie sich f\u00fcr die Qualit\u00e4t und die Zusammensetzung des Wassers in Ihrer Trinkwasserleitung?\u00a0 Wollen Sie vermeiden, dass Sie Ihr Trinkwasser auf eine ungeeignete&hellip;","og_url":"https:\/\/test.twoeco.sk\/de\/zachovane-ziviny-stopove-prvky-a-mineraly\/","og_site_name":"Two Eco","article_publisher":"https:\/\/www.facebook.com\/Ionimax-1357153714295887\/","article_modified_time":"2017-08-11T08:36:10+00:00","twitter_card":"summary_large_image","twitter_misc":{"Gesch\u00e4tzte Lesezeit":"4\u00a0Minuten"},"schema":{"@context":"https:\/\/schema.org","@graph":[{"@type":"WebPage","@id":"https:\/\/test.twoeco.sk\/de\/zachovane-ziviny-stopove-prvky-a-mineraly\/","url":"https:\/\/test.twoeco.sk\/de\/zachovane-ziviny-stopove-prvky-a-mineraly\/","name":"Zachovan\u00e9 \u017eiviny, stopov\u00e9 prvky a miner\u00e1ly - Two Eco","isPartOf":{"@id":"https:\/\/test.twoeco.sk\/#website"},"datePublished":"2017-03-10T08:16:26+00:00","dateModified":"2017-08-11T08:36:10+00:00","breadcrumb":{"@id":"https:\/\/test.twoeco.sk\/de\/zachovane-ziviny-stopove-prvky-a-mineraly\/#breadcrumb"},"inLanguage":"de","potentialAction":[{"@type":"ReadAction","target":["https:\/\/test.twoeco.sk\/de\/zachovane-ziviny-stopove-prvky-a-mineraly\/"]}]},{"@type":"BreadcrumbList","@id":"https:\/\/test.twoeco.sk\/de\/zachovane-ziviny-stopove-prvky-a-mineraly\/#breadcrumb","itemListElement":[{"@type":"ListItem","position":1,"name":"Home","item":"https:\/\/test.twoeco.sk\/de\/"},{"@type":"ListItem","position":2,"name":"Zachovan\u00e9 \u017eiviny, stopov\u00e9 prvky a miner\u00e1ly"}]},{"@type":"WebSite","@id":"https:\/\/test.twoeco.sk\/#website","url":"https:\/\/test.twoeco.sk\/","name":"Two Eco","description":"Viac ako \u010dist\u00e1 voda","publisher":{"@id":"https:\/\/test.twoeco.sk\/#organization"},"potentialAction":[{"@type":"SearchAction","target":{"@type":"EntryPoint","urlTemplate":"https:\/\/test.twoeco.sk\/?s={search_term_string}"},"query-input":{"@type":"PropertyValueSpecification","valueRequired":true,"valueName":"search_term_string"}}],"inLanguage":"de"},{"@type":"Organization","@id":"https:\/\/test.twoeco.sk\/#organization","name":"Two ECO, s.r.o.","url":"https:\/\/test.twoeco.sk\/","logo":{"@type":"ImageObject","inLanguage":"de","@id":"https:\/\/test.twoeco.sk\/#\/schema\/logo\/image\/","url":"https:\/\/test.twoeco.sk\/wp-content\/uploads\/2016\/05\/logo-two-eco-farba.png","contentUrl":"https:\/\/test.twoeco.sk\/wp-content\/uploads\/2016\/05\/logo-two-eco-farba.png","width":318,"height":74,"caption":"Two ECO, s.r.o."},"image":{"@id":"https:\/\/test.twoeco.sk\/#\/schema\/logo\/image\/"},"sameAs":["https:\/\/www.facebook.com\/Ionimax-1357153714295887\/"]}]}},"_links":{"self":[{"href":"https:\/\/test.twoeco.sk\/de\/wp-json\/wp\/v2\/pages\/1644"}],"collection":[{"href":"https:\/\/test.twoeco.sk\/de\/wp-json\/wp\/v2\/pages"}],"about":[{"href":"https:\/\/test.twoeco.sk\/de\/wp-json\/wp\/v2\/types\/page"}],"author":[{"embeddable":true,"href":"https:\/\/test.twoeco.sk\/de\/wp-json\/wp\/v2\/users\/3"}],"replies":[{"embeddable":true,"href":"https:\/\/test.twoeco.sk\/de\/wp-json\/wp\/v2\/comments?post=1644"}],"version-history":[{"count":3,"href":"https:\/\/test.twoeco.sk\/de\/wp-json\/wp\/v2\/pages\/1644\/revisions"}],"predecessor-version":[{"id":2185,"href":"https:\/\/test.twoeco.sk\/de\/wp-json\/wp\/v2\/pages\/1644\/revisions\/2185"}],"wp:attachment":[{"href":"https:\/\/test.twoeco.sk\/de\/wp-json\/wp\/v2\/media?parent=1644"}],"curies":[{"name":"wp","href":"https:\/\/api.w.org\/{rel}","templated":true}]}}