{"id":1576,"date":"2017-03-10T09:03:36","date_gmt":"2017-03-10T08:03:36","guid":{"rendered":"https:\/\/test.twoeco.sk\/chutna-voda\/"},"modified":"2017-08-10T12:38:24","modified_gmt":"2017-08-10T10:38:24","slug":"chutna-voda","status":"publish","type":"page","link":"https:\/\/test.twoeco.sk\/de\/chutna-voda\/","title":{"rendered":"Chutn\u00e1 voda"},"content":{"rendered":"<div class=\"wpb-content-wrapper\"><p>[vc_row css=&#8220;.vc_custom_1489102263611{padding-top: 50px !important;}&#8220;][vc_column][vc_row_inner][vc_column_inner][lab_heading title=&#8220;K\u00f6stliches Wasser&#8220; el_class=&#8220;title centered&#8220;]Direkt aus Ihrem Wasserhahn, mit schwach erh\u00f6hter Basizit\u00e4t, f\u00fcr Ihre Trinkversorgung<br \/>\n[\/lab_heading][\/vc_column_inner][\/vc_row_inner][vc_row_inner][vc_column_inner width=&#8220;1\/2&#8243;][lab_heading title=&#8220;K\u00f6stliches Wasser&#8220;][\/lab_heading][vc_column_text]<\/p>\n<ul>\n<li><strong>Sehnen Sie sich nach dem Geschmack vom Quellwasser?\u00a0<\/strong><\/li>\n<li><strong>Achten Sie auf optimale Trinkversorgung, und das nicht nur im Sommer?\u00a0<\/strong><\/li>\n<li><strong>Vermeiden Sie die Nutzung von Kunststoffflaschen?\u00a0<\/strong><\/li>\n<li><strong>M\u00f6chten sie Ihrer Familie eine gesunde Ern\u00e4hrung erm\u00f6glichen?\u00a0<\/strong><\/li>\n<li><strong>Interessieren Sie sich f\u00fcr das Thema des S\u00e4ure-Basen-Haushalts im K\u00f6rper?<\/strong><\/li>\n<\/ul>\n<p style=\"display: inline !important;\"><strong>\u00dcber den Geschmack des mit ionimax aufbereiteten Wassers k\u00f6nnte man in der Winzersprache sagen: \u201crollt \u00fcber die Zunge\u201d, hat einen \u201crunden Geschmack\u201d\u2026<\/strong><\/p>\n<p>Wieso ist es dem so? Aufbereitetes und ionisiertes Wasser \u00e4ndert seine Struktur.<\/p>\n<p>Die Gesetze der Natur und der Physik machen es uns m\u00f6glich, die unregelm\u00e4\u00dfige Wasserstruktur aus vielz\u00e4hligen H20-Molek\u00fclclustern in eine regelm\u00e4\u00dfige, nat\u00fcrliche Form eines sechseckigen (hexagonalen) Molek\u00fcls zu \u00e4ndern. Stellen Sie es sich wie eine Schneeflocke vor.<\/p>\n<p><strong>Das normale Wasser enth\u00e4lt 14-16 Wassercluster, ionisiertes Wasser nur 5-6, dies bedeutet, dass es besser verdaulich ist.<\/strong><\/p>\n<p>Ionimax wandelt normales Wasser aus dem Hahn wortw\u00f6rtlich in einen Lebenswecker um. Ein derartig aufbereitetes Wasser <strong>dringt besser und leichter in die Zellen Ihres K\u00f6rpers ein, deshalb gewinnen Sie mehr Energie.<\/strong> Durch das Trinken von ionisiertem Wasser sorgen Sie f\u00fcr optimale Hydratation und Trinkversorgung Ihres K\u00f6rpers, mit einer ausgepr\u00e4gt positiven Wirkung auf Ihre Gesundheit. Zudem verl\u00e4uft auch die Entgiftung und Aussp\u00fclung von Schadstoffen aus dem K\u00f6rper deutlich besser.<\/p>\n<p>Ionimax ionisiert das Wasser und erh\u00f6ht damit auch geringf\u00fcgig sein pH-Wert. Je nach \u00f6rtlicher Wasserzusammensetzung sind es 0,2 bis 0,4 auf der pH-Skala.<\/p>\n<p>Dies ist besonders g\u00fcnstig f\u00fcr den menschlichen K\u00f6rper, jedoch ung\u00fcnstig f\u00fcr Mikroorganismen, die in einer solchen Umgebung nat\u00fcrlich sterben. Durch Messungen konnten wir eine Verringerung von Krankheitserregern nachweisen. Im warmen Wasser aus der Wasserleitung ist die Verringerung der Keimzahl sogar mehr als zehnfach.[\/vc_column_text][\/vc_column_inner][vc_column_inner width=&#8220;1\/2&#8243;][vc_single_image image=&#8220;865&#8243; img_size=&#8220;full&#8220; alignment=&#8220;center&#8220; css=&#8220;.vc_custom_1489132990788{margin-top: 24px !important;}&#8220;][lab_heading title=&#8220; Mit Ionimax aufbereitetes Wasser aus Ihrer Wasserleitung:&#8220;][\/lab_heading][vc_column_text]<\/p>\n<ul>\n<li><strong>mildert Haut- und Rheumaprobleme<\/strong><\/li>\n<li><strong>mildert Magen- und Darmprobleme<\/strong><\/li>\n<li><strong>st\u00e4rkt den Stoffwechsel<\/strong><\/li>\n<li><strong>verbessert das psychische und physische Gleichgewicht<\/strong><\/li>\n<li><strong>stabilisiert den Blutkreislauf<\/strong><\/li>\n<li><strong>beschleunigt die Heilung von Wunden<\/strong><\/li>\n<li><strong>aktiviert die Lebenskraft<\/strong><\/li>\n<li><strong>reduziert die Empfindlichkeit f\u00fcr Wetterumschw\u00fcnge<\/strong><\/li>\n<li><strong>schmeckt besser und h\u00e4lt l\u00e4nger frisch\u00a0<\/strong><\/li>\n<li><strong>sp\u00fclt aus dem K\u00f6rper Schadstoffe, die sich dort abgesetzt haben<\/strong><\/li>\n<li><strong>mildert die \u00dcbers\u00e4uerung des K\u00f6rpers<\/strong><\/li>\n<li><strong>st\u00e4rkt die Immunit\u00e4t<\/strong><\/li>\n<\/ul>\n<p>[\/vc_column_text][\/vc_column_inner][\/vc_row_inner][\/vc_column][\/vc_row]<\/p>\n<\/div>","protected":false},"excerpt":{"rendered":"<p>[vc_row css=&#8220;.vc_custom_1489102263611{padding-top: 50px !important;}&#8220;][vc_column][vc_row_inner][vc_column_inner][lab_heading title=&#8220;K\u00f6stliches Wasser&#8220; el_class=&#8220;title centered&#8220;]Direkt aus Ihrem Wasserhahn, mit schwach erh\u00f6hter Basizit\u00e4t, f\u00fcr Ihre Trinkversorgung [\/lab_heading][\/vc_column_inner][\/vc_row_inner][vc_row_inner][vc_column_inner width=&#8220;1\/2&#8243;][lab_heading title=&#8220;K\u00f6stliches Wasser&#8220;][\/lab_heading][vc_column_text] Sehnen Sie sich nach dem Geschmack vom Quellwasser?\u00a0 Achten Sie auf optimale Trinkversorgung, und das nicht nur im Sommer?\u00a0 Vermeiden Sie die Nutzung von Kunststoffflaschen?\u00a0 M\u00f6chten sie Ihrer Familie eine gesunde Ern\u00e4hrung erm\u00f6glichen?\u00a0&hellip;<\/p>\n","protected":false},"author":3,"featured_media":0,"parent":0,"menu_order":0,"comment_status":"closed","ping_status":"closed","template":"","meta":{"_acf_changed":false,"footnotes":""},"class_list":["post-1576","page","type-page","status-publish","hentry"],"acf":[],"yoast_head":"<!-- This site is optimized with the Yoast SEO plugin v23.6 - https:\/\/yoast.com\/wordpress\/plugins\/seo\/ -->\n<title>Chutn\u00e1 voda - Two Eco<\/title>\n<meta name=\"robots\" content=\"index, follow, max-snippet:-1, max-image-preview:large, max-video-preview:-1\" \/>\n<link rel=\"canonical\" href=\"https:\/\/test.twoeco.sk\/de\/chutna-voda\/\" \/>\n<meta property=\"og:locale\" content=\"de_DE\" \/>\n<meta property=\"og:type\" content=\"article\" \/>\n<meta property=\"og:title\" content=\"Chutn\u00e1 voda - Two Eco\" \/>\n<meta property=\"og:description\" content=\"[vc_row css=&#8220;.vc_custom_1489102263611{padding-top: 50px !important;}&#8220;][vc_column][vc_row_inner][vc_column_inner][lab_heading title=&#8220;K\u00f6stliches Wasser&#8220; el_class=&#8220;title centered&#8220;]Direkt aus Ihrem Wasserhahn, mit schwach erh\u00f6hter Basizit\u00e4t, f\u00fcr Ihre Trinkversorgung [\/lab_heading][\/vc_column_inner][\/vc_row_inner][vc_row_inner][vc_column_inner width=&#8220;1\/2&#8243;][lab_heading title=&#8220;K\u00f6stliches Wasser&#8220;][\/lab_heading][vc_column_text] Sehnen Sie sich nach dem Geschmack vom Quellwasser?\u00a0 Achten Sie auf optimale Trinkversorgung, und das nicht nur im Sommer?\u00a0 Vermeiden Sie die Nutzung von Kunststoffflaschen?\u00a0 M\u00f6chten sie Ihrer Familie eine gesunde Ern\u00e4hrung erm\u00f6glichen?\u00a0&hellip;\" \/>\n<meta property=\"og:url\" content=\"https:\/\/test.twoeco.sk\/de\/chutna-voda\/\" \/>\n<meta property=\"og:site_name\" content=\"Two Eco\" \/>\n<meta property=\"article:publisher\" content=\"https:\/\/www.facebook.com\/Ionimax-1357153714295887\/\" \/>\n<meta property=\"article:modified_time\" content=\"2017-08-10T10:38:24+00:00\" \/>\n<meta name=\"twitter:card\" content=\"summary_large_image\" \/>\n<meta name=\"twitter:label1\" content=\"Gesch\u00e4tzte Lesezeit\" \/>\n\t<meta name=\"twitter:data1\" content=\"2\u00a0Minuten\" \/>\n<script type=\"application\/ld+json\" class=\"yoast-schema-graph\">{\"@context\":\"https:\/\/schema.org\",\"@graph\":[{\"@type\":\"WebPage\",\"@id\":\"https:\/\/test.twoeco.sk\/de\/chutna-voda\/\",\"url\":\"https:\/\/test.twoeco.sk\/de\/chutna-voda\/\",\"name\":\"Chutn\u00e1 voda - Two Eco\",\"isPartOf\":{\"@id\":\"https:\/\/test.twoeco.sk\/#website\"},\"datePublished\":\"2017-03-10T08:03:36+00:00\",\"dateModified\":\"2017-08-10T10:38:24+00:00\",\"breadcrumb\":{\"@id\":\"https:\/\/test.twoeco.sk\/de\/chutna-voda\/#breadcrumb\"},\"inLanguage\":\"de\",\"potentialAction\":[{\"@type\":\"ReadAction\",\"target\":[\"https:\/\/test.twoeco.sk\/de\/chutna-voda\/\"]}]},{\"@type\":\"BreadcrumbList\",\"@id\":\"https:\/\/test.twoeco.sk\/de\/chutna-voda\/#breadcrumb\",\"itemListElement\":[{\"@type\":\"ListItem\",\"position\":1,\"name\":\"Home\",\"item\":\"https:\/\/test.twoeco.sk\/de\/\"},{\"@type\":\"ListItem\",\"position\":2,\"name\":\"Chutn\u00e1 voda\"}]},{\"@type\":\"WebSite\",\"@id\":\"https:\/\/test.twoeco.sk\/#website\",\"url\":\"https:\/\/test.twoeco.sk\/\",\"name\":\"Two Eco\",\"description\":\"Viac ako \u010dist\u00e1 voda\",\"publisher\":{\"@id\":\"https:\/\/test.twoeco.sk\/#organization\"},\"potentialAction\":[{\"@type\":\"SearchAction\",\"target\":{\"@type\":\"EntryPoint\",\"urlTemplate\":\"https:\/\/test.twoeco.sk\/?s={search_term_string}\"},\"query-input\":{\"@type\":\"PropertyValueSpecification\",\"valueRequired\":true,\"valueName\":\"search_term_string\"}}],\"inLanguage\":\"de\"},{\"@type\":\"Organization\",\"@id\":\"https:\/\/test.twoeco.sk\/#organization\",\"name\":\"Two ECO, s.r.o.\",\"url\":\"https:\/\/test.twoeco.sk\/\",\"logo\":{\"@type\":\"ImageObject\",\"inLanguage\":\"de\",\"@id\":\"https:\/\/test.twoeco.sk\/#\/schema\/logo\/image\/\",\"url\":\"https:\/\/test.twoeco.sk\/wp-content\/uploads\/2016\/05\/logo-two-eco-farba.png\",\"contentUrl\":\"https:\/\/test.twoeco.sk\/wp-content\/uploads\/2016\/05\/logo-two-eco-farba.png\",\"width\":318,\"height\":74,\"caption\":\"Two ECO, s.r.o.\"},\"image\":{\"@id\":\"https:\/\/test.twoeco.sk\/#\/schema\/logo\/image\/\"},\"sameAs\":[\"https:\/\/www.facebook.com\/Ionimax-1357153714295887\/\"]}]}<\/script>\n<!-- \/ Yoast SEO plugin. -->","yoast_head_json":{"title":"Chutn\u00e1 voda - Two Eco","robots":{"index":"index","follow":"follow","max-snippet":"max-snippet:-1","max-image-preview":"max-image-preview:large","max-video-preview":"max-video-preview:-1"},"canonical":"https:\/\/test.twoeco.sk\/de\/chutna-voda\/","og_locale":"de_DE","og_type":"article","og_title":"Chutn\u00e1 voda - Two Eco","og_description":"[vc_row css=&#8220;.vc_custom_1489102263611{padding-top: 50px !important;}&#8220;][vc_column][vc_row_inner][vc_column_inner][lab_heading title=&#8220;K\u00f6stliches Wasser&#8220; el_class=&#8220;title centered&#8220;]Direkt aus Ihrem Wasserhahn, mit schwach erh\u00f6hter Basizit\u00e4t, f\u00fcr Ihre Trinkversorgung [\/lab_heading][\/vc_column_inner][\/vc_row_inner][vc_row_inner][vc_column_inner width=&#8220;1\/2&#8243;][lab_heading title=&#8220;K\u00f6stliches Wasser&#8220;][\/lab_heading][vc_column_text] Sehnen Sie sich nach dem Geschmack vom Quellwasser?\u00a0 Achten Sie auf optimale Trinkversorgung, und das nicht nur im Sommer?\u00a0 Vermeiden Sie die Nutzung von Kunststoffflaschen?\u00a0 M\u00f6chten sie Ihrer Familie eine gesunde Ern\u00e4hrung erm\u00f6glichen?\u00a0&hellip;","og_url":"https:\/\/test.twoeco.sk\/de\/chutna-voda\/","og_site_name":"Two Eco","article_publisher":"https:\/\/www.facebook.com\/Ionimax-1357153714295887\/","article_modified_time":"2017-08-10T10:38:24+00:00","twitter_card":"summary_large_image","twitter_misc":{"Gesch\u00e4tzte Lesezeit":"2\u00a0Minuten"},"schema":{"@context":"https:\/\/schema.org","@graph":[{"@type":"WebPage","@id":"https:\/\/test.twoeco.sk\/de\/chutna-voda\/","url":"https:\/\/test.twoeco.sk\/de\/chutna-voda\/","name":"Chutn\u00e1 voda - Two Eco","isPartOf":{"@id":"https:\/\/test.twoeco.sk\/#website"},"datePublished":"2017-03-10T08:03:36+00:00","dateModified":"2017-08-10T10:38:24+00:00","breadcrumb":{"@id":"https:\/\/test.twoeco.sk\/de\/chutna-voda\/#breadcrumb"},"inLanguage":"de","potentialAction":[{"@type":"ReadAction","target":["https:\/\/test.twoeco.sk\/de\/chutna-voda\/"]}]},{"@type":"BreadcrumbList","@id":"https:\/\/test.twoeco.sk\/de\/chutna-voda\/#breadcrumb","itemListElement":[{"@type":"ListItem","position":1,"name":"Home","item":"https:\/\/test.twoeco.sk\/de\/"},{"@type":"ListItem","position":2,"name":"Chutn\u00e1 voda"}]},{"@type":"WebSite","@id":"https:\/\/test.twoeco.sk\/#website","url":"https:\/\/test.twoeco.sk\/","name":"Two Eco","description":"Viac ako \u010dist\u00e1 voda","publisher":{"@id":"https:\/\/test.twoeco.sk\/#organization"},"potentialAction":[{"@type":"SearchAction","target":{"@type":"EntryPoint","urlTemplate":"https:\/\/test.twoeco.sk\/?s={search_term_string}"},"query-input":{"@type":"PropertyValueSpecification","valueRequired":true,"valueName":"search_term_string"}}],"inLanguage":"de"},{"@type":"Organization","@id":"https:\/\/test.twoeco.sk\/#organization","name":"Two ECO, s.r.o.","url":"https:\/\/test.twoeco.sk\/","logo":{"@type":"ImageObject","inLanguage":"de","@id":"https:\/\/test.twoeco.sk\/#\/schema\/logo\/image\/","url":"https:\/\/test.twoeco.sk\/wp-content\/uploads\/2016\/05\/logo-two-eco-farba.png","contentUrl":"https:\/\/test.twoeco.sk\/wp-content\/uploads\/2016\/05\/logo-two-eco-farba.png","width":318,"height":74,"caption":"Two ECO, s.r.o."},"image":{"@id":"https:\/\/test.twoeco.sk\/#\/schema\/logo\/image\/"},"sameAs":["https:\/\/www.facebook.com\/Ionimax-1357153714295887\/"]}]}},"_links":{"self":[{"href":"https:\/\/test.twoeco.sk\/de\/wp-json\/wp\/v2\/pages\/1576"}],"collection":[{"href":"https:\/\/test.twoeco.sk\/de\/wp-json\/wp\/v2\/pages"}],"about":[{"href":"https:\/\/test.twoeco.sk\/de\/wp-json\/wp\/v2\/types\/page"}],"author":[{"embeddable":true,"href":"https:\/\/test.twoeco.sk\/de\/wp-json\/wp\/v2\/users\/3"}],"replies":[{"embeddable":true,"href":"https:\/\/test.twoeco.sk\/de\/wp-json\/wp\/v2\/comments?post=1576"}],"version-history":[{"count":3,"href":"https:\/\/test.twoeco.sk\/de\/wp-json\/wp\/v2\/pages\/1576\/revisions"}],"predecessor-version":[{"id":2145,"href":"https:\/\/test.twoeco.sk\/de\/wp-json\/wp\/v2\/pages\/1576\/revisions\/2145"}],"wp:attachment":[{"href":"https:\/\/test.twoeco.sk\/de\/wp-json\/wp\/v2\/media?parent=1576"}],"curies":[{"name":"wp","href":"https:\/\/api.w.org\/{rel}","templated":true}]}}