{"id":1574,"date":"2017-03-10T09:03:36","date_gmt":"2017-03-10T08:03:36","guid":{"rendered":"https:\/\/test.twoeco.sk\/chutna-voda\/"},"modified":"2017-05-26T22:43:51","modified_gmt":"2017-05-26T20:43:51","slug":"chutna-voda","status":"publish","type":"page","link":"https:\/\/test.twoeco.sk\/cs\/chutna-voda\/","title":{"rendered":"Chutn\u00e1 voda"},"content":{"rendered":"<div class=\"wpb-content-wrapper\"><p>[vc_row css=&#8220;.vc_custom_1489102263611{padding-top: 50px !important;}&#8220;][vc_column][vc_row_inner][vc_column_inner][lab_heading title=&#8220;Chutn\u00e1 voda&#8220; el_class=&#8220;title centered&#8220;]P\u0159\u00edmo z\u00a0va\u0161eho kohoutku s\u00a0m\u00edrn\u011b zv\u00fd\u0161enou z\u00e1saditost\u00ed, pro v\u00e1\u0161 pitn\u00fd re\u017eim[\/lab_heading][\/vc_column_inner][\/vc_row_inner][vc_row_inner][vc_column_inner width=&#8220;1\/2&#8243;][lab_heading title=&#8220;Chutn\u00e1 voda&#8220;][\/lab_heading][vc_column_text]<\/p>\n<ul>\n<li><strong>Tou\u017e\u00edte po chuti pramenit\u00e9 vody?\u00a0<\/strong><\/li>\n<li><strong>Sna\u017e\u00edte se dodr\u017eovat pitn\u00fd re\u017eim a to nejen v\u00a0l\u00e9t\u011b?\u00a0<\/strong><\/li>\n<li><strong>Omezujete pou\u017e\u00edv\u00e1n\u00ed plastov\u00fdch lahv\u00ed?\u00a0<\/strong><\/li>\n<li><strong>Chcete svoj\u00ed rodin\u011b dop\u0159\u00e1t zdravou v\u00fd\u017eivu?\u00a0<\/strong><\/li>\n<li><strong>Zaj\u00edm\u00e1 v\u00e1s t\u00e9ma odkyselen\u00ed a z\u00e1saditosti v\u00a0organismu?<\/strong><\/li>\n<li style=\"list-style-type: none;\"><\/li>\n<\/ul>\n<p style=\"display: inline !important;\"><strong>O\u00a0chuti vody upraven\u00e9 p\u0159\u00edstrojem ionimax se d\u00e1 slovy vina\u0159e \u0159\u00edci: \u201eV\u00e1l\u00ed se po jazyku, m\u00e1 kulatou chu\u0165&#8230;\u201d<\/strong><\/p>\n<p>Pro\u010d je tomu tak? Upraven\u00e1 a ionizovan\u00e1 voda m\u011bn\u00ed svou strukturu.<\/p>\n<p>Z\u00e1kony p\u0159\u00edrody a fyziky n\u00e1m umo\u017e\u0148uj\u00ed ionizac\u00ed zm\u011bnit nepravidelnou strukturu vody z\u00a0mnoho\u010detn\u00fdch shluk\u016f molekul vody H2O na pravidelnou p\u0159\u00edrodn\u00ed formu p\u011bti- a\u017e \u0161esti\u00faheln\u00edkov\u00e9 (hexagon\u00e1ln\u00ed) molekuly. P\u0159edstavte si ji jako sn\u011bhovou vlo\u010dku.<\/p>\n<p><strong>Shluk molekul v\u00a0b\u011b\u017en\u00e9 vod\u011b je 14 a\u017e 16, ionizovan\u00e1 jich m\u00e1 5 a\u017e 6, to znamen\u00e1, \u017ee je jednodu\u0161eji straviteln\u00e1.<\/strong><\/p>\n<p>P\u0159\u00edstroj ionimax p\u0159em\u011bn\u00ed b\u011b\u017enou vodu z\u00a0kohoutku doslova na \u017eivotabudi\u010d. Takto upraven\u00e1 voda toti\u017e<strong> l\u00e9pe a snadn\u011bji pronik\u00e1 do bun\u011bk va\u0161eho t\u011bla, proto z\u00edsk\u00e1te v\u00edce energie. <\/strong>Pit\u00edm takto upraven\u00e9 vody doch\u00e1z\u00ed ke kvalitn\u00ed hydrataci a dodr\u017eov\u00e1n\u00ed pitn\u00e9ho re\u017eimu, m\u00e1 velk\u00fd vliv na zdrav\u00ed \u010dlov\u011bka. Tak\u00e9 l\u00e9pe prob\u00edh\u00e1 detoxikace a vyplavov\u00e1n\u00ed \u0161kodlivin z\u00a0organismu.<\/p>\n<p>P\u0159\u00edstroj ionimax vodu ionizuje a t\u00edm tak\u00e9 m\u00edrn\u011b zvy\u0161uje jej\u00ed pH. Podle konkr\u00e9tn\u00edho m\u00edstn\u00edho slo\u017een\u00ed vody se jedn\u00e1 o\u00a0hodnoty 0,2 a\u017e 0,4 na stupnici pH.<\/p>\n<p>To je mimo\u0159\u00e1dn\u011b vhodn\u00e9 pro lidsk\u00fd organismus, ale nevhodn\u00e9 pro mikroorganismy, kter\u00e9 v\u00a0tomto prost\u0159ed\u00ed p\u0159irozen\u011b hynou. M\u011b\u0159en\u00ed n\u00e1m potvrdila jejich \u00fabytek. V\u00a0tepl\u00e9 vod\u011b z\u00a0vodovodn\u00edho potrub\u00ed se jedn\u00e1 dokonce o v\u00edce ne\u017e desetin\u00e1sobn\u00fd \u00fabytek.[\/vc_column_text][\/vc_column_inner][vc_column_inner width=&#8220;1\/2&#8243;][vc_single_image image=&#8220;865&#8243; img_size=&#8220;full&#8220; alignment=&#8220;center&#8220; css=&#8220;.vc_custom_1489132990788{margin-top: 24px !important;}&#8220;][lab_heading title=&#8220;Voda p\u0159\u00edmo z\u00a0va\u0161eho kohoutku upraven\u00e1 p\u0159\u00edstrojem ionimax:&#8220;][\/lab_heading][vc_column_text]<\/p>\n<ul>\n<li><strong>zm\u00edr\u0148uje ko\u017en\u00ed a revmatick\u00e9 probl\u00e9my<\/strong><\/li>\n<li><strong>zm\u00edr\u0148uje \u017ealude\u010dn\u00ed a st\u0159evn\u00ed probl\u00e9my<\/strong><\/li>\n<li><strong>posiluje proces p\u0159em\u011bny l\u00e1tek<\/strong><\/li>\n<li><strong>zlep\u0161uje psychickou a fyzickou rovnov\u00e1hu<\/strong><\/li>\n<li><strong>stabilizuje krevn\u00ed ob\u011bh<\/strong><\/li>\n<li><strong>urychluje hojen\u00ed ran<\/strong><\/li>\n<li><strong>aktivuje \u017eivotn\u00ed s\u00edlu<\/strong><\/li>\n<li><strong>sni\u017euje citlivost na zm\u011bnu po\u010das\u00ed<\/strong><\/li>\n<li><strong>m\u00e1 lep\u0161\u00ed chu\u0165 a d\u00e9le vydr\u017e\u00ed \u010derstv\u00e1\u00a0<\/strong><\/li>\n<li><strong>vyplavuje z\u00a0t\u011bla usazen\u00e9 \u0161kodliv\u00e9 l\u00e1tky<\/strong><\/li>\n<li><strong>zm\u00edr\u0148uje p\u0159ekyselen\u00ed organismu<\/strong><\/li>\n<li><strong>posiluje imunitu<\/strong><\/li>\n<\/ul>\n<p>[\/vc_column_text][\/vc_column_inner][\/vc_row_inner][\/vc_column][\/vc_row]<\/p>\n<\/div>","protected":false},"excerpt":{"rendered":"<p>[vc_row css=&#8220;.vc_custom_1489102263611{padding-top: 50px !important;}&#8220;][vc_column][vc_row_inner][vc_column_inner][lab_heading title=&#8220;Chutn\u00e1 voda&#8220; el_class=&#8220;title centered&#8220;]P\u0159\u00edmo z\u00a0va\u0161eho kohoutku s\u00a0m\u00edrn\u011b zv\u00fd\u0161enou z\u00e1saditost\u00ed, pro v\u00e1\u0161 pitn\u00fd re\u017eim[\/lab_heading][\/vc_column_inner][\/vc_row_inner][vc_row_inner][vc_column_inner width=&#8220;1\/2&#8243;][lab_heading title=&#8220;Chutn\u00e1 voda&#8220;][\/lab_heading][vc_column_text] Tou\u017e\u00edte po chuti pramenit\u00e9 vody?\u00a0 Sna\u017e\u00edte se dodr\u017eovat pitn\u00fd re\u017eim a to nejen v\u00a0l\u00e9t\u011b?\u00a0 Omezujete pou\u017e\u00edv\u00e1n\u00ed plastov\u00fdch lahv\u00ed?\u00a0 Chcete svoj\u00ed rodin\u011b dop\u0159\u00e1t zdravou v\u00fd\u017eivu?\u00a0 Zaj\u00edm\u00e1 v\u00e1s t\u00e9ma odkyselen\u00ed a z\u00e1saditosti v\u00a0organismu? O\u00a0chuti vody upraven\u00e9 p\u0159\u00edstrojem&hellip;<\/p>\n","protected":false},"author":3,"featured_media":0,"parent":0,"menu_order":0,"comment_status":"closed","ping_status":"closed","template":"","meta":{"_acf_changed":false,"footnotes":""},"class_list":["post-1574","page","type-page","status-publish","hentry"],"acf":[],"yoast_head":"<!-- This site is optimized with the Yoast SEO plugin v23.6 - https:\/\/yoast.com\/wordpress\/plugins\/seo\/ -->\n<title>Chutn\u00e1 voda - Two Eco<\/title>\n<meta name=\"robots\" content=\"index, follow, max-snippet:-1, max-image-preview:large, max-video-preview:-1\" \/>\n<link rel=\"canonical\" href=\"https:\/\/test.twoeco.sk\/cs\/chutna-voda\/\" \/>\n<meta property=\"og:locale\" content=\"cs_CZ\" \/>\n<meta property=\"og:type\" content=\"article\" \/>\n<meta property=\"og:title\" content=\"Chutn\u00e1 voda - Two Eco\" \/>\n<meta property=\"og:description\" content=\"[vc_row css=&#8220;.vc_custom_1489102263611{padding-top: 50px !important;}&#8220;][vc_column][vc_row_inner][vc_column_inner][lab_heading title=&#8220;Chutn\u00e1 voda&#8220; el_class=&#8220;title centered&#8220;]P\u0159\u00edmo z\u00a0va\u0161eho kohoutku s\u00a0m\u00edrn\u011b zv\u00fd\u0161enou z\u00e1saditost\u00ed, pro v\u00e1\u0161 pitn\u00fd re\u017eim[\/lab_heading][\/vc_column_inner][\/vc_row_inner][vc_row_inner][vc_column_inner width=&#8220;1\/2&#8243;][lab_heading title=&#8220;Chutn\u00e1 voda&#8220;][\/lab_heading][vc_column_text] Tou\u017e\u00edte po chuti pramenit\u00e9 vody?\u00a0 Sna\u017e\u00edte se dodr\u017eovat pitn\u00fd re\u017eim a to nejen v\u00a0l\u00e9t\u011b?\u00a0 Omezujete pou\u017e\u00edv\u00e1n\u00ed plastov\u00fdch lahv\u00ed?\u00a0 Chcete svoj\u00ed rodin\u011b dop\u0159\u00e1t zdravou v\u00fd\u017eivu?\u00a0 Zaj\u00edm\u00e1 v\u00e1s t\u00e9ma odkyselen\u00ed a z\u00e1saditosti v\u00a0organismu? O\u00a0chuti vody upraven\u00e9 p\u0159\u00edstrojem&hellip;\" \/>\n<meta property=\"og:url\" content=\"https:\/\/test.twoeco.sk\/cs\/chutna-voda\/\" \/>\n<meta property=\"og:site_name\" content=\"Two Eco\" \/>\n<meta property=\"article:publisher\" content=\"https:\/\/www.facebook.com\/Ionimax-1357153714295887\/\" \/>\n<meta property=\"article:modified_time\" content=\"2017-05-26T20:43:51+00:00\" \/>\n<meta name=\"twitter:card\" content=\"summary_large_image\" \/>\n<meta name=\"twitter:label1\" content=\"Odhadovan\u00e1 doba \u010dten\u00ed\" \/>\n\t<meta name=\"twitter:data1\" content=\"3 minuty\" \/>\n<script type=\"application\/ld+json\" class=\"yoast-schema-graph\">{\"@context\":\"https:\/\/schema.org\",\"@graph\":[{\"@type\":\"WebPage\",\"@id\":\"https:\/\/test.twoeco.sk\/cs\/chutna-voda\/\",\"url\":\"https:\/\/test.twoeco.sk\/cs\/chutna-voda\/\",\"name\":\"Chutn\u00e1 voda - Two Eco\",\"isPartOf\":{\"@id\":\"https:\/\/test.twoeco.sk\/#website\"},\"datePublished\":\"2017-03-10T08:03:36+00:00\",\"dateModified\":\"2017-05-26T20:43:51+00:00\",\"breadcrumb\":{\"@id\":\"https:\/\/test.twoeco.sk\/cs\/chutna-voda\/#breadcrumb\"},\"inLanguage\":\"cs\",\"potentialAction\":[{\"@type\":\"ReadAction\",\"target\":[\"https:\/\/test.twoeco.sk\/cs\/chutna-voda\/\"]}]},{\"@type\":\"BreadcrumbList\",\"@id\":\"https:\/\/test.twoeco.sk\/cs\/chutna-voda\/#breadcrumb\",\"itemListElement\":[{\"@type\":\"ListItem\",\"position\":1,\"name\":\"Home\",\"item\":\"https:\/\/test.twoeco.sk\/cs\/\"},{\"@type\":\"ListItem\",\"position\":2,\"name\":\"Chutn\u00e1 voda\"}]},{\"@type\":\"WebSite\",\"@id\":\"https:\/\/test.twoeco.sk\/#website\",\"url\":\"https:\/\/test.twoeco.sk\/\",\"name\":\"Two Eco\",\"description\":\"Viac ako \u010dist\u00e1 voda\",\"publisher\":{\"@id\":\"https:\/\/test.twoeco.sk\/#organization\"},\"potentialAction\":[{\"@type\":\"SearchAction\",\"target\":{\"@type\":\"EntryPoint\",\"urlTemplate\":\"https:\/\/test.twoeco.sk\/?s={search_term_string}\"},\"query-input\":{\"@type\":\"PropertyValueSpecification\",\"valueRequired\":true,\"valueName\":\"search_term_string\"}}],\"inLanguage\":\"cs\"},{\"@type\":\"Organization\",\"@id\":\"https:\/\/test.twoeco.sk\/#organization\",\"name\":\"Two ECO, s.r.o.\",\"url\":\"https:\/\/test.twoeco.sk\/\",\"logo\":{\"@type\":\"ImageObject\",\"inLanguage\":\"cs\",\"@id\":\"https:\/\/test.twoeco.sk\/#\/schema\/logo\/image\/\",\"url\":\"https:\/\/test.twoeco.sk\/wp-content\/uploads\/2016\/05\/logo-two-eco-farba.png\",\"contentUrl\":\"https:\/\/test.twoeco.sk\/wp-content\/uploads\/2016\/05\/logo-two-eco-farba.png\",\"width\":318,\"height\":74,\"caption\":\"Two ECO, s.r.o.\"},\"image\":{\"@id\":\"https:\/\/test.twoeco.sk\/#\/schema\/logo\/image\/\"},\"sameAs\":[\"https:\/\/www.facebook.com\/Ionimax-1357153714295887\/\"]}]}<\/script>\n<!-- \/ Yoast SEO plugin. -->","yoast_head_json":{"title":"Chutn\u00e1 voda - Two Eco","robots":{"index":"index","follow":"follow","max-snippet":"max-snippet:-1","max-image-preview":"max-image-preview:large","max-video-preview":"max-video-preview:-1"},"canonical":"https:\/\/test.twoeco.sk\/cs\/chutna-voda\/","og_locale":"cs_CZ","og_type":"article","og_title":"Chutn\u00e1 voda - Two Eco","og_description":"[vc_row css=&#8220;.vc_custom_1489102263611{padding-top: 50px !important;}&#8220;][vc_column][vc_row_inner][vc_column_inner][lab_heading title=&#8220;Chutn\u00e1 voda&#8220; el_class=&#8220;title centered&#8220;]P\u0159\u00edmo z\u00a0va\u0161eho kohoutku s\u00a0m\u00edrn\u011b zv\u00fd\u0161enou z\u00e1saditost\u00ed, pro v\u00e1\u0161 pitn\u00fd re\u017eim[\/lab_heading][\/vc_column_inner][\/vc_row_inner][vc_row_inner][vc_column_inner width=&#8220;1\/2&#8243;][lab_heading title=&#8220;Chutn\u00e1 voda&#8220;][\/lab_heading][vc_column_text] Tou\u017e\u00edte po chuti pramenit\u00e9 vody?\u00a0 Sna\u017e\u00edte se dodr\u017eovat pitn\u00fd re\u017eim a to nejen v\u00a0l\u00e9t\u011b?\u00a0 Omezujete pou\u017e\u00edv\u00e1n\u00ed plastov\u00fdch lahv\u00ed?\u00a0 Chcete svoj\u00ed rodin\u011b dop\u0159\u00e1t zdravou v\u00fd\u017eivu?\u00a0 Zaj\u00edm\u00e1 v\u00e1s t\u00e9ma odkyselen\u00ed a z\u00e1saditosti v\u00a0organismu? O\u00a0chuti vody upraven\u00e9 p\u0159\u00edstrojem&hellip;","og_url":"https:\/\/test.twoeco.sk\/cs\/chutna-voda\/","og_site_name":"Two Eco","article_publisher":"https:\/\/www.facebook.com\/Ionimax-1357153714295887\/","article_modified_time":"2017-05-26T20:43:51+00:00","twitter_card":"summary_large_image","twitter_misc":{"Odhadovan\u00e1 doba \u010dten\u00ed":"3 minuty"},"schema":{"@context":"https:\/\/schema.org","@graph":[{"@type":"WebPage","@id":"https:\/\/test.twoeco.sk\/cs\/chutna-voda\/","url":"https:\/\/test.twoeco.sk\/cs\/chutna-voda\/","name":"Chutn\u00e1 voda - Two Eco","isPartOf":{"@id":"https:\/\/test.twoeco.sk\/#website"},"datePublished":"2017-03-10T08:03:36+00:00","dateModified":"2017-05-26T20:43:51+00:00","breadcrumb":{"@id":"https:\/\/test.twoeco.sk\/cs\/chutna-voda\/#breadcrumb"},"inLanguage":"cs","potentialAction":[{"@type":"ReadAction","target":["https:\/\/test.twoeco.sk\/cs\/chutna-voda\/"]}]},{"@type":"BreadcrumbList","@id":"https:\/\/test.twoeco.sk\/cs\/chutna-voda\/#breadcrumb","itemListElement":[{"@type":"ListItem","position":1,"name":"Home","item":"https:\/\/test.twoeco.sk\/cs\/"},{"@type":"ListItem","position":2,"name":"Chutn\u00e1 voda"}]},{"@type":"WebSite","@id":"https:\/\/test.twoeco.sk\/#website","url":"https:\/\/test.twoeco.sk\/","name":"Two Eco","description":"Viac ako \u010dist\u00e1 voda","publisher":{"@id":"https:\/\/test.twoeco.sk\/#organization"},"potentialAction":[{"@type":"SearchAction","target":{"@type":"EntryPoint","urlTemplate":"https:\/\/test.twoeco.sk\/?s={search_term_string}"},"query-input":{"@type":"PropertyValueSpecification","valueRequired":true,"valueName":"search_term_string"}}],"inLanguage":"cs"},{"@type":"Organization","@id":"https:\/\/test.twoeco.sk\/#organization","name":"Two ECO, s.r.o.","url":"https:\/\/test.twoeco.sk\/","logo":{"@type":"ImageObject","inLanguage":"cs","@id":"https:\/\/test.twoeco.sk\/#\/schema\/logo\/image\/","url":"https:\/\/test.twoeco.sk\/wp-content\/uploads\/2016\/05\/logo-two-eco-farba.png","contentUrl":"https:\/\/test.twoeco.sk\/wp-content\/uploads\/2016\/05\/logo-two-eco-farba.png","width":318,"height":74,"caption":"Two ECO, s.r.o."},"image":{"@id":"https:\/\/test.twoeco.sk\/#\/schema\/logo\/image\/"},"sameAs":["https:\/\/www.facebook.com\/Ionimax-1357153714295887\/"]}]}},"_links":{"self":[{"href":"https:\/\/test.twoeco.sk\/cs\/wp-json\/wp\/v2\/pages\/1574"}],"collection":[{"href":"https:\/\/test.twoeco.sk\/cs\/wp-json\/wp\/v2\/pages"}],"about":[{"href":"https:\/\/test.twoeco.sk\/cs\/wp-json\/wp\/v2\/types\/page"}],"author":[{"embeddable":true,"href":"https:\/\/test.twoeco.sk\/cs\/wp-json\/wp\/v2\/users\/3"}],"replies":[{"embeddable":true,"href":"https:\/\/test.twoeco.sk\/cs\/wp-json\/wp\/v2\/comments?post=1574"}],"version-history":[{"count":3,"href":"https:\/\/test.twoeco.sk\/cs\/wp-json\/wp\/v2\/pages\/1574\/revisions"}],"predecessor-version":[{"id":1584,"href":"https:\/\/test.twoeco.sk\/cs\/wp-json\/wp\/v2\/pages\/1574\/revisions\/1584"}],"wp:attachment":[{"href":"https:\/\/test.twoeco.sk\/cs\/wp-json\/wp\/v2\/media?parent=1574"}],"curies":[{"name":"wp","href":"https:\/\/api.w.org\/{rel}","templated":true}]}}